{"id":17391,"date":"2024-10-29T15:53:50","date_gmt":"2024-10-29T08:53:50","guid":{"rendered":"https:\/\/toyotathuanan.com.vn\/?post_type=product&#038;p=17391"},"modified":"2026-03-09T10:14:06","modified_gmt":"2026-03-09T03:14:06","slug":"corolla-cross-1-8hev","status":"publish","type":"product","link":"https:\/\/toyotathuanan.com.vn\/en\/san-pham\/corolla-cross-1-8hev\/","title":{"rendered":"COROLLA CROSS 1.8HEV"},"content":{"rendered":"<ul>\n<li><strong>\u00a0ch\u00f3ng<\/strong>, thu\u1eadn ti\u1ec7n.<\/li>\n<li>H\u1ed7 tr\u1ee3\u00a0<strong>mua xe tr\u1ea3 g\u00f3p<\/strong>\u00a0l\u00ean \u0111\u1ebfn\u00a0<strong>80% gi\u00e1 tr\u1ecb xe<\/strong>\u00a0c\u00f9ng m\u1ee9c\u00a0<strong>l\u00e3i su\u1ea5t c\u1ef1c k\u1ef3 \u01b0u \u0111\u00e3i<\/strong>.<\/li>\n<li><strong>L\u00e1i th\u1eed\u00a0xe Toyota<\/strong>\u00a0t\u1eadn nh\u00e0 ho\u00e0n to\u00e0n\u00a0<strong>mi\u1ec5n ph\u00ed<\/strong>.<\/li>\n<li><strong>H\u1ed7 tr\u1ee3<\/strong>\u00a0l\u00e0m th\u1ee7 t\u1ee5c\u00a0<strong>n\u1ed9p thu\u1ebf, \u0111\u0103ng k\u00fd v\u00e0 \u0111\u0103ng ki\u1ec3m<\/strong>.<\/li>\n<\/ul>\n<p><strong>Qu\u00fd kh\u00e1ch h\u00e3y li\u00ean h\u1ec7 ngay v\u1edbi \u0110\u1ea1i l\u00fd Toyota B\u00ecnh D\u01b0\u01a1ng \u0111\u1ec3 \u0111\u01b0\u1ee3c t\u01b0 v\u1ea5n m\u1ed9t c\u00e1ch t\u1eadn t\u00ecnh, chuy\u00ean nghi\u1ec7p nh\u1ea5t<\/strong><\/p>\n<h2><strong>Ms. Th\u01b0\u01a1ng \u2013035 529 3334<\/strong><\/h2>\n<h2><strong>B\u1ea2NG GI\u00c1 XE COROLLA CROSS 2024<\/strong><\/h2>\n<table class=\"table table-bordered table-striped\" border=\"1\" cellspacing=\"1\" cellpadding=\"1\">\n<tbody>\n<tr>\n<td><strong>Phi\u00ean b\u1ea3n<\/strong><\/td>\n<td><strong>Gi\u00e1 xe ni\u00eam y\u1ebft (\u0110\u00e3 bao g\u1ed3m VAT)<\/strong><\/td>\n<\/tr>\n<tr>\n<td>Corolla Cross 1.8V\u00a0<strong>tr\u1eafng ng\u1ecdc trai<\/strong><\/td>\n<td>828.000.000 VN\u0110<\/td>\n<\/tr>\n<tr>\n<td>Corolla Cross 1.8V c\u00e1c m\u00e0u kh\u00e1c<\/td>\n<td>820.000.000 VN\u0110<\/td>\n<\/tr>\n<tr>\n<td>Corolla Cross 1.8HEV\u00a0<strong>tr\u1eafng ng\u1ecdc trai<\/strong><\/td>\n<td>913.000.000 VN\u0110<\/td>\n<\/tr>\n<tr>\n<td>Corolla Cross 1.8HEV c\u00e1c m\u00e0u kh\u00e1c<\/td>\n<td>905.000.000 VN\u0110<\/td>\n<\/tr>\n<\/tbody>\n<\/table>\n<h2 data-auto-menu=\"bang-thong-so-ky-thuattoyota-corolla-cross\"><strong>Ba\u0309ng th\u00f4ng s\u00f4\u0301 ky\u0303 thu\u00e2\u0323t\u00a0Toyota Corolla Cross<\/strong><\/h2>\n<table border=\"2\">\n<tbody>\n<tr>\n<td><strong>Th\u00f4ng s\u1ed1 k\u1ef9 thu\u1eadt<\/strong><\/td>\n<td><\/td>\n<td><strong>Corolla Cross 1.8V<\/strong><\/td>\n<td><strong>Corolla Cross HV (Hybrid)<\/strong><\/td>\n<\/tr>\n<tr>\n<td>Ngu\u1ed3n g\u1ed1c<\/td>\n<td><\/td>\n<td>Nh\u1eadp kh\u1ea9u<\/td>\n<td>Nh\u1eadp kh\u1ea9u<\/td>\n<\/tr>\n<tr>\n<td>Ki\u1ec3u xe<\/td>\n<td><\/td>\n<td>Crossover<\/td>\n<td>Crossover<\/td>\n<\/tr>\n<tr>\n<td>S\u1ed1 ch\u1ed7 ng\u1ed3i<\/td>\n<td><\/td>\n<td>5 ch\u1ed7<\/td>\n<td>5 ch\u1ed7<\/td>\n<\/tr>\n<tr>\n<td>Kh\u1ed1i l\u01b0\u1ee3ng to\u00e0n t\u1ea3i (kg)<\/td>\n<td><\/td>\n<td>1815<\/td>\n<td>1815<\/td>\n<\/tr>\n<tr>\n<td>K\u00edch th\u01b0\u1edbc DRC (mm)<\/td>\n<td><\/td>\n<td>4460 x 1825 x 1620<\/td>\n<td>4460 x 1825 x 1620<\/td>\n<\/tr>\n<tr>\n<td>Chi\u1ec1u d\u00e0i c\u01a1 s\u1edf<\/td>\n<td><\/td>\n<td>2640m)<\/td>\n<td>2640 9mm)<\/td>\n<\/tr>\n<tr>\n<td>Kho\u1ea3ng s\u00e1ng g\u1ea7m (mm)<\/td>\n<td><\/td>\n<td>161<\/td>\n<td>161<\/td>\n<\/tr>\n<tr>\n<td>B\u00e1n k\u00ednh v\u00f2ng quay<\/td>\n<td><\/td>\n<td>5,2 (m)<\/td>\n<td>5,2 (m)<\/td>\n<\/tr>\n<tr>\n<td>\u0110\u1ed9ng c\u01a1<\/td>\n<td><\/td>\n<td>X\u0103ng, 2ZR-FBE, 1.8L, i4, DOHC<\/td>\n<td>X\u0103ng lai \u0111i\u1ec7n (hybrid)<\/td>\n<\/tr>\n<tr>\n<td>Dung t\u00edch<\/td>\n<td><\/td>\n<td>1798 (cc)<\/td>\n<td>1798 (cc)\/600V<\/td>\n<\/tr>\n<tr>\n<td>C\u00f4ng su\u1ea5t t\u1ed1i \u0111a<\/td>\n<td><\/td>\n<td>140Hp\/6000 v\u00f2ng\/ ph\u00fat<\/td>\n<td>98Ps+72Ps<\/td>\n<\/tr>\n<tr>\n<td>M\u00f4-men xo\u1eafn<\/td>\n<td><\/td>\n<td>172 Nm\/4000 v\u00f2ng\/ ph\u00fat<\/td>\n<td>142 Nm+163 Nm<\/td>\n<\/tr>\n<tr>\n<td>H\u1ed9p s\u1ed1<\/td>\n<td><\/td>\n<td>CVT<\/td>\n<td>eCVT<\/td>\n<\/tr>\n<tr>\n<td>D\u1eabn \u0111\u1ed9ng<\/td>\n<td><\/td>\n<td>FWD<\/td>\n<td>FWD<\/td>\n<\/tr>\n<tr>\n<td>Ti\u00eau chu\u1ea9n kh\u00ed th\u1ea3i<\/td>\n<td><\/td>\n<td>EURO 4<\/td>\n<td>EURO 4<\/td>\n<\/tr>\n<tr>\n<td>M\u00e2m xe<\/td>\n<td><\/td>\n<td>225\/50 R18<\/td>\n<td>225\/50 R18<\/td>\n<\/tr>\n<tr>\n<td>B\u00ecnh x\u0103ng<\/td>\n<td><\/td>\n<td>47 (l\u00edt)<\/td>\n<td>36 (l\u00edt)<\/td>\n<\/tr>\n<\/tbody>\n<\/table>\n<h2 class=\"text-title\">NGO\u1ea0I TH\u1ea4T<\/h2>\n<p>C\u00e1c t\u00ednh n\u0103ng c\u00f3 th\u1ec3 kh\u00e1c nhau gi\u1eefa c\u00e1c phi\u00ean b\u1ea3n<\/p>\n<div class=\"box-car-block\">\n<div class=\"box-car-percent-pc mr-2 box-car-full-s\">\n<p><img decoding=\"async\" class=\"lazy\" src=\"https:\/\/toyotathuanan.com.vn\/wp-content\/uploads\/2024\/10\/E24F740173FE128BBDB2B1A4332CF9C1.png\" alt=\"L\u01b0\u1edbi t\u1ea3n nhi\u1ec7t t\u1ed5 ong ho\u00e0n to\u00e0n m\u1edbi \" data-src=\"https:\/\/toyotathuanan.com.vn\/wp-content\/uploads\/2024\/10\/E24F740173FE128BBDB2B1A4332CF9C1.png\" \/><\/p>\n<div class=\"box-car-percent-text\">\n<h3 class=\"box-car-title\">L\u01b0\u1edbi t\u1ea3n nhi\u1ec7t t\u1ed5 ong ho\u00e0n to\u00e0n m\u1edbi<\/h3>\n<p>Mang \u0111\u01b0\u1eddng n\u00e9t c\u00e1 t\u00ednh t\u1ea1o n\u00ean v\u1ebb ngo\u00e0i \u0111\u1ea7y \u1ea5n t\u01b0\u1ee3ng.<\/p>\n<\/div>\n<\/div>\n<div class=\"box-car-percent-pc box-car-full-s\">\n<p><img decoding=\"async\" class=\"lazy\" src=\"https:\/\/toyotathuanan.com.vn\/wp-content\/uploads\/2024\/10\/D73647D37F049B7BFD1C491C97420F96.png\" alt=\"M\u00e2m xe 18 inch\" data-src=\"https:\/\/toyotathuanan.com.vn\/wp-content\/uploads\/2024\/10\/D73647D37F049B7BFD1C491C97420F96.png\" \/><\/p>\n<div class=\"box-car-percent-text\">\n<h3 class=\"box-car-title\">M\u00e2m xe 18 inch<\/h3>\n<p>M\u00e0u s\u1eafc \u0111en tr\u1eafng t\u01b0\u01a1ng ph\u1ea3n, g\u00f3p ph\u1ea7n t\u1ea1o n\u00ean di\u1ec7n m\u1ea1o v\u1eeba m\u1ea1nh m\u1ebd v\u1eeba sang tr\u1ecdng.<\/p>\n<\/div>\n<\/div>\n<\/div>\n<div class=\"box-car-block\">\n<div class=\"box-car-percent-pc mr-2 box-car-full-s\">\n<p><img decoding=\"async\" class=\"lazy\" src=\"https:\/\/toyotathuanan.com.vn\/wp-content\/uploads\/2024\/10\/215CE7106AB0E383883DC8612CEE328E.png\" alt=\"C\u1ee5m \u0111\u00e8n LED ki\u1ec3u m\u1edbi t\u00edch h\u1ee3p \u0111\u00e8n b\u00e1o r\u1ebd d\u1ea1ng d\u00f2ng ch\u1ea3y\" data-src=\"https:\/\/toyotathuanan.com.vn\/wp-content\/uploads\/2024\/10\/215CE7106AB0E383883DC8612CEE328E.png\" \/><\/p>\n<div class=\"box-car-percent-text\">\n<h3 class=\"box-car-title\">C\u1ee5m \u0111\u00e8n LED ki\u1ec3u m\u1edbi t\u00edch h\u1ee3p \u0111\u00e8n b\u00e1o r\u1ebd d\u1ea1ng d\u00f2ng ch\u1ea3y<\/h3>\n<p>T\u0103ng th\u00eam s\u1ef1 m\u1ea1nh m\u1ebd, \u0111\u01b0\u1eddng n\u00e9t th\u1ec3 thao cho ph\u1ea7n \u0111\u1ea7u xe.<\/p>\n<\/div>\n<\/div>\n<div class=\"box-car-percent-pc box-car-full-s\">\n<p><img decoding=\"async\" class=\"lazy\" src=\"https:\/\/toyotathuanan.com.vn\/wp-content\/uploads\/2024\/10\/CAC916BA03F218E13C0BC5AE6FBBC4A6.png\" alt=\"\u0110\u00e8n \u0111u\u00f4i xe thi\u1ebft k\u1ebf m\u1edbi \" data-src=\"https:\/\/toyotathuanan.com.vn\/wp-content\/uploads\/2024\/10\/CAC916BA03F218E13C0BC5AE6FBBC4A6.png\" \/><\/p>\n<div class=\"box-car-percent-text\">\n<h3 class=\"box-car-title\">\u0110\u00e8n \u0111u\u00f4i xe thi\u1ebft k\u1ebf m\u1edbi<\/h3>\n<p>T\u1ea1o \u0111i\u1ec3m nh\u1ea5n \u1ea5n t\u01b0\u1ee3ng cho ph\u1ea7n \u0111u\u00f4i xe.<\/p>\n<\/div>\n<\/div>\n<\/div>\n<div class=\"box-car-block\">\n<div class=\"box-car-percent-pc mr-2 box-car-full-s\">\n<p><img decoding=\"async\" class=\"lazy\" src=\"https:\/\/toyotathuanan.com.vn\/wp-content\/uploads\/2024\/10\/9215506625EC5FC5DD4ADF9174DEA224.png\" alt=\"K\u00ednh tr\u1ea7n to\u00e0n c\u1ea3nh \" data-src=\"https:\/\/toyotathuanan.com.vn\/wp-content\/uploads\/2024\/10\/9215506625EC5FC5DD4ADF9174DEA224.png\" \/><\/p>\n<div class=\"box-car-percent-text\">\n<h3 class=\"box-car-title\">K\u00ednh tr\u1ea7n to\u00e0n c\u1ea3nh<\/h3>\n<p>R\u00e8m \u0111i\u1ec1u khi\u1ec3n \u0111\u00f3ng\/m\u1edf, gi\u00fap kh\u00f4ng gian tr\u1edf n\u00ean tho\u00e1ng \u0111\u00e3ng, t\u0103ng t\u00ednh th\u1ea9m m\u1ef9 cho xe.<\/p>\n<\/div>\n<\/div>\n<div class=\"box-car-percent-pc box-car-full-s\">\n<p><img decoding=\"async\" class=\"lazy\" src=\"https:\/\/toyotathuanan.com.vn\/wp-content\/uploads\/2024\/10\/4554AFDE18255162F8148FF73E006D61.jpg\" alt=\"C\u1ed1p \u0111i\u1ec7n \u0111\u00f3ng\/ m\u1edf r\u1ea3nh tay\" data-src=\"https:\/\/toyotathuanan.com.vn\/wp-content\/uploads\/2024\/10\/4554AFDE18255162F8148FF73E006D61.jpg\" \/><\/p>\n<div class=\"box-car-percent-text\">\n<h3 class=\"box-car-title\">C\u1ed1p \u0111i\u1ec7n \u0111\u00f3ng\/ m\u1edf r\u1ea3nh tay<\/h3>\n<p>Thao t\u00e1c \u0111\u00f3ng v\u00e0 m\u1edf c\u1ed1p tr\u1edf n\u00ean d\u1ec5 d\u00e0ng v\u00e0 ti\u1ec7n l\u1ee3i v\u1edbi t\u00ednh n\u0103ng M\u1edf c\u1ed1p r\u1ea3nh tay nh\u1edd c\u1ea3m bi\u1ebfn \u1edf \u0111u\u00f4i xe.<\/p>\n<\/div>\n<div>\n<h2 class=\"text-title\">N\u1ed8I TH\u1ea4T<\/h2>\n<p>C\u00e1c t\u00ednh n\u0103ng c\u00f3 th\u1ec3 kh\u00e1c nhau gi\u1eefa c\u00e1c phi\u00ean b\u1ea3n<\/p>\n<div class=\"box-car-inline box-car-full-s\">\n<p><img decoding=\"async\" class=\"lazy\" src=\"https:\/\/toyotathuanan.com.vn\/wp-content\/uploads\/2024\/10\/210A62CB9E42948783D4DE90D95CE8CA.png\" alt=\"Khoang ch\u1ee9a \u0111\u1ed3 r\u1ed9ng r\u00e3i, linh ho\u1ea1t \" \/><\/p>\n<div class=\"box-car-inline-text\">\n<p class=\"box-car-title\">Khoang ch\u1ee9a \u0111\u1ed3 r\u1ed9ng r\u00e3i, linh ho\u1ea1t<\/p>\n<p>Khoang h\u00e0nh l\u00fd v\u1edbi dung t\u00edch 440l c\u00f9ng h\u00e0ng gh\u1ebf sau t\u00f9y ch\u1ec9nh \u0111\u1ed9 g\u1eadp 60:40 cho ph\u00e9p b\u1ea1n t\u1eadn d\u1ee5ng t\u1ed1i \u0111a kh\u00f4ng gian.<\/p>\n<\/div>\n<\/div>\n<div class=\"box-car-block\">\n<div class=\"box-car-percent-pc mr-2 box-car-full-s\">\n<p><img decoding=\"async\" class=\"lazy\" src=\"https:\/\/toyotathuanan.com.vn\/wp-content\/uploads\/2024\/10\/2ECAFB98D8791E36A5EE2A5B0B6EAF4E.png\" alt=\"Gh\u1ebf b\u1ecdc da\" \/><\/p>\n<div class=\"box-car-percent-text\">\n<p class=\"box-car-title\">Gh\u1ebf b\u1ecdc da<\/p>\n<p>Ch\u1ea5t li\u1ec7u gh\u1ebf da cao c\u1ea5p t\u00f4n l\u00ean s\u1ef1 sang tr\u1ecdng cho t\u1ed5ng th\u1ec3 n\u1ed9i th\u1ea5t xe.<\/p>\n<\/div>\n<\/div>\n<div class=\"box-car-percent-pc box-car-full-s\">\n<p><img decoding=\"async\" class=\"lazy\" src=\"https:\/\/toyotathuanan.com.vn\/wp-content\/uploads\/2024\/10\/7054000DB27AE53A9F582470A6AEB19B.png\" alt=\"https:\/\/toyotathuanan.com.vn\/wp-content\/uploads\/2024\/10\/7054000DB27AE53A9F582470A6AEB19B.png\" \/><\/p>\n<div class=\"box-car-percent-text\">\n<p class=\"box-car-title\">Phanh tay \u0111i\u1ec7n t\u1eed<\/p>\n<p>H\u1ec7 th\u1ed1ng phanh tay \u0111i\u1ec7n t\u1eed v\u00e0 t\u1ef1 \u0111\u1ed9ng gi\u1eef phanh \u0111\u1eb7t \u1edf v\u1ecb tr\u00ed thu\u1eadn l\u1ee3i cho ng\u01b0\u1eddi l\u00e1i, \u0111\u1ea3m b\u1ea3o an to\u00e0n khi d\u1eebng \u0111\u1ed7 xe<\/p>\n<\/div>\n<\/div>\n<\/div>\n<\/div>\n<\/div>\n<\/div>\n<p><strong>\u0110\u00e1nh gi\u00e1 xe Toyota Cross\u00a0 v\u1ec1 trang b\u1ecb an to\u00e0n<\/strong><\/p>\n<p>C\u00e1c t\u00ednh n\u0103ng an to\u00e0n tr\u00ean\u00a0<strong>Toyota Corolla Cross<\/strong>\u00a0c\u00f3 th\u1ec3 gi\u00fap kh\u00e1ch h\u00e0ng y\u00ean t\u00e2m trong m\u1ed7i chuy\u1ebfn h\u00e0nh tr\u00ecnh c\u1ee7a m\u00ecnh. C\u1ee5 th\u1ec3 c\u00e1c t\u00ednh n\u0103ng n\u00e0y bao g\u1ed3m:<\/p>\n<ul>\n<li>\n<ul>\n<li>T\u00fai kh\u00ed: 7 chi\u1ebfc<\/li>\n<li>T\u00ednh n\u0103ng ki\u1ec3m so\u00e1t h\u00e0nh tr\u00ecnh ch\u1ee7 \u0111\u1ed9ng;<\/li>\n<li>C\u1ea3nh b\u00e1o va ch\u1ea1m ph\u00eda tr\u01b0\u1edbc;<\/li>\n<li>B\u1eadt\/ t\u1eaft \u0111\u00e8n pha t\u1ef1 \u0111\u1ed9ng;<\/li>\n<li>H\u1ed7 tr\u1ee3 l\u1ec7ch l\u00e0n \u0111\u01b0\u1eddng;<\/li>\n<li>H\u1ec7 th\u1ed1ng ch\u1ed1ng b\u00f3 c\u1ee9ng phanh ABS; BA<\/li>\n<li>H\u1ec7 th\u1ed1ng h\u1ed7 tr\u1ee3 kh\u1edfi h\u00e0nh ngang d\u1ed1c;<\/li>\n<li>\u0110\u00e8n b\u00e1o phanh kh\u1ea9n c\u1ea5p;<\/li>\n<li>C\u1ea3m bi\u1ebfn h\u1ed7 tr\u1ee3 \u0111\u1ed7 xe tr\u01b0\u1edbc\/ sau;<\/li>\n<li>C\u1ea3nh b\u00e1o ph\u01b0\u01a1ng ti\u1ec7n c\u1eaft ngang;<\/li>\n<li>C\u1ea3nh b\u00e1o \u0111i\u1ec3m m\u00f9;<\/li>\n<li>H\u1ec7 th\u1ed1ng ki\u1ec3m so\u00e1t l\u1ef1c k\u00e9o;<\/li>\n<\/ul>\n<\/li>\n<\/ul>","protected":false},"excerpt":{"rendered":"<p>\u2022 S\u1ed1 ch\u1ed7 ng\u1ed3i : 5 ch\u1ed7<br \/>\n\u2022 Ki\u1ec3u d\u00e1ng : SUV<br \/>\n\u2022 Nhi\u00ean li\u1ec7u : X\u0103ng<br \/>\n\u2022 Xu\u1ea5t x\u1ee9 : Xe nh\u1eadp kh\u1ea9u<br \/>\n\u2022 Th\u00f4ng tin kh\u00e1c:<br \/>\n+ S\u1ed1 t\u1ef1 \u0111\u1ed9ng CVT<\/p>","protected":false},"featured_media":17392,"comment_status":"open","ping_status":"closed","template":"","meta":[],"product_cat":[433],"product_tag":[400,343,380,347],"class_list":{"0":"post-17391","1":"product","2":"type-product","3":"status-publish","4":"has-post-thumbnail","6":"product_cat-toyota-corolla","7":"product_tag-binh-duong-toyota","8":"product_tag-gia-xe-lan-banh-toyota","9":"product_tag-gia-xe-toyota-binh-duong","10":"product_tag-toyota-thuan-an","12":"first","13":"instock","14":"shipping-taxable","15":"purchasable","16":"product-type-simple"},"_links":{"self":[{"href":"https:\/\/toyotathuanan.com.vn\/en\/wp-json\/wp\/v2\/product\/17391","targetHints":{"allow":["GET"]}}],"collection":[{"href":"https:\/\/toyotathuanan.com.vn\/en\/wp-json\/wp\/v2\/product"}],"about":[{"href":"https:\/\/toyotathuanan.com.vn\/en\/wp-json\/wp\/v2\/types\/product"}],"replies":[{"embeddable":true,"href":"https:\/\/toyotathuanan.com.vn\/en\/wp-json\/wp\/v2\/comments?post=17391"}],"version-history":[{"count":2,"href":"https:\/\/toyotathuanan.com.vn\/en\/wp-json\/wp\/v2\/product\/17391\/revisions"}],"predecessor-version":[{"id":17400,"href":"https:\/\/toyotathuanan.com.vn\/en\/wp-json\/wp\/v2\/product\/17391\/revisions\/17400"}],"wp:featuredmedia":[{"embeddable":true,"href":"https:\/\/toyotathuanan.com.vn\/en\/wp-json\/wp\/v2\/media\/17392"}],"wp:attachment":[{"href":"https:\/\/toyotathuanan.com.vn\/en\/wp-json\/wp\/v2\/media?parent=17391"}],"wp:term":[{"taxonomy":"product_cat","embeddable":true,"href":"https:\/\/toyotathuanan.com.vn\/en\/wp-json\/wp\/v2\/product_cat?post=17391"},{"taxonomy":"product_tag","embeddable":true,"href":"https:\/\/toyotathuanan.com.vn\/en\/wp-json\/wp\/v2\/product_tag?post=17391"}],"curies":[{"name":"wp","href":"https:\/\/api.w.org\/{rel}","templated":true}]}}