{"id":17323,"date":"2024-10-29T15:41:19","date_gmt":"2024-10-29T08:41:19","guid":{"rendered":"https:\/\/toyotathuanan.com.vn\/?post_type=product&#038;p=17323"},"modified":"2024-10-29T15:41:25","modified_gmt":"2024-10-29T08:41:25","slug":"toyota-fortuner-legender-2-8at-4x4","status":"publish","type":"product","link":"https:\/\/toyotathuanan.com.vn\/en\/san-pham\/toyota-fortuner-legender-2-8at-4x4\/","title":{"rendered":"TOYOTA FORTUNER LEGENDER 2.8AT 4X4"},"content":{"rendered":"<h2 id=\"review1\">1. T\u1ed4NG QUAN &amp; \u01af\u1edaC T\u00cdNH GI\u00c1<\/h2>\n<p>&nbsp;<\/p>\n<p>&nbsp;<\/p>\n<p><img fetchpriority=\"high\" decoding=\"async\" class=\"alignnone size-medium wp-image-1107\" src=\"https:\/\/toyotathuanan.com.vn\/wp-content\/uploads\/2024\/10\/Fotuner-Legender-4-300x184.jpg\" sizes=\"(max-width: 300px) 100vw, 300px\" srcset=\"https:\/\/toyotathuanan.com.vn\/wp-content\/uploads\/2024\/10\/Fotuner-Legender-4-300x184.jpg 300w, https:\/\/toyotathuanan.com.vn\/wp-content\/uploads\/2024\/10\/Fotuner-Legender-4-1024x628.jpg 1024w, https:\/\/toyotathuanan.com.vn\/wp-content\/uploads\/2024\/10\/1_Fotuner-Legender-4-768x471.jpg 768w, https:\/\/toyotathuanan.com.vn\/wp-content\/uploads\/2024\/10\/Fotuner-Legender-4-600x368.jpg 600w, https:\/\/toyotathuanan.com.vn\/wp-content\/uploads\/2024\/10\/Fotuner-Legender-4.jpg 1276w\" alt=\"\" width=\"300\" height=\"184\" \/>\u00a0<img decoding=\"async\" class=\"alignnone size-medium wp-image-1108\" src=\"https:\/\/toyotathuanan.com.vn\/wp-content\/uploads\/2024\/10\/Fotuner-Legender-5-300x200.jpg\" sizes=\"(max-width: 300px) 100vw, 300px\" srcset=\"https:\/\/toyotathuanan.com.vn\/wp-content\/uploads\/2024\/10\/Fotuner-Legender-5-300x200.jpg 300w, https:\/\/toyotathuanan.com.vn\/wp-content\/uploads\/2024\/10\/Fotuner-Legender-5-1024x684.jpg 1024w, https:\/\/toyotathuanan.com.vn\/wp-content\/uploads\/2024\/10\/1_Fotuner-Legender-5-768x513.jpg 768w, https:\/\/toyotathuanan.com.vn\/wp-content\/uploads\/2024\/10\/Fotuner-Legender-5-600x401.jpg 600w, https:\/\/toyotathuanan.com.vn\/wp-content\/uploads\/2024\/10\/Fotuner-Legender-5.jpg 1279w\" alt=\"\" width=\"300\" height=\"200\" \/><img decoding=\"async\" class=\"alignnone size-medium wp-image-1109\" src=\"https:\/\/toyotathuanan.com.vn\/wp-content\/uploads\/2024\/10\/Fotuner-Legender-6-300x200.jpg\" sizes=\"(max-width: 300px) 100vw, 300px\" srcset=\"https:\/\/toyotathuanan.com.vn\/wp-content\/uploads\/2024\/10\/Fotuner-Legender-6-300x200.jpg 300w, https:\/\/toyotathuanan.com.vn\/wp-content\/uploads\/2024\/10\/Fotuner-Legender-6-1024x684.jpg 1024w, https:\/\/toyotathuanan.com.vn\/wp-content\/uploads\/2024\/10\/1_Fotuner-Legender-6-768x513.jpg 768w, https:\/\/toyotathuanan.com.vn\/wp-content\/uploads\/2024\/10\/Fotuner-Legender-6-600x401.jpg 600w, https:\/\/toyotathuanan.com.vn\/wp-content\/uploads\/2024\/10\/Fotuner-Legender-6.jpg 1279w\" alt=\"\" width=\"300\" height=\"200\" \/>\u00a0<img loading=\"lazy\" decoding=\"async\" class=\"alignnone size-medium wp-image-1110\" src=\"https:\/\/toyotathuanan.com.vn\/wp-content\/uploads\/2024\/10\/Fotuner-Legender-7-300x200.jpg\" sizes=\"(max-width: 300px) 100vw, 300px\" srcset=\"https:\/\/toyotathuanan.com.vn\/wp-content\/uploads\/2024\/10\/Fotuner-Legender-7-300x200.jpg 300w, https:\/\/toyotathuanan.com.vn\/wp-content\/uploads\/2024\/10\/Fotuner-Legender-7-1024x684.jpg 1024w, https:\/\/toyotathuanan.com.vn\/wp-content\/uploads\/2024\/10\/1_Fotuner-Legender-7-768x513.jpg 768w, https:\/\/toyotathuanan.com.vn\/wp-content\/uploads\/2024\/10\/Fotuner-Legender-7-600x401.jpg 600w, https:\/\/toyotathuanan.com.vn\/wp-content\/uploads\/2024\/10\/Fotuner-Legender-7.jpg 1279w\" alt=\"\" width=\"300\" height=\"200\" \/>\u00a0<img loading=\"lazy\" decoding=\"async\" class=\"alignnone size-medium wp-image-1111\" src=\"https:\/\/toyotathuanan.com.vn\/wp-content\/uploads\/2024\/10\/Fotuner-Legender-8-300x200.jpg\" sizes=\"(max-width: 300px) 100vw, 300px\" srcset=\"https:\/\/toyotathuanan.com.vn\/wp-content\/uploads\/2024\/10\/Fotuner-Legender-8-300x200.jpg 300w, https:\/\/toyotathuanan.com.vn\/wp-content\/uploads\/2024\/10\/1_Fotuner-Legender-8-768x512.jpg 768w, https:\/\/toyotathuanan.com.vn\/wp-content\/uploads\/2024\/10\/Fotuner-Legender-8-600x400.jpg 600w, https:\/\/toyotathuanan.com.vn\/wp-content\/uploads\/2024\/10\/Fotuner-Legender-8.jpg 1024w\" alt=\"\" width=\"300\" height=\"200\" \/>\u00a0<img loading=\"lazy\" decoding=\"async\" class=\"alignnone size-medium wp-image-1112\" src=\"https:\/\/toyotathuanan.com.vn\/wp-content\/uploads\/2024\/10\/Fotuner-Legender-9-300x169.jpg\" sizes=\"(max-width: 300px) 100vw, 300px\" srcset=\"https:\/\/toyotathuanan.com.vn\/wp-content\/uploads\/2024\/10\/Fotuner-Legender-9-300x169.jpg 300w, https:\/\/toyotathuanan.com.vn\/wp-content\/uploads\/2024\/10\/Fotuner-Legender-9-1024x576.jpg 1024w, https:\/\/toyotathuanan.com.vn\/wp-content\/uploads\/2024\/10\/1_Fotuner-Legender-9-768x432.jpg 768w, https:\/\/toyotathuanan.com.vn\/wp-content\/uploads\/2024\/10\/Fotuner-Legender-9-600x338.jpg 600w, https:\/\/toyotathuanan.com.vn\/wp-content\/uploads\/2024\/10\/Fotuner-Legender-9.jpg 1280w\" alt=\"\" width=\"300\" height=\"169\" \/>\u00a0<img loading=\"lazy\" decoding=\"async\" class=\"alignnone size-medium wp-image-1113\" src=\"https:\/\/toyotathuanan.com.vn\/wp-content\/uploads\/2024\/10\/Fotuner-Legender-10-300x200.jpg\" sizes=\"(max-width: 300px) 100vw, 300px\" srcset=\"https:\/\/toyotathuanan.com.vn\/wp-content\/uploads\/2024\/10\/Fotuner-Legender-10-300x200.jpg 300w, https:\/\/toyotathuanan.com.vn\/wp-content\/uploads\/2024\/10\/1_Fotuner-Legender-10-768x512.jpg 768w, https:\/\/toyotathuanan.com.vn\/wp-content\/uploads\/2024\/10\/Fotuner-Legender-10-600x400.jpg 600w, https:\/\/toyotathuanan.com.vn\/wp-content\/uploads\/2024\/10\/Fotuner-Legender-10.jpg 1024w\" alt=\"\" width=\"300\" height=\"200\" \/>\u00a0<img loading=\"lazy\" decoding=\"async\" class=\"alignnone size-medium wp-image-1114\" src=\"https:\/\/toyotathuanan.com.vn\/wp-content\/uploads\/2024\/10\/Fotuner-Legender-11-300x200.jpg\" sizes=\"(max-width: 300px) 100vw, 300px\" srcset=\"https:\/\/toyotathuanan.com.vn\/wp-content\/uploads\/2024\/10\/Fotuner-Legender-11-300x200.jpg 300w, https:\/\/toyotathuanan.com.vn\/wp-content\/uploads\/2024\/10\/1_Fotuner-Legender-11-768x512.jpg 768w, https:\/\/toyotathuanan.com.vn\/wp-content\/uploads\/2024\/10\/Fotuner-Legender-11-600x400.jpg 600w, https:\/\/toyotathuanan.com.vn\/wp-content\/uploads\/2024\/10\/Fotuner-Legender-11.jpg 1024w\" alt=\"\" width=\"300\" height=\"200\" \/><\/p>\n<p class=\"\">Toyota Fortuner Legender\u00a02022 l\u00e0 b\u1ea3n n\u00e2ng c\u1ea5p \u0111\u01b0\u1ee3c ra m\u1eaft kh\u00e1ch h\u00e0ng Vi\u1ec7t v\u00e0o h\u1ed3i th\u00e1ng 9\/2020. S\u1ef1 ra \u0111\u1eddi c\u1ee7a b\u1ea3n n\u00e2ng c\u1ea5p th\u1ec3 hi\u1ec7n cho n\u1ed7 l\u1ef1c k\u00e9o d\u00e0i, tri\u1ec1u \u0111\u1ea1i th\u1ed1ng tr\u1ecb ph\u00e2n kh\u00fac\u00a0SUV 7 ch\u1ed7<\/p>\n<p>B\u1ea3n n\u00e2ng c\u1ea5p, ch\u01b0a th\u1ef1c s\u1ef1 \u1ea5n t\u01b0\u1ee3ng v\u00e0 \u0111\u1ee7 s\u1ee9c m\u1ea1nh \u0111\u1ec3 t\u1ea1o b\u1ee9t ph\u00e1 v\u1ec1 m\u1eb7t doanh s\u1ed1. T\u00ednh t\u1eeb \u0111\u1ea7u n\u0103m 2021, m\u1eabu SUV \u0111\u1ebfn t\u1eeb Nh\u1eadt li\u00ean t\u1ee5c v\u01b0\u1ee3t m\u1eb7t \u0111\u1ed1i th\u1ee7 \u0111\u1ebfn t\u1eeb M\u1ef9 l\u00e0 Ford Everest.<\/p>\n<p>Fortuner 2022 hi\u1ec7n \u0111\u01b0\u1ee3c\u00a0Toyota Vi\u1ec7t Nam\u00a0l\u1eafp r\u00e1p trong n\u01b0\u1edbc v\u1edbi 5 phi\u00ean b\u1ea3n v\u00e0 nh\u1eadp kh\u1ea9u nguy\u00ean chi\u1ebfc t\u1eeb Indonesia 2 phi\u00ean b\u1ea3n m\u00e1y x\u0103ng. C\u00e1c phi\u00ean b\u1ea3n v\u00e0 gi\u00e1 b\u00e1n c\u1ee5 th\u1ec3 c\u00f9ng c\u00e1c \u01b0u \u0111\u00e3i nh\u01b0 sau:<\/p>\n<p>&nbsp;<\/p>\n<h2 id=\"review2\">2. NGO\u1ea0I TH\u1ea4T<\/h2>\n<p class=\"\">Sau nhi\u1ec1u n\u0103m trung th\u00e0nh v\u1edbi thi\u1ebft k\u1ebf c\u0169 \u0111\u01b0\u1ee3c gi\u1edbi thi\u1ec7u tr\u00ean th\u1ebf h\u1ec7 th\u1ee9 2 t\u1eeb n\u0103m 2016, Toyota Fortuner 2022 v\u1edbi m\u1ed9t di\u1ec7n m\u1ea1o tinh t\u1ebf, sang tr\u1ecdng v\u00e0 \u201cm\u00e3nh l\u1ef1c h\u00e0o hoa\u201d h\u01a1n.<\/p>\n<p>Fortuner Legender 2022 l\u00e0 m\u1ed9t chi\u1ebfc SUV c\u00f3 s\u1ef1 h\u00e0i h\u00f2a v\u00e0 th\u1ef1c d\u1ee5ng trong thi\u1ebft k\u1ebf.\u00a0 \u0110i\u1ec1u n\u00e0y th\u1ec3 hi\u1ec7n r\u00f5 r\u1ec7t qua c\u00e1c chi ti\u1ebft nh\u01b0 vi\u1ec1n l\u01b0\u1edbi t\u1ea3n nhi\u1ec7t s\u01a1n \u0111en, c\u1ee5m \u0111\u00e8n pha, c\u1ea3n tr\u01b0\u1edbc hay \u0111\u00e8n h\u1eadu tr\u00ean b\u1ea3n Legender.<\/p>\n<p>Ph\u1ea7n c\u1ea3n tr\u01b0\u1edbc c\u1ee7a Fortuner Legender 2022 \u0111\u01b0\u1ee3c thi\u1ebft k\u1ebf \u0111\u1ea9y cao l\u00ean tr\u00ean, chi\u1ebfm m\u1ed9t ph\u1ea7n l\u01b0\u1edbi t\u1ea3n nhi\u1ec7t v\u00e0 c\u00f3 \u1ed1p m\u00e0u b\u1ea1c. H\u1ed1c h\u00fat gi\u00f3 c\u0169ng \u0111\u01b0\u1ee3c thu nh\u1ecf l\u1ea1i v\u00e0 t\u00edch h\u1ee3p \u0111\u00e8n s\u01b0\u01a1ng m\u00f9 d\u1ea1ng bi-led.<\/p>\n<p>C\u1ee5m \u0111\u00e8n k\u1ebft h\u1ee3p: M\u1ed9t b\u00ean l\u00e0 c\u1ee5m \u0111\u00e8n 4 Bi-led ph\u1ea7n c\u00f2n l\u1ea1i l\u00e0 1 Bi-led<\/p>\n<p>Ph\u1ea7n c\u1ea3n b\u00ean d\u01b0\u1edbi c\u0169ng \u0111\u01b0\u1ee3c thi\u1ebft k\u1ebf l\u1ea1i tr\u00ean Fortuner Legender 2022. \u1ede phi\u00ean b\u1ea3n Legender thi\u1ebft k\u1ebf \u0111\u00e8n s\u01b0\u01a1ng m\u00f9 nh\u1ecf, nh\u00ecn ch\u01b0a c\u00e2n \u0111\u1ed1i l\u1eafm.<\/p>\n<p>TOYOTA FORTUNER LEGENDER 2.8AT 4X4<\/p>","protected":false},"excerpt":{"rendered":"<p class=\"txt_dt_2 animated fadeInUpShort go\">\u2022 S\u1ed1 ch\u1ed7 ng\u1ed3i : 7 ch\u1ed7<br \/>\n\u2022 Ki\u1ec3u d\u00e1ng : SUV<br \/>\n\u2022 Nhi\u00ean li\u1ec7u : Diesel<br \/>\n\u2022 H\u1ec7 d\u1eabn \u0111\u1ed9ng : C\u1ea7u sau (4\u00d72)<br \/>\n\u2022 Xu\u1ea5t x\u1ee9 : Xe l\u1eafp r\u00e1p trong n\u01b0\u1edbc<br \/>\n\u2022 Th\u00f4ng tin kh\u00e1c:<br \/>\n+ S\u1ed1 tay 6 c\u1ea5p<br \/>\n+ \u0110\u1ed9ng c\u01a1 Diesel dung t\u00edch 2.396 cm3<\/p>\n<div dir=\"auto\"><span class=\"emoji-sizer emoji-outer\">\u26a1<\/span><span class=\"text\">\u00a0H\u1ed7 tr\u1ee3 to\u00e0n b\u1ed9 th\u1ee7 t\u1ee5c n\u1ed9p thu\u1ebf, \u0111\u0103ng k\u00fd, \u0111\u0103ng ki\u1ec3m.<\/span><\/div>\n<div dir=\"auto\"><span class=\"emoji-sizer emoji-outer\">\u26a1<\/span><span class=\"text\">\u00a0H\u1ed7 tr\u1ee3 th\u1ee7 t\u1ee5c tr\u1ea3 g\u00f3p \u0111\u01a1n gi\u1ea3n, nhanh g\u1ecdn.<\/span><\/div>","protected":false},"featured_media":17324,"comment_status":"open","ping_status":"closed","template":"","meta":[],"product_cat":[316],"product_tag":[400,434,435,388,436,437,347,438],"class_list":{"0":"post-17323","1":"product","2":"type-product","3":"status-publish","4":"has-post-thumbnail","6":"product_cat-toyota-fortuner","7":"product_tag-binh-duong-toyota","8":"product_tag-gia-xe-fortuer-2-4at","9":"product_tag-gia-xe-fortuner-lan-banh-binh-duong","10":"product_tag-gia-xe-lan-banh-fortuner","11":"product_tag-legender-lan-banh-binh-duong","12":"product_tag-toyota-fortuner","13":"product_tag-toyota-thuan-an","14":"product_tag-xe-7-cho-binh-duong","16":"first","17":"instock","18":"shipping-taxable","19":"purchasable","20":"product-type-simple"},"_links":{"self":[{"href":"https:\/\/toyotathuanan.com.vn\/en\/wp-json\/wp\/v2\/product\/17323","targetHints":{"allow":["GET"]}}],"collection":[{"href":"https:\/\/toyotathuanan.com.vn\/en\/wp-json\/wp\/v2\/product"}],"about":[{"href":"https:\/\/toyotathuanan.com.vn\/en\/wp-json\/wp\/v2\/types\/product"}],"replies":[{"embeddable":true,"href":"https:\/\/toyotathuanan.com.vn\/en\/wp-json\/wp\/v2\/comments?post=17323"}],"version-history":[{"count":3,"href":"https:\/\/toyotathuanan.com.vn\/en\/wp-json\/wp\/v2\/product\/17323\/revisions"}],"predecessor-version":[{"id":17376,"href":"https:\/\/toyotathuanan.com.vn\/en\/wp-json\/wp\/v2\/product\/17323\/revisions\/17376"}],"wp:featuredmedia":[{"embeddable":true,"href":"https:\/\/toyotathuanan.com.vn\/en\/wp-json\/wp\/v2\/media\/17324"}],"wp:attachment":[{"href":"https:\/\/toyotathuanan.com.vn\/en\/wp-json\/wp\/v2\/media?parent=17323"}],"wp:term":[{"taxonomy":"product_cat","embeddable":true,"href":"https:\/\/toyotathuanan.com.vn\/en\/wp-json\/wp\/v2\/product_cat?post=17323"},{"taxonomy":"product_tag","embeddable":true,"href":"https:\/\/toyotathuanan.com.vn\/en\/wp-json\/wp\/v2\/product_tag?post=17323"}],"curies":[{"name":"wp","href":"https:\/\/api.w.org\/{rel}","templated":true}]}}