{"id":17216,"date":"2024-10-29T15:25:03","date_gmt":"2024-10-29T08:25:03","guid":{"rendered":"https:\/\/toyotathuanan.com.vn\/?post_type=product&#038;p=17216"},"modified":"2025-05-08T08:48:32","modified_gmt":"2025-05-08T01:48:32","slug":"veloz-cross-2024","status":"publish","type":"product","link":"https:\/\/toyotathuanan.com.vn\/en\/san-pham\/veloz-cross-2024\/","title":{"rendered":"VELOZ CROSS"},"content":{"rendered":"<h2><strong><img decoding=\"async\" class=\"img-responsive img-fluid\" src=\"https:\/\/toyotathuanan.com.vn\/wp-content\/uploads\/2024\/10\/veloz-cross-2022.jpg\" alt=\"\" width=\"76\" height=\"37\" \/> Khuy\u1ebfn M\u00e3i M\u1edbi T5 2025<\/strong><\/h2>\n<p><strong>Toyota B\u00ecnh D\u01b0\u01a1ng<\/strong>\u00a0h\u00e2n h\u1ea1nh mang \u0111\u1ebfn ch\u01b0\u01a1ng tr\u00ecnh khuy\u1ebfn m\u00e3i\u00a0<strong>T5\/2025<\/strong>\u00a0v\u1edbi h\u00e0ng lo\u1ea1t \u01b0u \u0111\u00e3i v\u00f4 c\u00f9ng h\u1ea5p d\u1eabn, c\u1ee5 th\u1ec3 nh\u01b0 sau:<\/p>\n<ul>\n<li><strong>Gi\u00e1 ch\u00ednh h\u00e3ng<\/strong>\u00a0t\u1ed1t nh\u1ea5t.<\/li>\n<li>Xe lu\u00f4n s\u1eb5n s\u00e0ng \u0111\u1ec3\u00a0<strong>giao ngay<\/strong>\u00a0cho kh\u00e1ch h\u00e0ng,\u00a0<strong>\u0111\u1ea7y \u0111\u1ee7 m\u00e0u<\/strong>.<\/li>\n<li>H\u1ed7 tr\u1ee3\u00a0<strong>l\u00e0m th\u1ee7 t\u1ee5c<\/strong>, h\u1ed3 s\u01a1 \u0111\u0103ng ki\u1ec3m\u00a0<strong>nhanh ch\u00f3ng<\/strong>, thu\u1eadn ti\u1ec7n.<\/li>\n<li>H\u1ed7 tr\u1ee3\u00a0<strong>mua xe tr\u1ea3 g\u00f3p<\/strong>\u00a0l\u00ean \u0111\u1ebfn\u00a0<strong>80% gi\u00e1 tr\u1ecb xe<\/strong>\u00a0c\u00f9ng m\u1ee9c\u00a0<strong>l\u00e3i su\u1ea5t c\u1ef1c k\u1ef3 \u01b0u \u0111\u00e3i<\/strong>.<\/li>\n<li><strong>L\u00e1i th\u1eed\u00a0xe Toyota<\/strong>\u00a0t\u1eadn nh\u00e0 ho\u00e0n to\u00e0n\u00a0<strong>mi\u1ec5n ph\u00ed<\/strong>.<\/li>\n<li><strong>H\u1ed7 tr\u1ee3<\/strong>\u00a0l\u00e0m th\u1ee7 t\u1ee5c\u00a0<strong>n\u1ed9p thu\u1ebf, \u0111\u0103ng k\u00fd v\u00e0 \u0111\u0103ng ki\u1ec3m<\/strong>.<\/li>\n<li>T\u1eb7ng<strong>\u00a0Full<\/strong>\u00a0<strong>ph\u1ee5 ki\u1ec7n ch\u00ednh h\u00e3ng v\u00e0 b\u1ea3o hi\u1ec3m<\/strong>.<\/li>\n<li>T\u1eb7ng 100% ph\u00ed tr\u01b0\u1edbc b\u1ea1<\/li>\n<\/ul>\n<p><strong>Qu\u00fd kh\u00e1ch h\u00e3y li\u00ean h\u1ec7 ngay v\u1edbi \u0110\u1ea1i l\u00fd Toyota B\u00ecnh D\u01b0\u01a1ng \u0111\u1ec3 \u0111\u01b0\u1ee3c t\u01b0 v\u1ea5n m\u1ed9t c\u00e1ch t\u1eadn t\u00ecnh, chuy\u00ean nghi\u1ec7p nh\u1ea5t<\/strong><\/p>\n<h2><strong>Ms. Th\u01b0\u01a1ng \u2013 035 529 3334<\/strong><\/h2>\n<h2><strong>B\u1ea2NG GI\u00c1 VELOZ CROSS<\/strong><\/h2>\n<table class=\"table table-bordered table-striped\" border=\"1\" cellspacing=\"1\" cellpadding=\"1\">\n<tbody>\n<tr>\n<td><strong>Phi\u00ean b\u1ea3n<\/strong><\/td>\n<td><strong>Gi\u00e1 xe ni\u00eam y\u1ebft (\u0110\u00e3 bao g\u1ed3m VAT)<\/strong><\/td>\n<\/tr>\n<tr>\n<td>Toyota\u00a0Veloz Cross CVT TOP \u2013 Tr\u1eafng ng\u1ecdc trai<\/td>\n<td>668.000.000 VN\u0110<\/td>\n<\/tr>\n<tr>\n<td>Toyota\u00a0Veloz Cross CVT TOP \u2013 c\u00e1c m\u00e0u kh\u00e1c<\/td>\n<td>660.000.000 VN\u0110<\/td>\n<\/tr>\n<tr>\n<td>Toyota\u00a0Veloz Cross CVT \u2013 Tr\u1eafng ng\u1ecdc trai<\/td>\n<td>646.000.000 VN\u0110<\/td>\n<\/tr>\n<tr>\n<td>Toyota\u00a0Veloz Cross CVT \u2013 C\u00e1c m\u00e0u kh\u00e1c<\/td>\n<td>638.000.000 VN\u0110<\/td>\n<\/tr>\n<\/tbody>\n<\/table>\n<h2 id=\"mucluc-thong-so-ky-thuat-toyota-veloz-cross-2022\" class=\"ftwp-heading\"><b>Th\u00f4ng s\u1ed1 k\u1ef9 thu\u1eadt Toyota Veloz Cross<\/b><\/h2>\n<table border=\"2\" cellspacing=\"2\" cellpadding=\"2\">\n<tbody>\n<tr>\n<td><strong>T\u00ean xe<\/strong><\/td>\n<td><b>Toyota Veloz Cross<\/b><\/td>\n<\/tr>\n<tr>\n<td>S\u1ed1 ch\u1ed7 ng\u1ed3i<\/td>\n<td>07<\/td>\n<\/tr>\n<tr>\n<td>Ki\u1ec3u xe<\/td>\n<td>MPV<\/td>\n<\/tr>\n<tr>\n<td>Xu\u1ea5t x\u1ee9<\/td>\n<td>Nh\u1eadp kh\u1ea9u nguy\u00ean chi\u1ebfc t\u1eeb Indonesia<\/td>\n<\/tr>\n<tr>\n<td>K\u00edch th\u01b0\u1edbc DxRxC<\/td>\n<td>4475 x 1750 x 1700 mm<\/td>\n<\/tr>\n<tr>\n<td>Chi\u1ec1u d\u00e0i c\u01a1 s\u1edf<\/td>\n<td>2750 mm<\/td>\n<\/tr>\n<tr>\n<td>\u0110\u1ed9ng c\u01a1<\/td>\n<td>1.5L, 4 xy lanh th\u1eb3ng h\u00e0ng<\/td>\n<\/tr>\n<tr>\n<td>Lo\u1ea1i nhi\u00ean li\u1ec7u<\/td>\n<td>X\u0103ng<\/td>\n<\/tr>\n<tr>\n<td>Dung t\u00edch b\u00ecnh nhi\u00ean li\u1ec7u<\/td>\n<td>43 l\u00edt<\/td>\n<\/tr>\n<tr>\n<td>C\u00f4ng su\u1ea5t c\u1ef1c \u0111\u1ea1i<\/td>\n<td>105 m\u00e3 l\u1ef1c t\u1ea1i 6000 v\u00f2ng\/ph\u00fat<\/td>\n<\/tr>\n<tr>\n<td>M\u00f4-men xo\u1eafn c\u1ef1c \u0111\u1ea1i<\/td>\n<td>138 Nm t\u1ea1i 4200 v\u00f2ng\/ph\u00fat<\/td>\n<\/tr>\n<tr>\n<td>H\u1ed9p s\u1ed1<\/td>\n<td>V\u00f4 c\u1ea5p CVT<\/td>\n<\/tr>\n<tr>\n<td>H\u1ec7 d\u1eabn \u0111\u1ed9ng<\/td>\n<td>C\u1ea7u tr\u01b0\u1edbc<\/td>\n<\/tr>\n<tr>\n<td>Treo tr\u01b0\u1edbc\/sau<\/td>\n<td>MacPherson v\u1edbi thanh c\u00e2n b\u1eb1ng\/Thanh xo\u1eafn v\u1edbi thanh c\u00e2n b\u1eb1ng<\/td>\n<\/tr>\n<tr>\n<td>Phanh tr\u01b0\u1edbc\/sau<\/td>\n<td>\u0110\u0129a\/\u0111\u0129a<\/td>\n<\/tr>\n<tr>\n<td>Tr\u1ee3 l\u1ef1c l\u00e1i<\/td>\n<td>\u0110i\u1ec7n<\/td>\n<\/tr>\n<tr>\n<td>C\u1ee1 m\u00e2m<\/td>\n<td>16-17 inch<\/td>\n<\/tr>\n<tr>\n<td>Kho\u1ea3ng s\u00e1ng g\u1ea7m xe<\/td>\n<td>205 mm<\/td>\n<\/tr>\n<tr>\n<td>M\u1ee9c ti\u00eau hao nhi\u00ean li\u1ec7u trong \u0111\u00f4 th\u1ecb<\/td>\n<td>7.7L\/100km<\/td>\n<\/tr>\n<tr>\n<td>M\u1ee9c ti\u00eau hao nhi\u00ean li\u1ec7u ngo\u00e0i \u0111\u00f4 th\u1ecb<\/td>\n<td>5.4L\/100km<\/td>\n<\/tr>\n<tr>\n<td>M\u1ee9c ti\u00eau hao nhi\u00ean li\u1ec7u k\u1ebft h\u1ee3p<\/td>\n<td>6.3L\/100km<\/td>\n<\/tr>\n<\/tbody>\n<\/table>\n<h2 id=\"mucluc-mau-xe-toyota-veloz-cross-2022\" class=\"ftwp-heading\"><b>M\u00e0u xe Toyota Veloz Cross<\/b><\/h2>\n<p>Veloz Cross 2024 c\u00f3 5 t\u00f9y ch\u1ecdn m\u00e0u s\u01a1n ngo\u1ea1i th\u1ea5t g\u1ed3m:\u00a0<strong>Tr\u1eafng ng\u1ecdc trai, B\u1ea1c t\u00edm, B\u1ea1c, \u0110en, \u0110\u1ecf.<\/strong><\/p>\n<p><img fetchpriority=\"high\" decoding=\"async\" class=\"aligncenter wp-image-1214 size-full\" src=\"https:\/\/toyotathuanan.com.vn\/wp-content\/uploads\/2024\/10\/mau-sac.jpg\" sizes=\"(max-width: 780px) 100vw, 780px\" srcset=\"https:\/\/toyotathuanan.com.vn\/wp-content\/uploads\/2024\/10\/mau-sac.jpg 780w, https:\/\/toyotathuanan.com.vn\/wp-content\/uploads\/2024\/10\/mau-sac-300x192.jpg 300w, https:\/\/toyotathuanan.com.vn\/wp-content\/uploads\/2024\/10\/1_mau-sac-768x492.jpg 768w, https:\/\/toyotathuanan.com.vn\/wp-content\/uploads\/2024\/10\/mau-sac-600x385.jpg 600w\" alt=\"\" width=\"780\" height=\"500\" \/><\/p>\n<h2 id=\"mucluc-ngoai-that-xe-toyota-veloz-cross-2022-tre-trung-cung-cap\" class=\"ftwp-heading\"><b>Ngo\u1ea1i th\u1ea5t xe Toyota Veloz Cross 2024 \u2013 Tr\u1ebb trung, c\u1ee9ng c\u00e1p<\/b><\/h2>\n<p>Theo t\u00ecm hi\u1ec3u,\u00a0<strong>Toyota Veloz Cross 2024<\/strong>\u00a0<strong>\u0111\u01b0\u1ee3c x\u00e2y d\u1ef1ng d\u1ef1a tr\u00ean n\u1ec1n t\u1ea3ng khung g\u1ea7m DNGA (Daihatsu New Global Architecture)<\/strong>\u00a0gi\u1ed1ng v\u1edbi \u201cng\u01b0\u1eddi anh em\u201d\u00a0Raize. \u1ede m\u1ed9t s\u1ed1 th\u1ecb tr\u01b0\u1eddng kh\u00e1c, Veloz Cross 2024 c\u00f2n c\u00f3 t\u00ean\u00a0Daihatsu Xenia.<\/p>\n<p><strong>Veloz Cross 2024<\/strong>\u00a0s\u1edf h\u1eefu ngo\u1ea1i h\u00ecnh kh\u00e1 to l\u1edbn nh\u1edd s\u1eed d\u1ee5ng b\u1ed9 khung g\u1ea7m c\u00f3 k\u00edch th\u01b0\u1edbc t\u1ed5ng th\u1ec3 DxRxC l\u1ea7n l\u01b0\u1ee3t l\u00e0 4475 x 1750 x 1700 mm. D\u00f9 n\u1eb1m trong nh\u00f3m MPV \u0111\u00f4 th\u1ecb nh\u01b0ng Veloz Cross 2024 c\u00f3 thi\u1ebft k\u1ebf mang h\u01a1i h\u01b0\u1edbng CUV \u0111\u00f4 th\u1ecb.<\/p>\n<p><img decoding=\"async\" class=\"wp-image-1215 size-full aligncenter\" src=\"https:\/\/toyotathuanan.com.vn\/wp-content\/uploads\/2024\/10\/ngoai-that.jpg\" sizes=\"(max-width: 780px) 100vw, 780px\" srcset=\"https:\/\/toyotathuanan.com.vn\/wp-content\/uploads\/2024\/10\/ngoai-that.jpg 780w, https:\/\/toyotathuanan.com.vn\/wp-content\/uploads\/2024\/10\/ngoai-that-300x192.jpg 300w, https:\/\/toyotathuanan.com.vn\/wp-content\/uploads\/2024\/10\/1_ngoai-that-768x492.jpg 768w, https:\/\/toyotathuanan.com.vn\/wp-content\/uploads\/2024\/10\/ngoai-that-600x385.jpg 600w\" alt=\"\" width=\"780\" height=\"500\" \/><\/p>\n<p>H\u1ed1c \u0111\u00e8n s\u01b0\u01a1ng m\u00f9 c\u0169ng \u0111\u01b0\u1ee3c ch\u0103m ch\u00fat k\u1ef9 l\u01b0\u1ee1ng v\u1edbi \u0111i\u1ec3m nh\u1ea5n l\u00e0 \u0111\u01b0\u1eddng vi\u1ec1n crom s\u00e1ng b\u00f3ng d\u1ea1ng ch\u1eef \u201cT\u201d c\u00e1ch \u0111i\u1ec7u. Khu v\u1ef1c c\u1ea3n tr\u01b0\u1edbc \u0111\u01b0\u1ee3c g\u1eafn ph\u1ea7n \u1ed1p m\u00e0u b\u00e0u gi\u00fap \u0111\u1ea7u\u00a0xe Toyota 7 ch\u1ed7 n\u00e0y\u00a0tr\u00f4ng kh\u1ecfe kho\u1eafn h\u01a1n.<\/p>\n<h2 id=\"mucluc-noi-that-cao-cap-rong-rai\" class=\"ftwp-heading\"><b>N\u1ed9i th\u1ea5t \u2013 Cao c\u1ea5p, r\u1ed9ng r\u00e3i<\/b><\/h2>\n<p>Khoang n\u1ed9i th\u1ea5t c\u1ee7a Veloz Cross 2024 c\u00f3\u00a0<strong>kh\u00f4ng gian r\u1ea5t r\u1ed9ng r\u00e3i v\u00e0 \u0111\u01b0\u1ee3c ho\u00e0n thi\u1ec7n ch\u1ec9nh chu mang \u0111\u1ebfn c\u00e1i nh\u00ecn cao c\u1ea5p.<\/strong><\/p>\n<p>Veloz Cross 2024 c\u00f3 tr\u1ee5c c\u01a1 s\u1edf d\u00e0i 2750 mm, k\u00e9m h\u01a1n 25 mm so v\u1edbi Xpander. Tuy nhi\u00ean, nh\u1edd c\u00e1ch s\u1eafp x\u1ebfp khoa h\u1ecdc, kh\u00f4ng gian khoang h\u00e0nh kh\u00e1ch tr\u00ean xe r\u1ea5t r\u1ed9ng r\u00e3i. C\u1ee5 th\u1ec3, kho\u1ea3ng c\u00e1ch gi\u1eefa h\u00e0ng gh\u1ebf tr\u01b0\u1edbc v\u00e0 th\u1ee9 2 l\u00ean t\u1edbi 980 mm, h\u00e0ng gh\u1ebf gi\u1eefa c\u00f2n c\u00f3 th\u1ec3 tr\u01b0\u1ee3t 240 mm t\u1ea1o s\u1ef1 tho\u1ea3i m\u00e1i cho h\u00e0ng gh\u1ebf cu\u1ed1i.<\/p>\n<p><img loading=\"lazy\" decoding=\"async\" class=\"wp-image-1216 size-full aligncenter\" src=\"https:\/\/toyotathuanan.com.vn\/wp-content\/uploads\/2024\/10\/veloz-cross.jpg\" sizes=\"(max-width: 780px) 100vw, 780px\" srcset=\"https:\/\/toyotathuanan.com.vn\/wp-content\/uploads\/2024\/10\/veloz-cross.jpg 780w, https:\/\/toyotathuanan.com.vn\/wp-content\/uploads\/2024\/10\/veloz-cross-300x192.jpg 300w, https:\/\/toyotathuanan.com.vn\/wp-content\/uploads\/2024\/10\/1_veloz-cross-768x492.jpg 768w, https:\/\/toyotathuanan.com.vn\/wp-content\/uploads\/2024\/10\/veloz-cross-600x385.jpg 600w\" alt=\"\" width=\"780\" height=\"500\" \/><\/p>\n<p>Veloz Cross 2024 g\u00e2y \u1ea5n t\u01b0\u1ee3ng v\u1edbi ch\u1ebf \u0111\u1ed9 gh\u1ebf sofa cho ph\u00e9p g\u1eadp ph\u1eb3ng h\u00e0ng gh\u1ebf 2 v\u00e0 3 cho ph\u00e9p kh\u00e1ch h\u00e0ng t\u1eadn d\u1ee5ng t\u1ed1i \u0111a kh\u00f4ng gian<\/p>\n<h2 class=\"ftwp-heading\"><b>Ti\u1ec7n nghi \u2013 Hi\u1ec7n \u0111\u1ea1i<\/b><\/h2>\n<p>Veloz Cross 2024 c\u00f3 hi\u1ec7u su\u1ea5t l\u00e0m m\u00e1t t\u1ed1t nh\u1edd s\u1eed d\u1ee5ng \u0111i\u1ec1u ho\u00e0 t\u1ef1 \u0111\u1ed9ng k\u1ebft h\u1ee3p c\u00f9ng c\u00e1c c\u1eeda gi\u00f3 h\u00e0ng gh\u1ebf sau. Danh s\u00e1ch gi\u1ea3i tr\u00ed tr\u00ean xe g\u1ed3m c\u00f3 nh\u1eefng t\u00ednh n\u0103ng \u0111\u00e1ng ch\u00fa \u00fd nh\u01b0:<\/p>\n<ul>\n<li>M\u00e0n h\u00ecnh c\u1ea3m \u1ee9ng 8-9 inch<\/li>\n<li>K\u1ebft n\u1ed1i \u0111i\u1ec7n tho\u1ea1i th\u00f4ng minh<\/li>\n<li>S\u1ea1c kh\u00f4ng d\u00e2y<\/li>\n<li>D\u00e0n \u00e2m thanh 6 loa<\/li>\n<li>Ch\u00eca kho\u00e1 th\u00f4ng minh, kh\u1edfi \u0111\u1ed9ng b\u1eb1ng n\u00fat b\u1ea5m<\/li>\n<\/ul>\n<p><img loading=\"lazy\" decoding=\"async\" class=\"wp-image-1217 size-full aligncenter\" src=\"https:\/\/toyotathuanan.com.vn\/wp-content\/uploads\/2024\/10\/veloz.jpg\" sizes=\"(max-width: 780px) 100vw, 780px\" srcset=\"https:\/\/toyotathuanan.com.vn\/wp-content\/uploads\/2024\/10\/veloz.jpg 780w, https:\/\/toyotathuanan.com.vn\/wp-content\/uploads\/2024\/10\/veloz-300x192.jpg 300w, https:\/\/toyotathuanan.com.vn\/wp-content\/uploads\/2024\/10\/1_veloz-768x492.jpg 768w, https:\/\/toyotathuanan.com.vn\/wp-content\/uploads\/2024\/10\/veloz-600x385.jpg 600w\" alt=\"\" width=\"780\" height=\"500\" \/><\/p>\n<p>Kh\u00f4ng ch\u1ec9 mang l\u1ea1i \u1ea5n t\u01b0\u1ee3ng v\u1ec1 thi\u1ebft k\u1ebf ngo\u1ea1i th\u1ea5t, n\u1ed9i th\u1ea5t, Toyota Veloz 2024 c\u00f2n mang lai nhi\u1ec1u chi ti\u1ebft h\u1ea5p d\u1eabn ng\u01b0\u1eddi d\u00f9ng v\u1edbi trang b\u1ecb ti\u1ec7n nghi hi\u1ec7n \u0111\u1ea1i, \u0111a d\u1ea1ng: H\u1ec7 th\u1ed1ng \u0111i\u1ec1u ho\u00e0 t\u1ef1 \u0111\u1ed9ng 1 v\u00f9ng, c\u1eeda gi\u00f3 h\u00e0ng gh\u1ebf sau, M\u00e0n h\u00ecnh c\u1ea3m \u1ee9ng gi\u1ea3i tr\u00ed 8 \u2013 9 inch.<\/p>\n<p>H\u1ed7 tr\u1ee3 k\u1ebft n\u1ed1i Apple CarPlay v\u00e0 Android Auto, K\u1ebft n\u1ed1i \u0111i\u1ec7n tho\u1ea1i th\u00f4ng minh, C\u1ed5ng k\u1ebft n\u1ed1i USB \u1edf t\u1ea5t c\u1ea3 c\u00e1c h\u00e0ng gh\u1ebf, \u0110\u00e8n nh\u1eafc nh\u1edf th\u1eaft d\u00e2y an to\u00e0n, H\u1ec7 th\u1ed1ng \u00e2m thanh 6 loa,.v. c\u1ee5 th\u1ec3 m\u1eddi b\u1ea1n tham kh\u1ea3o b\u1ea3ng sau \u0111\u00e2y:<\/p>\n<table border=\"1\" cellspacing=\"1\" cellpadding=\"1\">\n<tbody>\n<tr>\n<td colspan=\"2\"><strong>Trang b\u1ecb ti\u1ec7n nghi Toyota Veloz<\/strong><\/td>\n<\/tr>\n<tr>\n<td><strong>Danh m\u1ee5c<\/strong><\/td>\n<td><strong>Toyota Veloz<\/strong><\/td>\n<\/tr>\n<tr>\n<td>H\u1ec7 th\u1ed1ng \u0111i\u1ec1u ho\u00e0 t\u1ef1 \u0111\u1ed9ng 1 v\u00f9ng, c\u1eeda gi\u00f3 h\u00e0ng gh\u1ebf sau<\/td>\n<td>C\u00f3<\/td>\n<\/tr>\n<tr>\n<td>M\u00e0n h\u00ecnh c\u1ea3m \u1ee9ng gi\u1ea3i tr\u00ed 8 \u2013 9 inch<\/td>\n<td>C\u00f3<\/td>\n<\/tr>\n<tr>\n<td>H\u1ed7 tr\u1ee3 k\u1ebft n\u1ed1i Apple CarPlay v\u00e0 Android Auto<\/td>\n<td>C\u00f3<\/td>\n<\/tr>\n<tr>\n<td>K\u1ebft n\u1ed1i \u0111i\u1ec7n tho\u1ea1i th\u00f4ng minh<\/td>\n<td>C\u00f3<\/td>\n<\/tr>\n<tr>\n<td>M\u00e0n h\u00ecnh hi\u1ec3n th\u1ecb \u0111a th\u00f4ng tin 7 inch TFT t\u00f9y ch\u1ec9nh 4 ch\u1ebf \u0111\u1ed9<\/td>\n<td>C\u00f3<\/td>\n<\/tr>\n<tr>\n<td>C\u1ed5ng k\u1ebft n\u1ed1i USB \u1edf t\u1ea5t c\u1ea3 c\u00e1c h\u00e0ng gh\u1ebf<\/td>\n<td>C\u00f3<\/td>\n<\/tr>\n<tr>\n<td>H\u1ec7 th\u1ed1ng \u0111\u00e0m tho\u1ea1i r\u1ea3nh tay<\/td>\n<td>C\u00f3<\/td>\n<\/tr>\n<tr>\n<td>\u0110\u00e8n nh\u1eafc nh\u1edf th\u1eaft d\u00e2y an to\u00e0n<\/td>\n<td>C\u00f3<\/td>\n<\/tr>\n<tr>\n<td>Phanh tay \u0111i\u1ec7n t\u1eed<\/td>\n<td>C\u00f3<\/td>\n<\/tr>\n<tr>\n<td>H\u1ec7 th\u1ed1ng \u00e2m thanh 6 loa<\/td>\n<td>C\u00f3<\/td>\n<\/tr>\n<tr>\n<td>\u0110\u00e8n n\u1ed9i th\u1ea5t<\/td>\n<td>C\u00f3<\/td>\n<\/tr>\n<tr>\n<td>S\u1ea1c kh\u00f4ng d\u00e2y chu\u1ea9n Qi t\u1ea1i h\u00e0ng gh\u1ebf tr\u01b0\u1edbc<\/td>\n<td>C\u00f3<\/td>\n<\/tr>\n<tr>\n<td>Ch\u00eca kho\u00e1 th\u00f4ng minh, kh\u1edfi \u0111\u1ed9ng b\u1eb1ng n\u00fat b\u1ea5m<\/td>\n<td>C\u00f3<\/td>\n<\/tr>\n<tr>\n<td>Phanh tay \u0111i\u1ec7n t\u1eed<\/td>\n<td>C\u00f3<\/td>\n<\/tr>\n<tr>\n<td>Kh\u00f3a c\u1eeda t\u1eeb xa<\/td>\n<td>C\u00f3<\/td>\n<\/tr>\n<\/tbody>\n<\/table>\n<h2><strong>Trang b\u1ecb an to\u00e0n Toyota Veloz Cross<\/strong><\/h2>\n<p><img loading=\"lazy\" decoding=\"async\" class=\"wp-image-1219 size-full aligncenter\" src=\"https:\/\/toyotathuanan.com.vn\/wp-content\/uploads\/2024\/10\/veloz-cross-an-toan-1.jpg\" sizes=\"(max-width: 780px) 100vw, 780px\" srcset=\"https:\/\/toyotathuanan.com.vn\/wp-content\/uploads\/2024\/10\/veloz-cross-an-toan-1.jpg 780w, https:\/\/toyotathuanan.com.vn\/wp-content\/uploads\/2024\/10\/veloz-cross-an-toan-1-300x187.jpg 300w, https:\/\/toyotathuanan.com.vn\/wp-content\/uploads\/2024\/10\/1_veloz-cross-an-toan-1-768x480.jpg 768w, https:\/\/toyotathuanan.com.vn\/wp-content\/uploads\/2024\/10\/veloz-cross-an-toan-1-600x375.jpg 600w\" alt=\"\" width=\"780\" height=\"487\" \/><\/p>\n<p>Toyota Veloz 2025 v\u1edbi h\u1ec7 th\u1ed1ng an to\u00e0n \u0111\u01b0\u1ee3c trang b\u1ecb nh\u01b0 sau:<\/p>\n<table border=\"1\" cellspacing=\"1\" cellpadding=\"1\">\n<tbody>\n<tr>\n<td colspan=\"2\"><strong>Trang b\u1ecb an to\u00e0n Toyota Veloz<\/strong><\/td>\n<\/tr>\n<tr>\n<td><strong>Danh m\u1ee5c<\/strong><\/td>\n<td><strong>Toyota Veloz<\/strong><\/td>\n<\/tr>\n<tr>\n<td>H\u1ec7 th\u1ed1ng ch\u1ed1ng b\u00f3 c\u1ee9ng phanh<\/td>\n<td>C\u00f3<\/td>\n<\/tr>\n<tr>\n<td>2 Ho\u1eb7c 6 t\u00fai kh\u00ed t\u00f9y phi\u00ean b\u1ea3n<\/td>\n<td>C\u00f3<\/td>\n<\/tr>\n<tr>\n<td>C\u00e2n b\u1eb1ng \u0111i\u1ec7n t\u1eed<\/td>\n<td>C\u00f3<\/td>\n<\/tr>\n<tr>\n<td>H\u1ec7 th\u1ed1ng h\u1ed7 tr\u1ee3 kh\u1edfi h\u00e0nh ngang d\u1ed1c<\/td>\n<td>C\u00f3<\/td>\n<\/tr>\n<tr>\n<td>C\u1ea3m bi\u1ebfn h\u1ed7 tr\u1ee3 \u0111\u1ed7 xe<\/td>\n<td>C\u00f3<\/td>\n<\/tr>\n<tr>\n<td>Camera 360 \u0111\u1ed9<\/td>\n<td>C\u00f3<\/td>\n<\/tr>\n<tr>\n<td>H\u1ec7 th\u1ed1ng ph\u00e2n ph\u1ed1i l\u1ef1c phanh \u0111i\u1ec7n t\u1eed<\/td>\n<td>C\u00f3<\/td>\n<\/tr>\n<tr>\n<td>H\u1ec7 th\u1ed1ng h\u1ed7 tr\u1ee3 l\u1ef1c phanh kh\u1ea9n c\u1ea5p<\/td>\n<td>C\u00f3<\/td>\n<\/tr>\n<tr>\n<td>C\u1ea3nh b\u00e1o va ch\u1ea1m ti\u1ec1n va ch\u1ea1m<\/td>\n<td>C\u00f3<\/td>\n<\/tr>\n<tr>\n<td>C\u1ea3nh b\u00e1o ch\u1ec7ch l\u00e0n \u0111\u01b0\u1eddng<\/td>\n<td>C\u00f3<\/td>\n<\/tr>\n<tr>\n<td>Ki\u1ec3m so\u00e1t v\u1eadn h\u00e0nh ch\u00e2n ga<\/td>\n<td>C\u00f3<\/td>\n<\/tr>\n<tr>\n<td>C\u1ea3nh b\u00e1o ph\u01b0\u01a1ng ti\u1ec7n ph\u00eda tr\u01b0\u1edbc kh\u1edfi h\u00e0nh<\/td>\n<td>C\u00f3<\/td>\n<\/tr>\n<tr>\n<td>C\u1ea3nh b\u00e1o \u0111i\u1ec3m m\u00f9<\/td>\n<td>C\u00f3<\/td>\n<\/tr>\n<tr>\n<td>C\u1ea3nh b\u00e1o ph\u01b0\u01a1ng ti\u1ec7n c\u1eaft ngang ph\u00eda sau<\/td>\n<td>C\u00f3<\/td>\n<\/tr>\n<\/tbody>\n<\/table>","protected":false},"excerpt":{"rendered":"<p><strong>Gi\u1ea3m ti\u1ec1n m\u1eb7t l\u00ean \u0111\u1ebfn 100 tri\u1ec7u ( t\u00f9y d\u00f2ng xe)<\/strong><\/p>\n<ul>\n<li><strong>T\u1eb7ng g\u00f3i ph\u1ee5 ki\u1ec7n ch\u00ednh h\u00e3ng<\/strong><\/li>\n<li><strong>Giao xe k\u00e8m nhi\u1ec1u qu\u00e0 t\u1eb7ng<\/strong><\/li>\n<li><strong>H\u1ed7 tr\u1ee3 tr\u1ea3 g\u00f3p 80% GTX, l\u00e3i su\u1ea5t th\u1ea5p<\/strong><\/li>\n<\/ul>","protected":false},"featured_media":17217,"comment_status":"open","ping_status":"closed","template":"","meta":[],"product_cat":[359],"product_tag":[380,379,349,347,381,382,383,384],"class_list":{"0":"post-17216","1":"product","2":"type-product","3":"status-publish","4":"has-post-thumbnail","6":"product_cat-toyota-veloz-cross","7":"product_tag-gia-xe-toyota-binh-duong","8":"product_tag-gia-xe-lan-banh-toyota-binh-duong","9":"product_tag-toyota-binh-duong","10":"product_tag-toyota-thuan-an","11":"product_tag-veloz-cross","12":"product_tag-veloz-cross-cvt","13":"product_tag-veloz-cross-top","14":"product_tag-xe-7-cho","16":"first","17":"instock","18":"shipping-taxable","19":"purchasable","20":"product-type-simple"},"_links":{"self":[{"href":"https:\/\/toyotathuanan.com.vn\/en\/wp-json\/wp\/v2\/product\/17216","targetHints":{"allow":["GET"]}}],"collection":[{"href":"https:\/\/toyotathuanan.com.vn\/en\/wp-json\/wp\/v2\/product"}],"about":[{"href":"https:\/\/toyotathuanan.com.vn\/en\/wp-json\/wp\/v2\/types\/product"}],"replies":[{"embeddable":true,"href":"https:\/\/toyotathuanan.com.vn\/en\/wp-json\/wp\/v2\/comments?post=17216"}],"version-history":[{"count":6,"href":"https:\/\/toyotathuanan.com.vn\/en\/wp-json\/wp\/v2\/product\/17216\/revisions"}],"predecessor-version":[{"id":17813,"href":"https:\/\/toyotathuanan.com.vn\/en\/wp-json\/wp\/v2\/product\/17216\/revisions\/17813"}],"wp:featuredmedia":[{"embeddable":true,"href":"https:\/\/toyotathuanan.com.vn\/en\/wp-json\/wp\/v2\/media\/17217"}],"wp:attachment":[{"href":"https:\/\/toyotathuanan.com.vn\/en\/wp-json\/wp\/v2\/media?parent=17216"}],"wp:term":[{"taxonomy":"product_cat","embeddable":true,"href":"https:\/\/toyotathuanan.com.vn\/en\/wp-json\/wp\/v2\/product_cat?post=17216"},{"taxonomy":"product_tag","embeddable":true,"href":"https:\/\/toyotathuanan.com.vn\/en\/wp-json\/wp\/v2\/product_tag?post=17216"}],"curies":[{"name":"wp","href":"https:\/\/api.w.org\/{rel}","templated":true}]}}