{"id":16966,"date":"2024-10-29T13:57:59","date_gmt":"2024-10-29T06:57:59","guid":{"rendered":"https:\/\/toyotathuanan.com.vn\/?post_type=product&#038;p=16966"},"modified":"2025-02-10T14:51:15","modified_gmt":"2025-02-10T07:51:15","slug":"alphard-luxury-hev","status":"publish","type":"product","link":"https:\/\/toyotathuanan.com.vn\/en\/san-pham\/alphard-luxury-hev\/","title":{"rendered":"ALPHARD"},"content":{"rendered":"<div class=\"product-section\">\n<div class=\"row\">\n<div class=\"large-10 col pb-0 mb-0\">\n<div class=\"panel entry-content\">\n<h1><strong>Toyota Alphard LUXURY HEV 2024 chuy\u00ean c\u01a1 m\u1eb7t \u0111\u1ea5t<\/strong><\/h1>\n<h1><strong>NGO\u1ea0I TH\u1ea4T<\/strong><\/h1>\n<h2>\u0110\u1ea6U XE<\/h2>\n<p>Ph\u00eda tr\u01b0\u1edbc ph\u1ea7n \u0111\u1ea7u xe v\u1edbi l\u01b0\u1edbi t\u1ea3n nhi\u1ec7t c\u1ee1 l\u1edbn \u0111\u01b0\u1ee3c thi\u1ebft k\u1ebf li\u1ec1n m\u1ea1ch mang l\u1ea1i v\u1ebb ngo\u00e0i b\u1ec7 v\u1ec7.<\/p>\n<p><img decoding=\"async\" class=\"alignnone size-medium wp-image-1785\" src=\"https:\/\/toyotathuanan.com.vn\/wp-content\/uploads\/2024\/10\/F732D0F9AC6C98B4EBF986E4BA0B2D5A-300x144.jpg\" sizes=\"(max-width: 300px) 100vw, 300px\" srcset=\"https:\/\/toyotathuanan.com.vn\/wp-content\/uploads\/2024\/10\/F732D0F9AC6C98B4EBF986E4BA0B2D5A-300x144.jpg 300w, https:\/\/toyotathuanan.com.vn\/wp-content\/uploads\/2024\/10\/F732D0F9AC6C98B4EBF986E4BA0B2D5A-600x288.jpg 600w, https:\/\/toyotathuanan.com.vn\/wp-content\/uploads\/2024\/10\/F732D0F9AC6C98B4EBF986E4BA0B2D5A.jpg 750w\" alt=\"\" width=\"300\" height=\"144\" \/><\/p>\n<h2 class=\"box-car-title\">V\u00e0nh b\u00e1nh xe<\/h2>\n<p><img decoding=\"async\" class=\"alignnone size-medium wp-image-1772\" src=\"https:\/\/toyotathuanan.com.vn\/wp-content\/uploads\/2024\/10\/5EB4BD5AD66DA40B6D9E02EEE3314766-300x144.jpg\" sizes=\"(max-width: 300px) 100vw, 300px\" srcset=\"https:\/\/toyotathuanan.com.vn\/wp-content\/uploads\/2024\/10\/5EB4BD5AD66DA40B6D9E02EEE3314766-300x144.jpg 300w, https:\/\/toyotathuanan.com.vn\/wp-content\/uploads\/2024\/10\/5EB4BD5AD66DA40B6D9E02EEE3314766-600x288.jpg 600w, https:\/\/toyotathuanan.com.vn\/wp-content\/uploads\/2024\/10\/5EB4BD5AD66DA40B6D9E02EEE3314766.jpg 750w\" alt=\"\" width=\"300\" height=\"144\" \/><\/p>\n<p>V\u00e0nh b\u00e1nh xe k\u00edch th\u01b0\u1edbc l\u1edbn 19\u201d c\u00f9ng thi\u1ebft k\u1ebf h\u00ecnh \u0111\u1ea7u m\u0169i t\u00ean \u1edf vi\u1ec1n ngo\u00e0i t\u1ea1o c\u1ea3m gi\u00e1c m\u1edbi l\u1ea1.<\/p>\n<h3 class=\"box-car-title\">C\u1ee5m \u0111\u00e8n tr\u01b0\u1edbc<\/h3>\n<p><img decoding=\"async\" class=\"alignnone size-medium wp-image-1778\" src=\"https:\/\/toyotathuanan.com.vn\/wp-content\/uploads\/2024\/10\/858B57A4BBF8D612B881ECB46F3CC39F-300x144.jpg\" sizes=\"(max-width: 300px) 100vw, 300px\" srcset=\"https:\/\/toyotathuanan.com.vn\/wp-content\/uploads\/2024\/10\/858B57A4BBF8D612B881ECB46F3CC39F-300x144.jpg 300w, https:\/\/toyotathuanan.com.vn\/wp-content\/uploads\/2024\/10\/858B57A4BBF8D612B881ECB46F3CC39F-600x288.jpg 600w, https:\/\/toyotathuanan.com.vn\/wp-content\/uploads\/2024\/10\/858B57A4BBF8D612B881ECB46F3CC39F.jpg 750w\" alt=\"\" width=\"300\" height=\"144\" \/><\/p>\n<p>C\u1ee5m \u0111\u00e8n tr\u01b0\u1edbc \u0111\u01b0\u1ee3c trang b\u1ecb full LED, \u0111\u00e8n b\u00e1o r\u1ebd tu\u1ea7n t\u1ef1 c\u00f9ng c\u00f4ng ngh\u1ec7 AHS \u2013 \u0110\u00e8n chi\u1ebfu xa t\u1ef1 \u0111\u1ed9ng th\u00edch \u1ee9ng mang l\u1ea1i di\u1ec7n m\u1ea1o hi\u1ec7n \u0111\u1ea1i v\u00e0 t\u1ed1i \u0111a t\u1ea7m quan s\u00e1t cho ng\u01b0\u1eddi l\u00e1i v\u00e0o ban \u0111\u00eam.<\/p>\n<h3 class=\"box-car-title\">C\u1ee5m \u0111\u00e8n sau<\/h3>\n<p><img loading=\"lazy\" decoding=\"async\" class=\"alignnone size-medium wp-image-1780\" src=\"https:\/\/toyotathuanan.com.vn\/wp-content\/uploads\/2024\/10\/ABAB56C2B46947003B58F9651DB6D2FB-300x144.jpg\" sizes=\"(max-width: 300px) 100vw, 300px\" srcset=\"https:\/\/toyotathuanan.com.vn\/wp-content\/uploads\/2024\/10\/ABAB56C2B46947003B58F9651DB6D2FB-300x144.jpg 300w, https:\/\/toyotathuanan.com.vn\/wp-content\/uploads\/2024\/10\/ABAB56C2B46947003B58F9651DB6D2FB-600x288.jpg 600w, https:\/\/toyotathuanan.com.vn\/wp-content\/uploads\/2024\/10\/ABAB56C2B46947003B58F9651DB6D2FB.jpg 750w\" alt=\"\" width=\"300\" height=\"144\" \/><\/p>\n<p>C\u1ee5m \u0111\u00e8n h\u1eadu \u0111\u01b0\u1ee3c trang b\u1ecb full LED c\u00f9ng thi\u1ebft k\u1ebf \u0111\u1ed9c \u0111\u00e1o mang l\u1ea1i h\u00ecnh \u1ea3nh sang tr\u1ecdng t\u1eeb ph\u00eda sau.<\/p>\n<h1><strong>N\u1ed8I TH\u1ea4T<\/strong><\/h1>\n<h3 class=\"box-car-title\">Gh\u1ebf th\u01b0\u01a1ng gia<\/h3>\n<p>H\u00e0ng gh\u1ebf th\u1ee9 2 \u0111\u01b0\u1ee3c trang b\u1ecb gh\u1ebf th\u01b0\u01a1ng gia v\u1edbi nhi\u1ec1u t\u00ednh n\u0103ng hi\u1ec7n \u0111\u1ea1i nh\u01b0 \u0111\u1ec7m ch\u00e2n Ottoman, s\u01b0\u1edfi gh\u1ebf, th\u00f4ng gi\u00f3, massage, \u2026 C\u1ea5u tr\u00fac gh\u1ebf v\u00e0 ch\u1ea5t li\u1ec7u \u0111\u1ec7m gh\u1ebf gi\u1ea3m rung \u0111\u1ed9ng mang l\u1ea1i cho kh\u00e1ch h\u00e0ng VIP tr\u1ea3i nghi\u1ec7m tho\u1ea3i m\u00e1i, th\u01b0 gi\u00e3n.<\/p>\n<\/div>\n<p><img loading=\"lazy\" decoding=\"async\" class=\"alignnone size-medium wp-image-1787\" src=\"https:\/\/toyotathuanan.com.vn\/wp-content\/uploads\/2024\/10\/5C4A3C3CB90EFF75CB14C56531FAE7C8-300x144.jpg\" sizes=\"(max-width: 300px) 100vw, 300px\" srcset=\"https:\/\/toyotathuanan.com.vn\/wp-content\/uploads\/2024\/10\/5C4A3C3CB90EFF75CB14C56531FAE7C8-300x144.jpg 300w, https:\/\/toyotathuanan.com.vn\/wp-content\/uploads\/2024\/10\/5C4A3C3CB90EFF75CB14C56531FAE7C8-600x288.jpg 600w, https:\/\/toyotathuanan.com.vn\/wp-content\/uploads\/2024\/10\/5C4A3C3CB90EFF75CB14C56531FAE7C8.jpg 750w\" alt=\"\" width=\"300\" height=\"144\" \/><\/p>\n<h3 class=\"box-car-title\">H\u1ec7 th\u1ed1ng \u00e2m thanh<\/h3>\n<p><img loading=\"lazy\" decoding=\"async\" class=\"alignnone size-medium wp-image-1779\" src=\"https:\/\/toyotathuanan.com.vn\/wp-content\/uploads\/2024\/10\/33629B59CC7591033DE98189444E67FE-300x144.jpg\" sizes=\"(max-width: 300px) 100vw, 300px\" srcset=\"https:\/\/toyotathuanan.com.vn\/wp-content\/uploads\/2024\/10\/33629B59CC7591033DE98189444E67FE-300x144.jpg 300w, https:\/\/toyotathuanan.com.vn\/wp-content\/uploads\/2024\/10\/33629B59CC7591033DE98189444E67FE-600x289.jpg 600w, https:\/\/toyotathuanan.com.vn\/wp-content\/uploads\/2024\/10\/33629B59CC7591033DE98189444E67FE.jpg 609w\" alt=\"\" width=\"300\" height=\"144\" \/><\/p>\n<p>M\u00e0n h\u00ecnh c\u1ea3m \u1ee9ng 14\u201d k\u1ebft n\u1ed1i \u0111i\u1ec7n tho\u1ea1i th\u00f4ng minh kh\u00f4ng d\u00e2y c\u00f9ng v\u1edbi h\u1ec7 th\u1ed1ng 15 loa JBL quanh xe mang l\u1ea1i tr\u1ea3i nghi\u1ec7m \u00e2m thanh trung th\u1ef1c v\u00e0 \u0111\u1ed9c \u0111\u00e1o.<\/p>\n<h3 class=\"box-car-title\">N\u00fat b\u1ea5m \u0111i\u1ec1u ch\u1ec9nh v\u1ecb tr\u00ed gh\u1ebf<\/h3>\n<p><img loading=\"lazy\" decoding=\"async\" class=\"alignnone size-medium wp-image-1782\" src=\"https:\/\/toyotathuanan.com.vn\/wp-content\/uploads\/2024\/10\/BE495A04299A45759B351DE15B2D647B-300x144.jpg\" sizes=\"(max-width: 300px) 100vw, 300px\" srcset=\"https:\/\/toyotathuanan.com.vn\/wp-content\/uploads\/2024\/10\/BE495A04299A45759B351DE15B2D647B-300x144.jpg 300w, https:\/\/toyotathuanan.com.vn\/wp-content\/uploads\/2024\/10\/BE495A04299A45759B351DE15B2D647B-600x288.jpg 600w, https:\/\/toyotathuanan.com.vn\/wp-content\/uploads\/2024\/10\/BE495A04299A45759B351DE15B2D647B.jpg 750w\" alt=\"\" width=\"300\" height=\"144\" \/><\/p>\n<p>Thi\u1ebft k\u1ebf m\u00f4 ph\u1ecfng h\u00ecnh d\u00e1ng c\u1ee7a gh\u1ebf, gi\u00fap ng\u01b0\u1eddi s\u1eed d\u1ee5ng d\u1ec5 d\u00e0ng \u0111i\u1ec1u ch\u1ec9nh c\u00e1c v\u1ecb tr\u00ed t\u01b0\u01a1ng \u1ee9ng m\u00e0 kh\u00f4ng ph\u1ea3i quan s\u00e1t n\u00fat b\u1ea5m (gh\u1ebf \u0111i\u1ec1u ch\u1ec9nh \u0111i\u1ec7n 8 h\u01b0\u1edbng).<\/p>\n<h3 class=\"box-car-title\">\u0110i\u1ec1u khi\u1ec3n m\u00e0n h\u00ecnh c\u1ea3m \u1ee9ng<\/h3>\n<p><img loading=\"lazy\" decoding=\"async\" class=\"alignnone size-medium wp-image-1775\" src=\"https:\/\/toyotathuanan.com.vn\/wp-content\/uploads\/2024\/10\/91EF0B4D828CF4757C63B54E04E66F0A-300x144.jpg\" sizes=\"(max-width: 300px) 100vw, 300px\" srcset=\"https:\/\/toyotathuanan.com.vn\/wp-content\/uploads\/2024\/10\/91EF0B4D828CF4757C63B54E04E66F0A-300x144.jpg 300w, https:\/\/toyotathuanan.com.vn\/wp-content\/uploads\/2024\/10\/91EF0B4D828CF4757C63B54E04E66F0A-600x288.jpg 600w, https:\/\/toyotathuanan.com.vn\/wp-content\/uploads\/2024\/10\/91EF0B4D828CF4757C63B54E04E66F0A.jpg 750w\" alt=\"\" width=\"300\" height=\"144\" \/><\/p>\n<p>\u0110\u01b0\u1ee3c trang b\u1ecb \u1edf 2 v\u1ecb tr\u00ed h\u00e0ng gh\u1ebf th\u1ee9 hai (gh\u1ebf th\u01b0\u01a1ng gia) gi\u00fap kh\u00e1ch h\u00e0ng d\u1ec5 d\u00e0ng \u0111i\u1ec1u khi\u1ec3n c\u00e1c ti\u1ec7n nghi xung quanh m\u00ecnh ch\u1ec9 th\u00f4ng qua m\u1ed9t m\u00e0n h\u00ecnh.<\/p>\n<h3 class=\"box-car-title\">\u0110\u00e8n tr\u1ea7n xe<\/h3>\n<p><img loading=\"lazy\" decoding=\"async\" class=\"alignnone size-medium wp-image-1781\" src=\"https:\/\/toyotathuanan.com.vn\/wp-content\/uploads\/2024\/10\/AD64EAEE0C6F72FE4F7891994E21D06E-300x144.jpg\" sizes=\"(max-width: 300px) 100vw, 300px\" srcset=\"https:\/\/toyotathuanan.com.vn\/wp-content\/uploads\/2024\/10\/AD64EAEE0C6F72FE4F7891994E21D06E-300x144.jpg 300w, https:\/\/toyotathuanan.com.vn\/wp-content\/uploads\/2024\/10\/AD64EAEE0C6F72FE4F7891994E21D06E-600x288.jpg 600w, https:\/\/toyotathuanan.com.vn\/wp-content\/uploads\/2024\/10\/AD64EAEE0C6F72FE4F7891994E21D06E.jpg 750w\" alt=\"\" width=\"300\" height=\"144\" \/><\/p>\n<p>D\u1ea3i \u0111\u00e8n tr\u1ea7n xe k\u00e9o d\u00e0i chi\u1ebfu s\u00e1ng to\u00e0n b\u1ed9 khoang cabin, ngo\u00e0i ra kh\u00e1ch h\u00e0ng c\u00f3 th\u1ec3 l\u1ef1a ch\u1ecdn ch\u1ebf \u0111\u1ed9 \u0111\u00e8n chi\u1ebfu s\u00e1ng c\u00e1 nh\u00e2n mang l\u1ea1i ti\u1ec7n nghi ri\u00eang bi\u1ec7t cho c\u00e1c v\u1ecb tr\u00ed ng\u1ed3i. \u0110\u00e8n trang tr\u00ed tr\u1ea7n xe trang b\u1ecb 14 m\u00e0u c\u01a1 b\u1ea3n c\u00f9ng 50 m\u00e0u m\u1edf r\u1ed9ng \u0111\u1ec3 Kh\u00e1ch h\u00e0ng t\u00f9y ch\u1ecdn theo s\u1edf th\u00edch.<\/p>\n<h3 class=\"box-car-title\">V\u00f4 l\u0103ng<\/h3>\n<p><img loading=\"lazy\" decoding=\"async\" class=\"alignnone size-medium wp-image-1786\" src=\"https:\/\/toyotathuanan.com.vn\/wp-content\/uploads\/2024\/10\/FFEA7EE121A49233A893CD35FC70A90F-300x144.jpg\" sizes=\"(max-width: 300px) 100vw, 300px\" srcset=\"https:\/\/toyotathuanan.com.vn\/wp-content\/uploads\/2024\/10\/FFEA7EE121A49233A893CD35FC70A90F-300x144.jpg 300w, https:\/\/toyotathuanan.com.vn\/wp-content\/uploads\/2024\/10\/FFEA7EE121A49233A893CD35FC70A90F-600x288.jpg 600w, https:\/\/toyotathuanan.com.vn\/wp-content\/uploads\/2024\/10\/FFEA7EE121A49233A893CD35FC70A90F.jpg 750w\" alt=\"\" width=\"300\" height=\"144\" \/><\/p>\n<p>V\u00f4 l\u0103ng hi\u1ec7n \u0111\u1ea1i v\u1edbi 3 ch\u1ea5u, b\u1ecdc da, v\u00e2n g\u1ed7 v\u00e0 t\u00ednh n\u0103ng ch\u1ec9nh \u0111i\u1ec7n 4 h\u01b0\u1edbng, s\u01b0\u1edfi v\u00f4 l\u0103ng. C\u00e1c n\u00fat b\u1ea5m t\u00edch h\u1ee3p v\u00e0 n\u00fat b\u1ea5m c\u1ea3m bi\u1ebfn \u0111i\u1ec1u khi\u1ec3n m\u00e0n h\u00ecnh \u0111a th\u00f4ng tin gi\u00fap kh\u00e1ch h\u00e0ng d\u1ec5 d\u00e0ng thao t\u00e1c, l\u00e1i xe thu\u1eadn ti\u1ec7n h\u01a1n.<\/p>\n<h1><strong>AN TO\u00c0N<\/strong><\/h1>\n<h3 class=\"box-car-title\">\u0110\u00e8n chi\u1ebfu xa t\u1ef1 \u0111\u1ed9ng th\u00edch \u1ee9ng (AHS)<\/h3>\n<h3 class=\"box-car-title\">\u0110i\u1ec1u khi\u1ec3n h\u00e0nh tr\u00ecnh ch\u1ee7 \u0111\u1ed9ng (DRCC)<\/h3>\n<h3 class=\"box-car-title\">H\u1ec7 th\u1ed1ng c\u1ea3nh b\u00e1o l\u1ec7ch l\u00e0n \u0111\u01b0\u1eddng (LDA) v\u00e0 h\u1ed7 tr\u1ee3 gi\u1eef l\u00e0n \u0111\u01b0\u1eddng (LTA)<\/h3>\n<h3 class=\"box-car-title\">H\u1ec7 th\u1ed1ng c\u1ea3nh b\u00e1o ti\u1ec1n va ch\u1ea1m (PCS)<\/h3>\n<\/div>\n<\/div>\n<\/div>\n<div class=\"product-section\">\n<div class=\"row\">\n<div class=\"large-10 col pb-0 mb-0\">\n<div class=\"panel entry-content\">\u00a0<img loading=\"lazy\" decoding=\"async\" class=\"alignnone size-medium wp-image-1773\" src=\"https:\/\/toyotathuanan.com.vn\/wp-content\/uploads\/2024\/10\/44DC0A676A0AB244F9593D5F7B705FBA-300x157.jpg\" sizes=\"(max-width: 300px) 100vw, 300px\" srcset=\"https:\/\/toyotathuanan.com.vn\/wp-content\/uploads\/2024\/10\/44DC0A676A0AB244F9593D5F7B705FBA-300x157.jpg 300w, https:\/\/toyotathuanan.com.vn\/wp-content\/uploads\/2024\/10\/44DC0A676A0AB244F9593D5F7B705FBA.jpg 382w\" alt=\"\" width=\"300\" height=\"157\" \/>\u00a0<img loading=\"lazy\" decoding=\"async\" class=\"alignnone size-medium wp-image-1774\" src=\"https:\/\/toyotathuanan.com.vn\/wp-content\/uploads\/2024\/10\/90C8EC7899146CAE8466D77048944277-300x157.jpg\" sizes=\"(max-width: 300px) 100vw, 300px\" srcset=\"https:\/\/toyotathuanan.com.vn\/wp-content\/uploads\/2024\/10\/90C8EC7899146CAE8466D77048944277-300x157.jpg 300w, https:\/\/toyotathuanan.com.vn\/wp-content\/uploads\/2024\/10\/90C8EC7899146CAE8466D77048944277.jpg 382w\" alt=\"\" width=\"300\" height=\"157\" \/>\u00a0\u00a0<img loading=\"lazy\" decoding=\"async\" class=\"alignnone size-medium wp-image-1776\" src=\"https:\/\/toyotathuanan.com.vn\/wp-content\/uploads\/2024\/10\/98DA4F34EEA0DF88112D30A75E710703-300x144.jpg\" sizes=\"(max-width: 300px) 100vw, 300px\" srcset=\"https:\/\/toyotathuanan.com.vn\/wp-content\/uploads\/2024\/10\/98DA4F34EEA0DF88112D30A75E710703-300x144.jpg 300w, https:\/\/toyotathuanan.com.vn\/wp-content\/uploads\/2024\/10\/98DA4F34EEA0DF88112D30A75E710703-600x288.jpg 600w, https:\/\/toyotathuanan.com.vn\/wp-content\/uploads\/2024\/10\/98DA4F34EEA0DF88112D30A75E710703.jpg 750w\" alt=\"\" width=\"300\" height=\"144\" \/>\u00a0<img loading=\"lazy\" decoding=\"async\" class=\"alignnone size-medium wp-image-1777\" src=\"https:\/\/toyotathuanan.com.vn\/wp-content\/uploads\/2024\/10\/521A66A6851C5D7A273CF31C9DB9BB62-300x157.jpg\" sizes=\"(max-width: 300px) 100vw, 300px\" srcset=\"https:\/\/toyotathuanan.com.vn\/wp-content\/uploads\/2024\/10\/521A66A6851C5D7A273CF31C9DB9BB62-300x157.jpg 300w, https:\/\/toyotathuanan.com.vn\/wp-content\/uploads\/2024\/10\/521A66A6851C5D7A273CF31C9DB9BB62.jpg 382w\" alt=\"\" width=\"300\" height=\"157\" \/>\u00a0\u00a0\u00a0 \u00a0\u00a0<img loading=\"lazy\" decoding=\"async\" class=\"alignnone size-medium wp-image-1783\" src=\"https:\/\/toyotathuanan.com.vn\/wp-content\/uploads\/2024\/10\/E93A49271F024FC8A18F781EED7E03A8-300x144.jpg\" sizes=\"(max-width: 300px) 100vw, 300px\" srcset=\"https:\/\/toyotathuanan.com.vn\/wp-content\/uploads\/2024\/10\/E93A49271F024FC8A18F781EED7E03A8-300x144.jpg 300w, https:\/\/toyotathuanan.com.vn\/wp-content\/uploads\/2024\/10\/E93A49271F024FC8A18F781EED7E03A8-600x288.jpg 600w, https:\/\/toyotathuanan.com.vn\/wp-content\/uploads\/2024\/10\/E93A49271F024FC8A18F781EED7E03A8.jpg 750w\" alt=\"\" width=\"300\" height=\"144\" \/>\u00a0<img loading=\"lazy\" decoding=\"async\" class=\"alignnone size-medium wp-image-1784\" src=\"https:\/\/toyotathuanan.com.vn\/wp-content\/uploads\/2024\/10\/EE810FDB768B347550C1069184A6B199-300x157.jpg\" sizes=\"(max-width: 300px) 100vw, 300px\" srcset=\"https:\/\/toyotathuanan.com.vn\/wp-content\/uploads\/2024\/10\/EE810FDB768B347550C1069184A6B199-300x157.jpg 300w, https:\/\/toyotathuanan.com.vn\/wp-content\/uploads\/2024\/10\/EE810FDB768B347550C1069184A6B199.jpg 382w\" alt=\"\" width=\"300\" height=\"157\" \/><\/div>\n<\/div>\n<\/div>\n<\/div>","protected":false},"excerpt":{"rendered":"<p>\u2022 S\u1ed1 ch\u1ed7 ng\u1ed3i : 7 ch\u1ed7<br \/>\n\u2022 Ki\u1ec3u d\u00e1ng : \u0110a d\u1ee5ng<br \/>\n\u2022 Nhi\u00ean li\u1ec7u : X\u0103ng<br \/>\n\u2022 Xu\u1ea5t x\u1ee9 : Xe nh\u1eadp kh\u1ea9u<br \/>\n\u2022 Th\u00f4ng tin kh\u00e1c:<br \/>\n+ H\u1ed9p s\u1ed1 t\u1ef1 \u0111\u1ed9ng 8 c\u1ea5p<\/p>","protected":false},"featured_media":16967,"comment_status":"open","ping_status":"closed","template":"","meta":[],"product_cat":[350],"product_tag":[400,343,428,347],"class_list":{"0":"post-16966","1":"product","2":"type-product","3":"status-publish","4":"has-post-thumbnail","6":"product_cat-toyota-alphard","7":"product_tag-binh-duong-toyota","8":"product_tag-gia-xe-lan-banh-toyota","9":"product_tag-to","10":"product_tag-toyota-thuan-an","12":"first","13":"instock","14":"shipping-taxable","15":"purchasable","16":"product-type-simple"},"_links":{"self":[{"href":"https:\/\/toyotathuanan.com.vn\/en\/wp-json\/wp\/v2\/product\/16966","targetHints":{"allow":["GET"]}}],"collection":[{"href":"https:\/\/toyotathuanan.com.vn\/en\/wp-json\/wp\/v2\/product"}],"about":[{"href":"https:\/\/toyotathuanan.com.vn\/en\/wp-json\/wp\/v2\/types\/product"}],"replies":[{"embeddable":true,"href":"https:\/\/toyotathuanan.com.vn\/en\/wp-json\/wp\/v2\/comments?post=16966"}],"version-history":[{"count":2,"href":"https:\/\/toyotathuanan.com.vn\/en\/wp-json\/wp\/v2\/product\/16966\/revisions"}],"predecessor-version":[{"id":17701,"href":"https:\/\/toyotathuanan.com.vn\/en\/wp-json\/wp\/v2\/product\/16966\/revisions\/17701"}],"wp:featuredmedia":[{"embeddable":true,"href":"https:\/\/toyotathuanan.com.vn\/en\/wp-json\/wp\/v2\/media\/16967"}],"wp:attachment":[{"href":"https:\/\/toyotathuanan.com.vn\/en\/wp-json\/wp\/v2\/media?parent=16966"}],"wp:term":[{"taxonomy":"product_cat","embeddable":true,"href":"https:\/\/toyotathuanan.com.vn\/en\/wp-json\/wp\/v2\/product_cat?post=16966"},{"taxonomy":"product_tag","embeddable":true,"href":"https:\/\/toyotathuanan.com.vn\/en\/wp-json\/wp\/v2\/product_tag?post=16966"}],"curies":[{"name":"wp","href":"https:\/\/api.w.org\/{rel}","templated":true}]}}