{"id":16945,"date":"2024-10-29T13:51:40","date_gmt":"2024-10-29T06:51:40","guid":{"rendered":"https:\/\/toyotathuanan.com.vn\/?post_type=product&#038;p=16945"},"modified":"2026-03-09T10:30:10","modified_gmt":"2026-03-09T03:30:10","slug":"hilux-2-4-4x2-at-tu-dong-1-cau","status":"publish","type":"product","link":"https:\/\/toyotathuanan.com.vn\/en\/san-pham\/hilux-2-4-4x2-at-tu-dong-1-cau\/","title":{"rendered":"HILUX 2.4 4X2 AT \u2013 T\u1ef1 \u0111\u1ed9ng 1 c\u1ea7u"},"content":{"rendered":"<h1><strong>Toyota Hilux :\u00a0<em>D\u00f2ng xe b\u00e1n t\u1ea3i th\u01b0\u01a1ng m\u1ea1i b\u1ec1n b\u1ec9 nh\u1ea5t th\u1ebf gi\u1edbi<\/em><\/strong><\/h1>\n<h2 class=\"text-title\">NGO\u1ea0I TH\u1ea4T<\/h2>\n<p>C\u00e1c t\u00ednh n\u0103ng c\u00f3 th\u1ec3 kh\u00e1c nhau gi\u1eefa c\u00e1c phi\u00ean b\u1ea3n<\/p>\n<div class=\"box-car-block\">\n<div class=\"box-car-percent-pc mr-2 box-car-full-s\">\n<p><img decoding=\"async\" class=\"lazy\" src=\"https:\/\/toyotathuanan.com.vn\/wp-content\/uploads\/2024\/10\/AE9C63957A1421D2526EFE46F880E5CA.png\" alt=\"Phong c\u00e1ch, uy l\u1ef1c v\u00e0 \u0111a n\u0103ng\" data-src=\"https:\/\/toyotathuanan.com.vn\/wp-content\/uploads\/2024\/10\/AE9C63957A1421D2526EFE46F880E5CA.png\" \/><\/p>\n<div class=\"box-car-percent-text\">\n<h3 class=\"box-car-title\">Phong c\u00e1ch, uy l\u1ef1c v\u00e0 \u0111a n\u0103ng<\/h3>\n<p>HILUX m\u1edf ra k\u1ef7 nguy\u00ean m\u1edbi cho d\u00f2ng xe b\u00e1n t\u1ea3i hi\u1ec7n \u0111\u1ea1i, phong c\u00e1ch, uy l\u1ef1c v\u00e0 \u0111a n\u0103ng. V\u1edbi t\u1eebng chi ti\u1ebft \u0111\u01b0\u1ee3c thi\u1ebft k\u1ebf m\u1ea1nh m\u1ebd v\u00e0 \u0111\u1ea7y c\u1ea3m x\u00fac, ch\u1ec9 HILUX m\u1edbi c\u00f3 th\u1ec3 \u0111em \u0111\u1ebfn nh\u1eefng cu\u1ed9c chinh ph\u1ee5c x\u1ee9ng t\u1ea7m.<\/p>\n<\/div>\n<\/div>\n<div class=\"box-car-percent-pc box-car-full-s\">\n<p><img decoding=\"async\" class=\"lazy\" src=\"https:\/\/toyotathuanan.com.vn\/wp-content\/uploads\/2024\/10\/0E946726049CB687AB9186DA011AE8ED.png\" alt=\"Ph\u1ea7n h\u00f4ng xe\" data-src=\"https:\/\/toyotathuanan.com.vn\/wp-content\/uploads\/2024\/10\/0E946726049CB687AB9186DA011AE8ED.png\" \/><\/p>\n<div class=\"box-car-percent-text\">\n<h3 class=\"box-car-title\">Ph\u1ea7n h\u00f4ng xe<\/h3>\n<p>\u0110\u01b0\u1eddng d\u1eadp n\u1ed5i b\u1eaft \u0111\u1ea7u t\u1eeb m\u00e9p c\u1ee5m \u0111\u00e8n tr\u01b0\u1edbc , ch\u1ea1y d\u1ecdc th\u00e2n xe k\u1ebft h\u1ee3p v\u1edbi \u0111\u01b0\u1eddng d\u1eadp \u1edf ph\u00eda d\u01b0\u1edbi c\u1eeda xe nh\u1ea5n m\u1ea1nh d\u00e1ng v\u1ebb m\u1ea1nh m\u1ebd \u0111\u1ea7y x\u00fac c\u1ea3m c\u1ee7a HILUX . \u0110\u1eb7c bi\u1ec7t h\u01a1n , h\u1ed1c b\u00e1nh xe l\u1edbn v\u00e0 li\u1ec1n kh\u1ed1i v\u1edbi th\u00e2n xe t\u1ea1o n\u00ean m\u1ed9t t\u1ed5ng th\u1ec3 v\u00f4 c\u00f9ng v\u1eefng ch\u00e3i v\u00e0 m\u1ea1nh m\u1ebd , s\u1eb5n s\u00e0ng cho ch\u1ee7 nh\u00e2n chinh ph\u1ee5c m\u1ecdi \u0111\u1ecba h\u00ecnh.<\/p>\n<\/div>\n<\/div>\n<\/div>\n<div class=\"box-car-block\">\n<div class=\"box-car-percent-pc mr-2 box-car-full-s\">\n<p><img decoding=\"async\" class=\"lazy\" src=\"https:\/\/toyotathuanan.com.vn\/wp-content\/uploads\/2024\/10\/68BC5079344C67FD5D1FDA4499EE56EF.png\" alt=\"M\u00e2m xe\" data-src=\"https:\/\/toyotathuanan.com.vn\/wp-content\/uploads\/2024\/10\/68BC5079344C67FD5D1FDA4499EE56EF.png\" \/><\/p>\n<div class=\"box-car-percent-text\">\n<h3 class=\"box-car-title\">M\u00e2m xe<\/h3>\n<p>\u0110\u01b0\u1ee3c trang b\u1ecb m\u00e2m \u0111\u00fac h\u1ee3p kim 6 ch\u1ea5u \u0111\u01a1n mang \u0111\u1eadm phong c\u00e1ch th\u1ec3 thao, cho v\u1ebb \u0111\u1eb9p m\u1ea1nh m\u1ebd trong t\u1eebng chuy\u1ec3n \u0111\u1ed9ng.<\/p>\n<\/div>\n<\/div>\n<div class=\"box-car-percent-pc box-car-full-s\">\n<p><img decoding=\"async\" class=\"lazy\" src=\"https:\/\/toyotathuanan.com.vn\/wp-content\/uploads\/2024\/10\/310F34AB33659481AF63F8B05DEFBE43.png\" alt=\"\u0110\u1ea7u xe\" data-src=\"https:\/\/toyotathuanan.com.vn\/wp-content\/uploads\/2024\/10\/310F34AB33659481AF63F8B05DEFBE43.png\" \/><\/p>\n<div class=\"box-car-percent-text\">\n<h3 class=\"box-car-title\">\u0110\u1ea7u xe<\/h3>\n<p>L\u01b0\u1edbi t\u1ea3n nhi\u1ec7t h\u00ecnh thang k\u1ebft h\u1ee3p v\u1edbi c\u1ea5u tr\u00fac t\u1ed5 ong t\u1ea1o n\u00ean di\u1ec7n m\u1ea1o m\u1ea1nh m\u1ebd v\u00e0 th\u1ec3 thao, kh\u1eb3ng \u0111\u1ecbnh c\u00e1 t\u00ednh v\u00e0 b\u1ea3n l\u0129nh ng\u01b0\u1eddi l\u00e1i.<\/p>\n<\/div>\n<div>\n<h2 class=\"text-title\">N\u1ed8I TH\u1ea4T<\/h2>\n<p>C\u00e1c t\u00ednh n\u0103ng c\u00f3 th\u1ec3 kh\u00e1c nhau gi\u1eefa c\u00e1c phi\u00ean b\u1ea3n<\/p>\n<div class=\"box-car-block\">\n<div class=\"box-car-percent-pc mr-2 box-car-full-s\">\n<p><img decoding=\"async\" class=\"lazy\" src=\"https:\/\/toyotathuanan.com.vn\/wp-content\/uploads\/2024\/10\/6C4F09B41C97D1919C07B459A28BEA85.jpg\" alt=\"H\u1ed9p \u0111\u1ec3 \u0111\u1ed3 c\u00f3 kh\u1ea3 n\u0103ng l\u00e0m m\u00e1t\" data-src=\"https:\/\/toyotathuanan.com.vn\/wp-content\/uploads\/2024\/10\/6C4F09B41C97D1919C07B459A28BEA85.jpg\" \/><\/p>\n<div class=\"box-car-percent-text\">\n<h3 class=\"box-car-title\">H\u1ed9p \u0111\u1ec3 \u0111\u1ed3 c\u00f3 kh\u1ea3 n\u0103ng l\u00e0m m\u00e1t<\/h3>\n<p>Ng\u0103n \u0111\u1ef1ng \u0111\u1ed3 t\u1eadn d\u1ee5ng c\u1eeda l\u1ea5y gi\u00f3 t\u1eeb h\u1ec7 th\u1ed1ng \u0111i\u1ec1u h\u00f2a gi\u00fap h\u00e0nh kh\u00e1ch c\u00f3 th\u1ec3 th\u01b0\u1edfng th\u1ee9c \u0111\u1ed3 u\u1ed1ng n\u00f3ng ho\u1eb7c l\u1ea1nh ngay tr\u00ean xe, mang t\u1edbi nh\u1eefng gi\u00e2y ph\u00fat \u0111\u1ea7y s\u1ea3ng kho\u00e1i c\u1ee7a b\u1ea1n c\u00f9ng HILUX.<\/p>\n<\/div>\n<\/div>\n<div class=\"box-car-percent-pc box-car-full-s\">\n<p><img decoding=\"async\" class=\"lazy\" src=\"https:\/\/toyotathuanan.com.vn\/wp-content\/uploads\/2024\/10\/04A9773F813E1CA5B4E9B7D9D0A4C994.png\" alt=\"Gi\u00e1 gi\u1eef ly ph\u00eda tr\u01b0\u1edbc\" data-src=\"https:\/\/toyotathuanan.com.vn\/wp-content\/uploads\/2024\/10\/04A9773F813E1CA5B4E9B7D9D0A4C994.png\" \/><\/p>\n<div class=\"box-car-percent-text\">\n<h3 class=\"box-car-title\">Gi\u00e1 gi\u1eef ly ph\u00eda tr\u01b0\u1edbc<\/h3>\n<p>Khay \u0111\u1ef1ng ly ti\u1ec7n l\u1ee3i ngay trong t\u1ea7m v\u1edbi t\u1eeb h\u00e0ng gh\u1ebf ph\u00eda tr\u01b0\u1edbc c\u0169ng \u0111\u01b0\u1ee3c d\u00f9ng \u0111\u1ec3 \u0111\u1ef1ng nh\u1eefng v\u1eadt d\u1ee5ng nh\u1ecf khi c\u1ea7n thi\u1ebft.<\/p>\n<\/div>\n<\/div>\n<\/div>\n<div class=\"box-car-block\">\n<div class=\"box-car-percent-pc mr-2 box-car-full-s\">\n<p><img decoding=\"async\" class=\"lazy\" src=\"https:\/\/toyotathuanan.com.vn\/wp-content\/uploads\/2024\/10\/645A2E466695156E3B630CB35F740914.jpg\" alt=\"H\u1ec7 th\u1ed1ng \u00e2m thanh\" data-src=\"https:\/\/toyotathuanan.com.vn\/wp-content\/uploads\/2024\/10\/645A2E466695156E3B630CB35F740914.jpg\" \/><\/p>\n<div class=\"box-car-percent-text\">\n<h3 class=\"box-car-title\">H\u1ec7 th\u1ed1ng \u00e2m thanh<\/h3>\n<p>M\u00e0n h\u00ecnh c\u1ea3m \u1ee9ng 9 inch r\u1ed9ng l\u1edbn, c\u00f9ng k\u1ebft n\u1ed1i \u0111i\u1ec7n tho\u1ea1i kh\u00f4ng d\u00e2y bi\u1ebfn Hilux tr\u1edf th\u00e0nh h\u1ec7 th\u1ed1ng gi\u1ea3i tr\u00ed di \u0111\u1ed9ng ngay tr\u00ean xe, mang \u0111\u1ebfn tr\u1ea3i nghi\u1ec7m \u00e2m thanh s\u1ed1ng \u0111\u1ed9ng tr\u00ean t\u1eebng c\u00e2y s\u1ed1.<\/p>\n<\/div>\n<\/div>\n<div class=\"box-car-percent-pc box-car-full-s\">\n<p><img decoding=\"async\" class=\"lazy\" src=\"https:\/\/toyotathuanan.com.vn\/wp-content\/uploads\/2024\/10\/881F9804244BA48C3665DF9A0CC98860.jpg\" alt=\"T\u1ef1a tay cho h\u00e0nh kh\u00e1ch ph\u00eda sau\" data-src=\"https:\/\/toyotathuanan.com.vn\/wp-content\/uploads\/2024\/10\/881F9804244BA48C3665DF9A0CC98860.jpg\" \/><\/p>\n<div class=\"box-car-percent-text\">\n<h3 class=\"box-car-title\">T\u1ef1a tay cho h\u00e0nh kh\u00e1ch ph\u00eda sau<\/h3>\n<p>T\u1ef1a tay cho h\u00e0ng gh\u1ebf ph\u00eda sau t\u1ea1o s\u1ef1 tho\u1ea3i m\u00e1i v\u00e0 ti\u1ec7n nghi t\u1ed1i \u01b0u cho h\u00e0nh kh\u00e1ch trong su\u1ed1t chuy\u1ebfn h\u00e0nh tr\u00ecnh.<\/p>\n<\/div>\n<\/div>\n<\/div>\n<div class=\"box-car-block\">\n<div class=\"box-car-percent-pc mr-2 box-car-full-s\">\n<p><img decoding=\"async\" class=\"lazy\" src=\"https:\/\/toyotathuanan.com.vn\/wp-content\/uploads\/2024\/10\/2AF4CF3329D97C7D347DE0D493979BBE.jpg\" alt=\"Ng\u0103n \u0111\u1ef1ng v\u1eadt d\u1ee5ng h\u00e0ng gh\u1ebf sau\" data-src=\"https:\/\/toyotathuanan.com.vn\/wp-content\/uploads\/2024\/10\/2AF4CF3329D97C7D347DE0D493979BBE.jpg\" \/><\/p>\n<div class=\"box-car-percent-text\">\n<h3 class=\"box-car-title\">Ng\u0103n \u0111\u1ef1ng v\u1eadt d\u1ee5ng h\u00e0ng gh\u1ebf sau<\/h3>\n<p>Ng\u0103n \u0111\u1ef1ng v\u1eadt d\u1ee5ng h\u00e0ng gh\u1ebf sau \u0111\u01b0\u1ee3c thi\u1ebft k\u1ebf nh\u1eb1m t\u1ed1i \u01b0u ho\u00e1 kh\u00f4ng gian b\u00ean trong xe, mang l\u1ea1i s\u1ef1 thu\u1eadn ti\u1ec7n t\u1ed1i \u0111a cho ng\u01b0\u1eddi s\u1eed d\u1ee5ng.<\/p>\n<\/div>\n<\/div>\n<div class=\"box-car-percent-pc box-car-full-s\">\n<p><img decoding=\"async\" class=\"lazy\" src=\"https:\/\/toyotathuanan.com.vn\/wp-content\/uploads\/2024\/10\/5B8CA44528375377F840F18635AD4111.jpg\" alt=\"Tay n\u1eafm h\u1ed7 tr\u1ee3\" data-src=\"https:\/\/toyotathuanan.com.vn\/wp-content\/uploads\/2024\/10\/5B8CA44528375377F840F18635AD4111.jpg\" \/><\/p>\n<div class=\"box-car-percent-text\">\n<h3 class=\"box-car-title\">Tay n\u1eafm h\u1ed7 tr\u1ee3<\/h3>\n<p>Tay n\u1eafm h\u1ed7 tr\u1ee3 ng\u01b0\u1eddi l\u00e1i v\u00e0 h\u00e0nh kh\u00e1ch l\u00ean xu\u1ed1ng xe m\u1ed9t c\u00e1ch d\u1ec5 d\u00e0ng.<\/p>\n<\/div>\n<\/div>\n<\/div>\n<div class=\"box-car-block\">\n<div class=\"box-car-percent-pc mr-2 box-car-full-s\">\n<p><img decoding=\"async\" class=\"lazy\" src=\"https:\/\/toyotathuanan.com.vn\/wp-content\/uploads\/2024\/10\/4BECB08898D1A67BA57815307439A2A7.jpg\" alt=\"H\u1ed9p \u0111\u1ef1ng m\u1eaft k\u00ednh\" data-src=\"https:\/\/toyotathuanan.com.vn\/wp-content\/uploads\/2024\/10\/4BECB08898D1A67BA57815307439A2A7.jpg\" \/><\/p>\n<div class=\"box-car-percent-text\">\n<h3 class=\"box-car-title\">H\u1ed9p \u0111\u1ef1ng m\u1eaft k\u00ednh<\/h3>\n<p>V\u1edbi vi\u1ec7c trang b\u1ecb h\u1ed9p \u0111\u1ef1ng m\u1eaft k\u00ednh, HILUX cho th\u1ea5y s\u1ef1 ti\u1ec7n nghi t\u1ed1i \u0111a mong mu\u1ed1n mang \u0111\u1ebfn cho h\u00e0nh kh\u00e1ch.<\/p>\n<\/div>\n<\/div>\n<div class=\"box-car-percent-pc box-car-full-s\">\n<p><img decoding=\"async\" class=\"lazy\" src=\"https:\/\/toyotathuanan.com.vn\/wp-content\/uploads\/2024\/10\/5DE6D2C2C6B87E2305B3923307BA0DE9.jpg\" alt=\"H\u00e0ng gh\u1ebf g\u1eadp sau 40\/60\" data-src=\"https:\/\/toyotathuanan.com.vn\/wp-content\/uploads\/2024\/10\/5DE6D2C2C6B87E2305B3923307BA0DE9.jpg\" \/><\/p>\n<div class=\"box-car-percent-text\">\n<h3 class=\"box-car-title\">H\u00e0ng gh\u1ebf g\u1eadp sau 40\/60<\/h3>\n<p>H\u00e0ng gh\u1ebf sau c\u00f3 kh\u1ea3 n\u0103ng g\u1eadp 60\/40 t\u1ea1o th\u00eam kh\u00f4ng gian r\u1ed9ng r\u00e3i ph\u00eda sau v\u00e0 c\u1ea3 ph\u00eda d\u01b0\u1edbi ch\u00e2n gh\u1ebf. \u0110\u1eb7c bi\u1ec7t tay t\u1ef1a l\u1edbn \u1edf ch\u00ednh gi\u1eefa h\u00e0ng gh\u1ebf ph\u00eda sau c\u00f3 kh\u1ea3 n\u0103ng g\u1eadp l\u00ean g\u1ecdn g\u00e0ng v\u00e0 g\u1eadp xu\u1ed1ng v\u1edbi 2 khay \u0111\u1ef1ng ly ti\u1ec7n d\u1ee5ng.<\/p>\n<\/div>\n<\/div>\n<\/div>\n<div class=\"box-car-block\">\n<div class=\"box-car-percent-pc mr-2 box-car-full-s\">\n<p><img decoding=\"async\" class=\"lazy\" src=\"https:\/\/toyotathuanan.com.vn\/wp-content\/uploads\/2024\/10\/3CD7AA21BEC98C85FC15080D433C63C5.jpg\" alt=\"Khoang l\u00e1i r\u1ed9ng r\u00e3i, ti\u1ec7n nghi\" data-src=\"https:\/\/toyotathuanan.com.vn\/wp-content\/uploads\/2024\/10\/3CD7AA21BEC98C85FC15080D433C63C5.jpg\" \/><\/p>\n<div class=\"box-car-percent-text\">\n<h3 class=\"box-car-title\">Khoang l\u00e1i r\u1ed9ng r\u00e3i, ti\u1ec7n nghi<\/h3>\n<p>N\u1ed9i th\u1ea5t hi\u1ec7n \u0111\u1ea1i v\u1edbi thi\u1ebft k\u1ebf khoang l\u00e1i th\u1ec3 thao c\u00f9ng khu v\u1ef1c \u0111i\u1ec1u khi\u1ec3n trung t\u00e2m mang l\u1ea1i s\u1ef1 ti\u1ec7n l\u1ee3i v\u00e0 c\u1ea3m gi\u00e1c h\u01b0ng ph\u1ea5n khi s\u1eed d\u1ee5ng.<\/p>\n<\/div>\n<\/div>\n<\/div>\n<\/div>\n<\/div>\n<\/div>","protected":false},"excerpt":{"rendered":"<p>\u2022 S\u1ed1 ch\u1ed7 ng\u1ed3i : 5 ch\u1ed7<br \/>\n\u2022 Ki\u1ec3u d\u00e1ng : B\u00e1n t\u1ea3i<br \/>\n\u2022 Nhi\u00ean li\u1ec7u : D\u1ea7u<br \/>\n\u2022 Xu\u1ea5t x\u1ee9 : Xe nh\u1eadp kh\u1ea9u<br \/>\n\u2022 Th\u00f4ng tin kh\u00e1c:<br \/>\n+ S\u1ed1 t\u1ef1 \u0111\u1ed9ng<\/p>","protected":false},"featured_media":17911,"comment_status":"open","ping_status":"closed","template":"","meta":[],"product_cat":[322],"product_tag":[400,343,347],"class_list":{"0":"post-16945","1":"product","2":"type-product","3":"status-publish","4":"has-post-thumbnail","6":"product_cat-toyota-hilux","7":"product_tag-binh-duong-toyota","8":"product_tag-gia-xe-lan-banh-toyota","9":"product_tag-toyota-thuan-an","11":"first","12":"instock","13":"shipping-taxable","14":"purchasable","15":"product-type-simple"},"_links":{"self":[{"href":"https:\/\/toyotathuanan.com.vn\/en\/wp-json\/wp\/v2\/product\/16945","targetHints":{"allow":["GET"]}}],"collection":[{"href":"https:\/\/toyotathuanan.com.vn\/en\/wp-json\/wp\/v2\/product"}],"about":[{"href":"https:\/\/toyotathuanan.com.vn\/en\/wp-json\/wp\/v2\/types\/product"}],"replies":[{"embeddable":true,"href":"https:\/\/toyotathuanan.com.vn\/en\/wp-json\/wp\/v2\/comments?post=16945"}],"version-history":[{"count":2,"href":"https:\/\/toyotathuanan.com.vn\/en\/wp-json\/wp\/v2\/product\/16945\/revisions"}],"predecessor-version":[{"id":17915,"href":"https:\/\/toyotathuanan.com.vn\/en\/wp-json\/wp\/v2\/product\/16945\/revisions\/17915"}],"wp:featuredmedia":[{"embeddable":true,"href":"https:\/\/toyotathuanan.com.vn\/en\/wp-json\/wp\/v2\/media\/17911"}],"wp:attachment":[{"href":"https:\/\/toyotathuanan.com.vn\/en\/wp-json\/wp\/v2\/media?parent=16945"}],"wp:term":[{"taxonomy":"product_cat","embeddable":true,"href":"https:\/\/toyotathuanan.com.vn\/en\/wp-json\/wp\/v2\/product_cat?post=16945"},{"taxonomy":"product_tag","embeddable":true,"href":"https:\/\/toyotathuanan.com.vn\/en\/wp-json\/wp\/v2\/product_tag?post=16945"}],"curies":[{"name":"wp","href":"https:\/\/api.w.org\/{rel}","templated":true}]}}