{"id":16933,"date":"2024-10-29T13:44:02","date_gmt":"2024-10-29T06:44:02","guid":{"rendered":"https:\/\/toyotathuanan.com.vn\/?post_type=product&#038;p=16933"},"modified":"2026-03-09T10:32:09","modified_gmt":"2026-03-09T03:32:09","slug":"hilux-2-8-4x4-at-adventure-tu-dong-2-cau","status":"publish","type":"product","link":"https:\/\/toyotathuanan.com.vn\/en\/san-pham\/hilux-2-8-4x4-at-adventure-tu-dong-2-cau\/","title":{"rendered":"HILUX 2.8 4X4 AT Adventure \u2013 T\u1ef1 \u0111\u1ed9ng 2 c\u1ea7u"},"content":{"rendered":"<h1><strong>Toyota Hilux :\u00a0<em>D\u00f2ng xe b\u00e1n t\u1ea3i th\u01b0\u01a1ng m\u1ea1i b\u1ec1n b\u1ec9 nh\u1ea5t th\u1ebf gi\u1edbi<\/em><\/strong><\/h1>\n<h2 class=\"text-title\">NGO\u1ea0I TH\u1ea4T<\/h2>\n<p>C\u00e1c t\u00ednh n\u0103ng c\u00f3 th\u1ec3 kh\u00e1c nhau gi\u1eefa c\u00e1c phi\u00ean b\u1ea3n<\/p>\n<div class=\"box-car-inline box-car-full-s\">\n<p><img decoding=\"async\" class=\"lazy\" src=\"https:\/\/toyotathuanan.com.vn\/wp-content\/uploads\/2024\/10\/13A1C0B3C29798A3599F035BB7FE9320.jpg\" alt=\"\u0110\u1ea7u xe\" \/><\/p>\n<div class=\"box-car-inline-text\">\n<p class=\"box-car-title\">\u0110\u1ea7u xe<\/p>\n<p>L\u01b0\u1edbi t\u1ea3n nhi\u1ec7t h\u00ecnh thang k\u1ebft h\u1ee3p v\u1edbi c\u1ea5u tr\u00fac nan l\u01b0\u1edbi to t\u1ea1o n\u00ean di\u1ec7n m\u1ea1o m\u1ea1nh m\u1ebd v\u00e0 th\u1ec3 thao, kh\u1eb3ng \u0111\u1ecbnh c\u00e1 t\u00ednh v\u00e0 b\u1ea3n l\u0129nh ng\u01b0\u1eddi l\u00e1i.<\/p>\n<\/div>\n<\/div>\n<div class=\"box-car-block\">\n<div class=\"box-car-percent-pc mr-2 box-car-full-s\">\n<p><img decoding=\"async\" class=\"lazy\" src=\"https:\/\/toyotathuanan.com.vn\/wp-content\/uploads\/2024\/10\/41132D03F6813CDE33816B0E50362B59.jpg\" alt=\"Khoang ch\u1edf h\u00e0ng\" \/><\/p>\n<div class=\"box-car-percent-text\">\n<p class=\"box-car-title\">Khoang ch\u1edf h\u00e0ng<\/p>\n<p>V\u1edbi khoang ch\u1edf h\u00e0ng c\u00f3 s\u1ee9c ch\u1ee9a l\u1edbn, \u0111\u01b0\u1ee3c thi\u1ebft k\u1ebf t\u1ed1i \u01b0u cho vi\u1ec7c x\u1ebfp d\u1ee1 \u0111\u1ed3 \u0111\u1ea1c. Ch\u1ee7 nh\u00e2n s\u1ebd ho\u00e0n to\u00e0n h\u00e0i l\u00f2ng v\u00e0 th\u00edch th\u00fa khi s\u1edf h\u1eefu chi\u1ebfc HILUX v\u1eeba sang tr\u1ecdng nh\u01b0 m\u1ed9t chi\u1ebfc xe du l\u1ecbch, v\u1eeba c\u00f3 kh\u1ea3 n\u0103ng chuy\u00ean ch\u1edf ti\u1ec7n nghi c\u1ee7a m\u1ed9t chi\u1ebfc b\u00e1n t\u1ea3i \u0111\u00fang ngh\u0129a.<\/p>\n<\/div>\n<\/div>\n<div class=\"box-car-percent-pc box-car-full-s\">\n<p><img decoding=\"async\" class=\"lazy\" src=\"https:\/\/toyotathuanan.com.vn\/wp-content\/uploads\/2024\/10\/B739EB2829F9BEDC6F75107D833138B5.jpg\" alt=\"https:\/\/toyotathuanan.com.vn\/wp-content\/uploads\/2024\/10\/B739EB2829F9BEDC6F75107D833138B5.jpg\" \/><\/p>\n<div class=\"box-car-percent-text\">\n<p class=\"box-car-title\">Ph\u1ea7n h\u00f4ng xe<\/p>\n<p>\u0110\u01b0\u1eddng d\u1eadp n\u1ed5i b\u1eaft \u0111\u1ea7u t\u1eeb m\u00e9p c\u1ee5m \u0111\u00e8n tr\u01b0\u1edbc, ch\u1ea1y d\u1ecdc th\u00e2n xe k\u1ebft h\u1ee3p v\u1edbi \u0111\u01b0\u1eddng d\u1eadp \u1edf ph\u00eda d\u01b0\u1edbi c\u1eeda xe nh\u1ea5n m\u1ea1nh d\u00e1ng v\u1ebb m\u1ea1nh m\u1ebd \u0111\u1ea7y x\u00fac c\u1ea3m c\u1ee7a HILUX. \u0110\u1eb7c bi\u1ec7t h\u01a1n, h\u1ed1c b\u00e1nh xe l\u1edbn v\u00e0 li\u1ec1n kh\u1ed1i v\u1edbi th\u00e2n xe t\u1ea1o n\u00ean m\u1ed9t t\u1ed5ng th\u1ec3 v\u00f4 c\u00f9ng v\u1eefng ch\u00e3i v\u00e0 m\u1ea1nh m\u1ebd , s\u1eb5n s\u00e0ng cho ch\u1ee7 nh\u00e2n chinh ph\u1ee5c m\u1ecdi \u0111\u1ecba h\u00ecnh.<\/p>\n<\/div>\n<div><img decoding=\"async\" src=\"https:\/\/toyotathuanan.com.vn\/wp-content\/uploads\/2024\/10\/04A9773F813E1CA5B4E9B7D9D0A4C994.png\" alt=\"Gi\u00e1 gi\u1eef c\u1ed1c\" \/><\/div>\n<\/div>\n<\/div>","protected":false},"excerpt":{"rendered":"<p>\u2022 S\u1ed1 ch\u1ed7 ng\u1ed3i : 5 ch\u1ed7<br \/>\n\u2022 Ki\u1ec3u d\u00e1ng : B\u00e1n t\u1ea3i<br \/>\n\u2022 Nhi\u00ean li\u1ec7u : D\u1ea7u<br \/>\n\u2022 Xu\u1ea5t x\u1ee9 : Xe nh\u1eadp kh\u1ea9u<br \/>\n\u2022 Th\u00f4ng tin kh\u00e1c:<br \/>\n+ S\u1ed1 t\u1ef1 \u0111\u1ed9ng<\/p>","protected":false},"featured_media":17911,"comment_status":"open","ping_status":"closed","template":"","meta":[],"product_cat":[322],"product_tag":[343,347],"class_list":{"0":"post-16933","1":"product","2":"type-product","3":"status-publish","4":"has-post-thumbnail","6":"product_cat-toyota-hilux","7":"product_tag-gia-xe-lan-banh-toyota","8":"product_tag-toyota-thuan-an","10":"first","11":"instock","12":"shipping-taxable","13":"purchasable","14":"product-type-simple"},"_links":{"self":[{"href":"https:\/\/toyotathuanan.com.vn\/en\/wp-json\/wp\/v2\/product\/16933","targetHints":{"allow":["GET"]}}],"collection":[{"href":"https:\/\/toyotathuanan.com.vn\/en\/wp-json\/wp\/v2\/product"}],"about":[{"href":"https:\/\/toyotathuanan.com.vn\/en\/wp-json\/wp\/v2\/types\/product"}],"replies":[{"embeddable":true,"href":"https:\/\/toyotathuanan.com.vn\/en\/wp-json\/wp\/v2\/comments?post=16933"}],"version-history":[{"count":2,"href":"https:\/\/toyotathuanan.com.vn\/en\/wp-json\/wp\/v2\/product\/16933\/revisions"}],"predecessor-version":[{"id":17916,"href":"https:\/\/toyotathuanan.com.vn\/en\/wp-json\/wp\/v2\/product\/16933\/revisions\/17916"}],"wp:featuredmedia":[{"embeddable":true,"href":"https:\/\/toyotathuanan.com.vn\/en\/wp-json\/wp\/v2\/media\/17911"}],"wp:attachment":[{"href":"https:\/\/toyotathuanan.com.vn\/en\/wp-json\/wp\/v2\/media?parent=16933"}],"wp:term":[{"taxonomy":"product_cat","embeddable":true,"href":"https:\/\/toyotathuanan.com.vn\/en\/wp-json\/wp\/v2\/product_cat?post=16933"},{"taxonomy":"product_tag","embeddable":true,"href":"https:\/\/toyotathuanan.com.vn\/en\/wp-json\/wp\/v2\/product_tag?post=16933"}],"curies":[{"name":"wp","href":"https:\/\/api.w.org\/{rel}","templated":true}]}}