{"id":16708,"date":"2024-10-28T22:56:39","date_gmt":"2024-10-28T15:56:39","guid":{"rendered":"https:\/\/toyotathuanan.com.vn\/?post_type=product&#038;p=16708"},"modified":"2024-10-28T22:56:39","modified_gmt":"2024-10-28T15:56:39","slug":"corolla-cross-1-8v","status":"publish","type":"product","link":"https:\/\/toyotathuanan.com.vn\/en\/san-pham\/corolla-cross-1-8v\/","title":{"rendered":"COROLLA CROSS 1.8V"},"content":{"rendered":"<p>TOYOTA COROLLA CROSS 1.8V<\/p>\n<h2 class=\"text-title\">NGO\u1ea0I TH\u1ea4T<\/h2>\n<p>C\u00e1c t\u00ednh n\u0103ng c\u00f3 th\u1ec3 kh\u00e1c nhau gi\u1eefa c\u00e1c phi\u00ean b\u1ea3n<\/p>\n<div class=\"box-car-inline box-car-full-s\"><img decoding=\"async\" class=\"lazy\" src=\"https:\/\/www.toyota.com.vn\/\/Resources\/Images\/E24F740173FE128BBDB2B1A4332CF9C1.png\" alt=\"L\u01b0\u1edbi t\u1ea3n nhi\u1ec7t t\u1ed5 ong ho\u00e0n to\u00e0n m\u1edbi \" \/><\/p>\n<div class=\"box-car-inline-text\">\n<p class=\"box-car-title\">L\u01b0\u1edbi t\u1ea3n nhi\u1ec7t t\u1ed5 ong ho\u00e0n to\u00e0n m\u1edbi<\/p>\n<p>Mang \u0111\u01b0\u1eddng n\u00e9t c\u00e1 t\u00ednh t\u1ea1o n\u00ean v\u1ebb ngo\u00e0i \u0111\u1ea7y \u1ea5n t\u01b0\u1ee3ng.<\/p>\n<\/div>\n<\/div>\n<div class=\"box-car-block\">\n<div class=\"box-car-percent-pc mr-2 box-car-full-s\"><img decoding=\"async\" class=\"lazy\" src=\"https:\/\/www.toyota.com.vn\/\/Resources\/Images\/D73647D37F049B7BFD1C491C97420F96.png\" alt=\"M\u00e2m xe 18 inch\" \/><\/p>\n<div class=\"box-car-percent-text\">\n<p class=\"box-car-title\">M\u00e2m xe 18 inch<\/p>\n<p>M\u00e0u s\u1eafc \u0111en tr\u1eafng t\u01b0\u01a1ng ph\u1ea3n, g\u00f3p ph\u1ea7n t\u1ea1o n\u00ean di\u1ec7n m\u1ea1o v\u1eeba m\u1ea1nh m\u1ebd v\u1eeba sang tr\u1ecdng.<\/p>\n<\/div>\n<\/div>\n<div class=\"box-car-percent-pc box-car-full-s\"><img decoding=\"async\" class=\"lazy\" src=\"https:\/\/www.toyota.com.vn\/\/Resources\/Images\/215CE7106AB0E383883DC8612CEE328E.png\" alt=\"https:\/\/www.toyota.com.vn\/\/Resources\/Images\/215CE7106AB0E383883DC8612CEE328E.png\" \/><\/p>\n<div class=\"box-car-percent-text\">\n<p class=\"box-car-title\">C\u1ee5m \u0111\u00e8n LED ki\u1ec3u m\u1edbi t\u00edch h\u1ee3p \u0111\u00e8n b\u00e1o r\u1ebd d\u1ea1ng d\u00f2ng ch\u1ea3y<\/p>\n<p>T\u0103ng th\u00eam s\u1ef1 m\u1ea1nh m\u1ebd, \u0111\u01b0\u1eddng n\u00e9t th\u1ec3 thao cho ph\u1ea7n \u0111\u1ea7u xe.<\/p>\n<\/div>\n<div>\n<h2 class=\"text-title\">\u1ed8I TH\u1ea4T<\/h2>\n<p>C\u00e1c t\u00ednh n\u0103ng c\u00f3 th\u1ec3 kh\u00e1c nhau gi\u1eefa c\u00e1c phi\u00ean b\u1ea3n<\/p>\n<div class=\"box-car-block\">\n<div class=\"box-car-percent-pc mr-2 box-car-full-s\"><img decoding=\"async\" class=\"lazy\" src=\"https:\/\/www.toyota.com.vn\/\/Resources\/Images\/210A62CB9E42948783D4DE90D95CE8CA.png\" alt=\"Khoang ch\u1ee9a \u0111\u1ed3 r\u1ed9ng r\u00e3i, linh ho\u1ea1t \" data-src=\"https:\/\/www.toyota.com.vn\/\/Resources\/Images\/210A62CB9E42948783D4DE90D95CE8CA.png\" \/><\/p>\n<div class=\"box-car-percent-text\">\n<h3 class=\"box-car-title\">Khoang ch\u1ee9a \u0111\u1ed3 r\u1ed9ng r\u00e3i, linh ho\u1ea1t<\/h3>\n<p>Khoang h\u00e0nh l\u00fd v\u1edbi dung t\u00edch 440l c\u00f9ng h\u00e0ng gh\u1ebf sau t\u00f9y ch\u1ec9nh \u0111\u1ed9 g\u1eadp 60:40 cho ph\u00e9p b\u1ea1n t\u1eadn d\u1ee5ng t\u1ed1i \u0111a kh\u00f4ng gian.<\/p>\n<\/div>\n<\/div>\n<div class=\"box-car-percent-pc box-car-full-s\"><img decoding=\"async\" class=\"lazy\" src=\"https:\/\/www.toyota.com.vn\/\/Resources\/Images\/2ECAFB98D8791E36A5EE2A5B0B6EAF4E.png\" alt=\"Gh\u1ebf b\u1ecdc da\" data-src=\"https:\/\/www.toyota.com.vn\/\/Resources\/Images\/2ECAFB98D8791E36A5EE2A5B0B6EAF4E.png\" \/><\/p>\n<div class=\"box-car-percent-text\">\n<h3 class=\"box-car-title\">Gh\u1ebf b\u1ecdc da<\/h3>\n<p>Ch\u1ea5t li\u1ec7u gh\u1ebf da cao c\u1ea5p t\u00f4n l\u00ean s\u1ef1 sang tr\u1ecdng cho t\u1ed5ng th\u1ec3 n\u1ed9i th\u1ea5t xe.<\/p>\n<\/div>\n<\/div>\n<\/div>\n<div class=\"box-car-block\">\n<div class=\"box-car-percent-pc mr-2 box-car-full-s\"><img decoding=\"async\" class=\"lazy\" src=\"https:\/\/www.toyota.com.vn\/\/Resources\/Images\/7054000DB27AE53A9F582470A6AEB19B.png\" alt=\"Phanh tay \u0111i\u1ec7n t\u1eed\" data-src=\"https:\/\/www.toyota.com.vn\/\/Resources\/Images\/7054000DB27AE53A9F582470A6AEB19B.png\" \/><\/p>\n<div class=\"box-car-percent-text\">\n<h3 class=\"box-car-title\">Phanh tay \u0111i\u1ec7n t\u1eed<\/h3>\n<p>H\u1ec7 th\u1ed1ng phanh tay \u0111i\u1ec7n t\u1eed v\u00e0 t\u1ef1 \u0111\u1ed9ng gi\u1eef phanh \u0111\u1eb7t \u1edf v\u1ecb tr\u00ed thu\u1eadn l\u1ee3i cho ng\u01b0\u1eddi l\u00e1i, \u0111\u1ea3m b\u1ea3o an to\u00e0n khi d\u1eebng \u0111\u1ed7 xe \u1edf b\u1ea5t c\u1ee9 n\u01a1i \u0111\u00e2u.<\/p>\n<\/div>\n<\/div>\n<div class=\"box-car-percent-pc box-car-full-s\"><img decoding=\"async\" class=\"lazy\" src=\"https:\/\/www.toyota.com.vn\/\/Resources\/Images\/CC5F98E225188576F87F666E4FD200B7.png\" alt=\"M\u00e0n h\u00ecnh gi\u1ea3i tr\u00ed \" data-src=\"https:\/\/www.toyota.com.vn\/\/Resources\/Images\/CC5F98E225188576F87F666E4FD200B7.png\" \/><\/p>\n<div class=\"box-car-percent-text\">\n<h3 class=\"box-car-title\">M\u00e0n h\u00ecnh gi\u1ea3i tr\u00ed<\/h3>\n<p>M\u00e0n h\u00ecnh c\u1ea3m \u1ee9ng n\u1ed5i v\u1edbi giao di\u1ec7n tr\u1ef1c quan mang \u0111\u1ebfn tr\u1ea3i nghi\u1ec7m gi\u1ea3i tr\u00ed \u0111\u1eb3ng c\u1ea5p, cho ng\u01b0\u1eddi l\u00e1i th\u01b0\u1edfng th\u1ee9c \u00e2m nh\u1ea1c m\u1ecdi l\u00fac m\u1ecdi n\u01a1i.<\/p>\n<\/div>\n<\/div>\n<\/div>\n<div class=\"box-car-block\">\n<div class=\"box-car-percent-pc mr-2 box-car-full-s\"><img decoding=\"async\" class=\"lazy\" src=\"https:\/\/www.toyota.com.vn\/\/Resources\/Images\/1B6125EB94A9E63E42C235867CEC4911.png\" alt=\"M\u00e0n h\u00ecnh hi\u1ec3n th\u1ecb \u0111a th\u00f4ng tin\" data-src=\"https:\/\/www.toyota.com.vn\/\/Resources\/Images\/1B6125EB94A9E63E42C235867CEC4911.png\" \/><\/p>\n<div class=\"box-car-percent-text\">\n<h3 class=\"box-car-title\">M\u00e0n h\u00ecnh hi\u1ec3n th\u1ecb \u0111a th\u00f4ng tin<\/h3>\n<p>M\u00e0n h\u00ecnh hi\u1ec3n th\u1ecb \u0111a th\u00f4ng tin 12.3-inch gi\u00fap ng\u01b0\u1eddi l\u00e1i thu\u1eadn ti\u1ec7n n\u1eafm b\u1eaft c\u00e1c th\u00f4ng s\u1ed1 v\u1eadn h\u00e0nh ch\u00ednh x\u00e1c, r\u00f5 r\u00e0ng v\u00e0 nhanh ch\u00f3ng.<\/p>\n<\/div>\n<\/div>\n<div class=\"box-car-percent-pc box-car-full-s\"><img decoding=\"async\" class=\"lazy\" src=\"https:\/\/www.toyota.com.vn\/\/Resources\/Images\/A0FDAA801D6EF1A052A34799ECAC1F59.png\" alt=\"C\u1eeda gi\u00f3 sau, c\u1ed5ng s\u1ea1c USB-C\" data-src=\"https:\/\/www.toyota.com.vn\/\/Resources\/Images\/A0FDAA801D6EF1A052A34799ECAC1F59.png\" \/><\/p>\n<div class=\"box-car-percent-text\">\n<h3 class=\"box-car-title\">C\u1eeda gi\u00f3 sau, c\u1ed5ng s\u1ea1c USB-C<\/h3>\n<p>C\u1eeda gi\u00f3 c\u00f9ng c\u1ed5ng s\u1ea1c USB-C \u0111\u01b0\u1ee3c trang b\u1ecb \u1edf h\u00e0ng gh\u1ebf sau, gi\u00fap t\u0103ng kh\u1ea3 n\u0103ng l\u00e0m m\u00e1t nhanh v\u00e0 k\u1ebft n\u1ed1i ti\u1ec7n l\u1ee3i.<\/p>\n<\/div>\n<\/div>\n<\/div>\n<div class=\"box-car-block\">\n<div class=\"box-car-percent-pc mr-2 box-car-full-s\"><img decoding=\"async\" class=\"lazy\" src=\"https:\/\/www.toyota.com.vn\/\/Resources\/Images\/BDD121E087B2B582EDA7D5FE4B498057.png\" alt=\"Camera 360\" data-src=\"https:\/\/www.toyota.com.vn\/\/Resources\/Images\/BDD121E087B2B582EDA7D5FE4B498057.png\" \/><\/p>\n<div class=\"box-car-percent-text\">\n<h3 class=\"box-car-title\">Camera 360<\/h3>\n<p>H\u1ed7 tr\u1ee3 ng\u01b0\u1eddi l\u00e1i quan s\u00e1t kh\u00f4ng gian xung quanh xe tr\u00e1nh v\u1eadt c\u1ea3n \u1edf c\u00e1c \u0111i\u1ec3m m\u00f9 v\u1eadt l\u00fd, t\u0103ng t\u00ednh an to\u00e0n khi l\u00e1i.<\/p>\n<\/div>\n<div>\n<h2 class=\"text-title\">AN TO\u00c0N<\/h2>\n<div class=\"box-car-block\">\n<div class=\"box-car-percent-pc mr-2 box-car-full-s\"><img decoding=\"async\" class=\"lazy\" src=\"https:\/\/www.toyota.com.vn\/\/Resources\/Images\/5C43F3D01F0FEEBA48BE4A39CBF26A7F.png\" alt=\"H\u1ec7 th\u1ed1ng c\u1ea3nh b\u00e1o ti\u1ec1n va ch\u1ea1m\" data-src=\"https:\/\/www.toyota.com.vn\/\/Resources\/Images\/5C43F3D01F0FEEBA48BE4A39CBF26A7F.png\" \/><\/p>\n<div class=\"box-car-percent-text\">\n<h3 class=\"box-car-title\">H\u1ec7 th\u1ed1ng c\u1ea3nh b\u00e1o ti\u1ec1n va ch\u1ea1m<\/h3>\n<p>C\u1ea3nh b\u00e1o ng\u01b0\u1eddi l\u00e1i, \u0111\u1ed3ng th\u1eddi k\u00edch ho\u1ea1t phanh h\u1ed7 tr\u1ee3 khi ng\u01b0\u1eddi l\u00e1i \u0111\u1ea1p phanh, ho\u1eb7c t\u1ef1 \u0111\u1ed9ng phanh khi ng\u01b0\u1eddi l\u00e1i kh\u00f4ng \u0111\u1ea1p phanh.<\/p>\n<\/div>\n<\/div>\n<div class=\"box-car-percent-pc box-car-full-s\"><img decoding=\"async\" class=\"lazy\" src=\"https:\/\/www.toyota.com.vn\/\/Resources\/Images\/D03EA662EA4D1F4F1161394AC8CA7CC9.png\" alt=\"H\u1ec7 th\u1ed1ng \u0111i\u1ec1u khi\u1ec3n h\u00e0nh tr\u00ecnh ch\u1ee7 \u0111\u1ed9ng (DRCC)\" data-src=\"https:\/\/www.toyota.com.vn\/\/Resources\/Images\/D03EA662EA4D1F4F1161394AC8CA7CC9.png\" \/><\/p>\n<div class=\"box-car-percent-text\">\n<h3 class=\"box-car-title\">H\u1ec7 th\u1ed1ng \u0111i\u1ec1u khi\u1ec3n h\u00e0nh tr\u00ecnh ch\u1ee7 \u0111\u1ed9ng (DRCC)<\/h3>\n<p>Radar g\u1eafn d\u01b0\u1edbi l\u01b0\u1edbi t\u1ea3n nhi\u1ec7t ph\u00eda tr\u01b0\u1edbc &amp; camera gi\u00fap ph\u00e1t hi\u1ec7n ph\u01b0\u01a1ng ti\u1ec7n ph\u00eda tr\u01b0\u1edbc. \u0110\u1ed3ng th\u1eddi, t\u1ef1 \u0111\u1ed9ng \u0111i\u1ec1u ch\u1ec9nh t\u1ed1c \u0111\u1ed9, \u0111\u1ea3m b\u1ea3o kho\u1ea3ng c\u00e1ch an to\u00e0n v\u1edbi c\u00e1c ph\u01b0\u01a1ng ti\u1ec7n \u0111ang l\u01b0u th\u00f4ng.<\/p>\n<\/div>\n<\/div>\n<\/div>\n<div class=\"box-car-block\">\n<div class=\"box-car-percent-pc mr-2 box-car-full-s\"><img decoding=\"async\" class=\"lazy\" src=\"https:\/\/www.toyota.com.vn\/\/Resources\/Images\/07DFBA915C38E9D5183990A61362F844.png\" alt=\"H\u1ec7 th\u1ed1ng c\u1ea3nh b\u00e1o ph\u01b0\u01a1ng ti\u1ec7n c\u1eaft ngang ph\u00eda sau (RCTA)\" data-src=\"https:\/\/www.toyota.com.vn\/\/Resources\/Images\/07DFBA915C38E9D5183990A61362F844.png\" \/><\/p>\n<div class=\"box-car-percent-text\">\n<h3 class=\"box-car-title\">H\u1ec7 th\u1ed1ng c\u1ea3nh b\u00e1o ph\u01b0\u01a1ng ti\u1ec7n c\u1eaft ngang ph\u00eda sau (RCTA)<\/h3>\n<p>Ph\u00e1t hi\u1ec7n c\u00e1c xe di chuy\u1ec3n \u0111\u1ebfn g\u1ea7n trong v\u00f9ng kh\u00f3 quan s\u00e1t v\u00e0 \u0111\u01b0a ra c\u1ea3nh b\u00e1o cho ng\u01b0\u1eddi l\u00e1i.<\/p>\n<\/div>\n<\/div>\n<div class=\"box-car-percent-pc box-car-full-s\"><img decoding=\"async\" class=\"lazy\" src=\"https:\/\/www.toyota.com.vn\/\/Resources\/Images\/5C43F3D01F0FEEBA48BE4A39CBF26A7F.png\" alt=\"H\u1ec7 th\u1ed1ng c\u1ea3nh b\u00e1o chuy\u1ec3n l\u00e0n \u0111\u01b0\u1eddng\" data-src=\"https:\/\/www.toyota.com.vn\/\/Resources\/Images\/5C43F3D01F0FEEBA48BE4A39CBF26A7F.png\" \/><\/p>\n<div class=\"box-car-percent-text\">\n<h3 class=\"box-car-title\">H\u1ec7 th\u1ed1ng c\u1ea3nh b\u00e1o chuy\u1ec3n l\u00e0n \u0111\u01b0\u1eddng<\/h3>\n<p>C\u1ea3nh b\u00e1o ng\u01b0\u1eddi l\u00e1i, \u0111\u1ed3ng th\u1eddi k\u00edch ho\u1ea1t phanh h\u1ed7 tr\u1ee3 khi ng\u01b0\u1eddi l\u00e1i \u0111\u1ea1p phanh, ho\u1eb7c t\u1ef1 \u0111\u1ed9ng phanh khi ng\u01b0\u1eddi l\u00e1i kh\u00f4ng \u0111\u1ea1p phanh.<\/p>\n<\/div>\n<\/div>\n<\/div>\n<div class=\"box-car-block\">\n<div class=\"box-car-percent-pc mr-2 box-car-full-s\"><img decoding=\"async\" class=\"lazy\" src=\"https:\/\/www.toyota.com.vn\/\/Resources\/Images\/807647D07D4F23868972A4FF716FB017.jpg\" alt=\"\u0110\u00e8n chi\u1ebfu xa t\u1ef1 \u0111\u1ed9ng\" data-src=\"https:\/\/www.toyota.com.vn\/\/Resources\/Images\/807647D07D4F23868972A4FF716FB017.jpg\" \/><\/p>\n<div class=\"box-car-percent-text\">\n<h3 class=\"box-car-title\">\u0110\u00e8n chi\u1ebfu xa t\u1ef1 \u0111\u1ed9ng<\/h3>\n<p>Ph\u00e1t hi\u1ec7n \u00e1nh s\u00e1ng c\u1ee7a xe ph\u00eda tr\u01b0\u1edbc v\u00e0 t\u1ef1 \u0111\u1ed9ng \u0111i\u1ec1u ch\u1ec9nh \u0111\u00e8n pha \u1edf ch\u1ebf \u0111\u1ed9 chi\u1ebfu g\u1ea7n ho\u1eb7c chi\u1ebfu xa.<\/p>\n<\/div>\n<\/div>\n<\/div>\n<\/div>\n<\/div>\n<\/div>\n<\/div>\n<\/div>\n<\/div>\n<p>TOYOTA COROLLA CROSS 1.8V, TOYOTA COROLLA CROSS 1.8V, TOYOTA COROLLA CROSS 1.8V, TOYOTA COROLLA CROSS 1.8V<\/p>","protected":false},"excerpt":{"rendered":"<p>\u2022 S\u1ed1 ch\u1ed7 ng\u1ed3i : 5 ch\u1ed7<br \/>\n\u2022 Ki\u1ec3u d\u00e1ng : SUV<br \/>\n\u2022 Nhi\u00ean li\u1ec7u : X\u0103ng<br \/>\n\u2022 Xu\u1ea5t x\u1ee9 : Xe nh\u1eadp kh\u1ea9u<br \/>\n\u2022 Th\u00f4ng tin kh\u00e1c:<br \/>\n+ S\u1ed1 t\u1ef1 \u0111\u1ed9ng v\u00f4 c\u1ea5p\/CVT<\/p>","protected":false},"featured_media":16755,"comment_status":"open","ping_status":"closed","template":"","meta":[],"product_cat":[],"product_tag":[374,343,347],"class_list":{"0":"post-16708","1":"product","2":"type-product","3":"status-publish","4":"has-post-thumbnail","6":"product_tag-corolla-cross","7":"product_tag-gia-xe-lan-banh-toyota","8":"product_tag-toyota-thuan-an","10":"first","11":"instock","12":"shipping-taxable","13":"purchasable","14":"product-type-simple"},"_links":{"self":[{"href":"https:\/\/toyotathuanan.com.vn\/en\/wp-json\/wp\/v2\/product\/16708","targetHints":{"allow":["GET"]}}],"collection":[{"href":"https:\/\/toyotathuanan.com.vn\/en\/wp-json\/wp\/v2\/product"}],"about":[{"href":"https:\/\/toyotathuanan.com.vn\/en\/wp-json\/wp\/v2\/types\/product"}],"replies":[{"embeddable":true,"href":"https:\/\/toyotathuanan.com.vn\/en\/wp-json\/wp\/v2\/comments?post=16708"}],"version-history":[{"count":1,"href":"https:\/\/toyotathuanan.com.vn\/en\/wp-json\/wp\/v2\/product\/16708\/revisions"}],"predecessor-version":[{"id":16767,"href":"https:\/\/toyotathuanan.com.vn\/en\/wp-json\/wp\/v2\/product\/16708\/revisions\/16767"}],"wp:featuredmedia":[{"embeddable":true,"href":"https:\/\/toyotathuanan.com.vn\/en\/wp-json\/wp\/v2\/media\/16755"}],"wp:attachment":[{"href":"https:\/\/toyotathuanan.com.vn\/en\/wp-json\/wp\/v2\/media?parent=16708"}],"wp:term":[{"taxonomy":"product_cat","embeddable":true,"href":"https:\/\/toyotathuanan.com.vn\/en\/wp-json\/wp\/v2\/product_cat?post=16708"},{"taxonomy":"product_tag","embeddable":true,"href":"https:\/\/toyotathuanan.com.vn\/en\/wp-json\/wp\/v2\/product_tag?post=16708"}],"curies":[{"name":"wp","href":"https:\/\/api.w.org\/{rel}","templated":true}]}}