{"id":16699,"date":"2024-10-28T21:04:54","date_gmt":"2024-10-28T14:04:54","guid":{"rendered":"https:\/\/toyotathuanan.com.vn\/?post_type=product&#038;p=16699"},"modified":"2024-10-28T21:04:55","modified_gmt":"2024-10-28T14:04:55","slug":"toyota-yaris-cross","status":"publish","type":"product","link":"https:\/\/toyotathuanan.com.vn\/en\/san-pham\/toyota-yaris-cross\/","title":{"rendered":"TOYOTA YARIS CROSS"},"content":{"rendered":"<h2>TOYOTA YARIS CROSS \u2013 HO\u00c0N TO\u00c0N M\u1edaI<\/h2>\n<h2 class=\"text-title\">NGO\u1ea0I TH\u1ea4T<\/h2>\n<p>C\u00e1c t\u00ednh n\u0103ng c\u00f3 th\u1ec3 kh\u00e1c nhau gi\u1eefa c\u00e1c phi\u00ean b\u1ea3n<\/p>\n<div class=\"box-car-block\">\n<div class=\"box-car-percent-pc mr-2 box-car-full-s\">\n<p>\u0110\u1ea7u xe<\/p>\n<div class=\"box-car-percent-text\">\n<p>\u0110\u1ea7u xe t\u1ea1o h\u00ecnh v\u1eefng ch\u00e3i c\u00f9ng thi\u1ebft k\u1ebf l\u01b0\u1edbi t\u1ea3n nhi\u1ec7t h\u00ecnh than k\u1ebft h\u1ee3p m\u1eaft l\u01b0\u1edbi \u0111an xen th\u1ea9m m\u1ef9 mang t\u1edbi di\u1ec7n m\u1ea1o kh\u1ecfe kho\u1eafn kh\u00f4ng k\u00e9m ph\u1ea7n tinh t\u1ebf.<\/p>\n<\/div>\n<\/div>\n<div class=\"box-car-percent-pc box-car-full-s\">\n<p><img fetchpriority=\"high\" decoding=\"async\" class=\"aligncenter wp-image-1765 size-full\" src=\"https:\/\/toyotabinhduongg.com\/wp-content\/uploads\/2021\/07\/yaris-cross-Binh-Duong-4.jpg\" sizes=\"(max-width: 1230px) 100vw, 1230px\" srcset=\"https:\/\/toyotabinhduongg.com\/wp-content\/uploads\/2021\/07\/yaris-cross-Binh-Duong-4.jpg 1230w, https:\/\/toyotabinhduongg.com\/wp-content\/uploads\/2021\/07\/yaris-cross-Binh-Duong-4-300x225.jpg 300w, https:\/\/toyotabinhduongg.com\/wp-content\/uploads\/2021\/07\/yaris-cross-Binh-Duong-4-1024x768.jpg 1024w, https:\/\/toyotabinhduongg.com\/wp-content\/uploads\/2021\/07\/yaris-cross-Binh-Duong-4-768x576.jpg 768w, https:\/\/toyotabinhduongg.com\/wp-content\/uploads\/2021\/07\/yaris-cross-Binh-Duong-4-600x450.jpg 600w\" alt=\"\" width=\"1230\" height=\"923\" \/><\/p>\n<div class=\"box-car-percent-text\">\n<h3 class=\"box-car-title\">C\u1ee5m \u0111\u00e8n tr\u01b0\u1edbc<\/h3>\n<p>C\u1ee5m \u0111\u00e8n LED ph\u00eda tr\u01b0\u1edbc t\u00edch h\u1ee3p d\u1ea3i \u0111\u00e8n chi\u1ebfu s\u00e1ng ban ng\u00e0y, c\u00f9ng thi\u1ebft k\u1ebf m\u1ea1 Cr\u00f4m sang tr\u1ecdng, t\u1ea1o \u1ea5n t\u01b0\u1ee3ng v\u1ec1 v\u1ebb ngo\u00e0i s\u1eafc s\u1ea3o, l\u00f4i cu\u1ed1n.<\/p>\n<\/div>\n<div>\n<div class=\"box-car-block\">\n<div class=\"box-car-percent-pc mr-2 box-car-full-s\">\n<div class=\"box-car-percent-text\">\n<h3 class=\"box-car-title\">M\u00e2m xe<\/h3>\n<p>M\u00e2m xe 18-inch \u0111a ch\u1ea5u sang tr\u1ecdng v\u00e0 m\u1ea1nh m\u1ebd.<\/p>\n<\/div>\n<\/div>\n<div class=\"box-car-percent-pc box-car-full-s\">\n<p><img decoding=\"async\" class=\"aligncenter wp-image-1769 size-full\" src=\"https:\/\/toyotabinhduongg.com\/wp-content\/uploads\/2021\/07\/yaris-cross-Binh-Duong-8.jpg\" sizes=\"(max-width: 1230px) 100vw, 1230px\" srcset=\"https:\/\/toyotabinhduongg.com\/wp-content\/uploads\/2021\/07\/yaris-cross-Binh-Duong-8.jpg 1230w, https:\/\/toyotabinhduongg.com\/wp-content\/uploads\/2021\/07\/yaris-cross-Binh-Duong-8-300x225.jpg 300w, https:\/\/toyotabinhduongg.com\/wp-content\/uploads\/2021\/07\/yaris-cross-Binh-Duong-8-1024x768.jpg 1024w, https:\/\/toyotabinhduongg.com\/wp-content\/uploads\/2021\/07\/yaris-cross-Binh-Duong-8-768x576.jpg 768w, https:\/\/toyotabinhduongg.com\/wp-content\/uploads\/2021\/07\/yaris-cross-Binh-Duong-8-600x450.jpg 600w\" alt=\"\" width=\"1230\" height=\"923\" \/><\/p>\n<div class=\"box-car-percent-text\">\n<h3 class=\"box-car-title\">G\u01b0\u01a1ng chi\u1ebfu h\u1eadu<\/h3>\n<p>G\u01b0\u01a1ng xe g\u1eadp m\u1edf t\u1ef1 \u0111\u1ed9ng t\u00edch h\u1ee3p \u0111\u00e8n b\u00e1o r\u1ebd ti\u1ec7n l\u1ee3i.<\/p>\n<\/div>\n<\/div>\n<\/div>\n<div class=\"box-car-block\">\n<div class=\"box-car-percent-pc mr-2 box-car-full-s\">\n<p>\u0110u\u00f4i xe<\/p>\n<div class=\"box-car-percent-text\">\n<p>\u0110u\u00f4i xe v\u1edbi thi\u1ebft k\u1ebf g\u00f3c c\u1ea1nh, c\u00f9ng \u1ed1p c\u1ea3n sau th\u1ec3 thao t\u1ea1o c\u1ea3m gi\u00e1c ch\u1eafc ch\u1eafn, t\u1ef1 tin tr\u00ean m\u1ecdi \u0111\u1ecba h\u00ecnh.<\/p>\n<p><img decoding=\"async\" class=\"aligncenter wp-image-1767 size-full\" src=\"https:\/\/toyotabinhduongg.com\/wp-content\/uploads\/2021\/07\/yaris-cross-Binh-Duong-6.jpg\" sizes=\"(max-width: 1230px) 100vw, 1230px\" srcset=\"https:\/\/toyotabinhduongg.com\/wp-content\/uploads\/2021\/07\/yaris-cross-Binh-Duong-6.jpg 1230w, https:\/\/toyotabinhduongg.com\/wp-content\/uploads\/2021\/07\/yaris-cross-Binh-Duong-6-300x225.jpg 300w, https:\/\/toyotabinhduongg.com\/wp-content\/uploads\/2021\/07\/yaris-cross-Binh-Duong-6-1024x768.jpg 1024w, https:\/\/toyotabinhduongg.com\/wp-content\/uploads\/2021\/07\/yaris-cross-Binh-Duong-6-768x576.jpg 768w, https:\/\/toyotabinhduongg.com\/wp-content\/uploads\/2021\/07\/yaris-cross-Binh-Duong-6-600x450.jpg 600w\" alt=\"\" width=\"1230\" height=\"923\" \/><\/p>\n<\/div>\n<div>\n<h2 class=\"text-title\">N\u1ed8I TH\u1ea4T<\/h2>\n<p>C\u00e1c t\u00ednh n\u0103ng c\u00f3 th\u1ec3 kh\u00e1c nhau gi\u1eefa c\u00e1c phi\u00ean b\u1ea3n<\/p>\n<div class=\"box-car-inline box-car-full-s\">\n<p><img loading=\"lazy\" decoding=\"async\" class=\"aligncenter wp-image-1762 size-full\" src=\"https:\/\/toyotabinhduongg.com\/wp-content\/uploads\/2021\/07\/yaris-cross-Binh-Duong-1.jpg\" sizes=\"(max-width: 1000px) 100vw, 1000px\" srcset=\"https:\/\/toyotabinhduongg.com\/wp-content\/uploads\/2021\/07\/yaris-cross-Binh-Duong-1.jpg 1000w, https:\/\/toyotabinhduongg.com\/wp-content\/uploads\/2021\/07\/yaris-cross-Binh-Duong-1-300x196.jpg 300w, https:\/\/toyotabinhduongg.com\/wp-content\/uploads\/2021\/07\/yaris-cross-Binh-Duong-1-768x502.jpg 768w, https:\/\/toyotabinhduongg.com\/wp-content\/uploads\/2021\/07\/yaris-cross-Binh-Duong-1-600x392.jpg 600w\" alt=\"\" width=\"1000\" height=\"653\" \/><\/p>\n<div class=\"box-car-inline-text\">\n<p class=\"box-car-title\"><strong>Khoang h\u00e0nh kh\u00e1ch<\/strong><\/p>\n<p>Khoang n\u1ed9i th\u1ea5t r\u1ed9ng r\u00e3i, kho\u1ea3ng c\u00e1ch gi\u1eefa hai h\u00e0ng gh\u1ebf v\u00f4 c\u00f9ng tho\u1ea3i m\u00e1i c\u00f9ng nhi\u1ec1u kh\u00f4ng gian ch\u1ee9a \u0111\u1ed3 gi\u00fap n\u00e2ng cao tr\u1ea3i nghi\u1ec7m ti\u1ec7n \u00edch cho kh\u00e1ch h\u00e0ng.<\/p>\n<\/div>\n<\/div>\n<div class=\"box-car-block\">\n<div class=\"box-car-percent-pc mr-2 box-car-full-s\">\n<p><img loading=\"lazy\" decoding=\"async\" class=\"aligncenter wp-image-1768 size-full\" src=\"https:\/\/toyotabinhduongg.com\/wp-content\/uploads\/2021\/07\/yaris-cross-Binh-Duong-7.jpg\" sizes=\"(max-width: 1230px) 100vw, 1230px\" srcset=\"https:\/\/toyotabinhduongg.com\/wp-content\/uploads\/2021\/07\/yaris-cross-Binh-Duong-7.jpg 1230w, https:\/\/toyotabinhduongg.com\/wp-content\/uploads\/2021\/07\/yaris-cross-Binh-Duong-7-300x225.jpg 300w, https:\/\/toyotabinhduongg.com\/wp-content\/uploads\/2021\/07\/yaris-cross-Binh-Duong-7-1024x768.jpg 1024w, https:\/\/toyotabinhduongg.com\/wp-content\/uploads\/2021\/07\/yaris-cross-Binh-Duong-7-768x576.jpg 768w, https:\/\/toyotabinhduongg.com\/wp-content\/uploads\/2021\/07\/yaris-cross-Binh-Duong-7-600x450.jpg 600w\" alt=\"\" width=\"1230\" height=\"923\" \/><\/p>\n<div class=\"box-car-percent-text\">\n<ul>\n<li class=\"box-car-title\">M\u00e0n h\u00ecnh hi\u1ec3n th\u1ecb \u0111a th\u00f4ng tin<\/li>\n<li>M\u00e0n h\u00ecnh 7\u2019\u2019 TFT v\u1edbi thi\u1ebft k\u1ebf hi\u1ec7n \u0111\u1ea1i, hi\u1ec3n th\u1ecb s\u1eafc n\u00e9t, t\u00edch h\u1ee3p 4 ch\u1ebf \u0111\u1ed9 t\u00f9y ch\u1ec9nh b\u1ed1 c\u1ee5c hi\u1ec3n th\u1ecb gi\u00fap nh\u1eadn di\u1ec7n c\u00e1c th\u00f4ng tin v\u1eadn h\u00e0nh m\u1ed9t c\u00e1ch tr\u1ef1c quan v\u00e0 d\u1ec5 d\u00e0ng.<\/li>\n<\/ul>\n<\/div>\n<\/div>\n<div class=\"box-car-percent-pc box-car-full-s\">\n<p><strong>\u0110\u00e8n trang tr\u00ed khoang l\u00e1i<\/strong><\/p>\n<div class=\"box-car-percent-text\">\n<p>C\u00e1c d\u1ea3i \u0111\u00e8n LED trang tr\u00ed c\u00f3 th\u1ec3 t\u00f9y ch\u1ec9nh \u0111a d\u1ea1ng v\u1ec1 m\u00e0u s\u1eafc v\u00e0 c\u1ea5p \u0111\u1ed9 s\u00e1ng, cho tr\u1ea3i nghi\u1ec7m l\u00e1i th\u00eam th\u00fa v\u1ecb v\u00e0 \u0111\u1ea7y c\u1ea3m x\u00fac.<\/p>\n<\/div>\n<div>\n<div id=\"data-operation\" class=\"container-tab-item mt-32\" data-gtm-vis-recent-on-screen-113528442_120=\"1492506\" data-gtm-vis-first-on-screen-113528442_120=\"1492506\" data-gtm-vis-total-visible-time-113528442_120=\"100\" data-gtm-vis-has-fired-113528442_120=\"1\">\n<h2 class=\"text-title\">V\u1eacN H\u00c0NH<\/h2>\n<div class=\"box-car-inline box-car-full-s\">\n<p><img loading=\"lazy\" decoding=\"async\" class=\"aligncenter wp-image-1764 size-full\" src=\"https:\/\/toyotabinhduongg.com\/wp-content\/uploads\/2021\/07\/yaris-cross-Binh-Duong-3.jpg\" sizes=\"(max-width: 1230px) 100vw, 1230px\" srcset=\"https:\/\/toyotabinhduongg.com\/wp-content\/uploads\/2021\/07\/yaris-cross-Binh-Duong-3.jpg 1230w, https:\/\/toyotabinhduongg.com\/wp-content\/uploads\/2021\/07\/yaris-cross-Binh-Duong-3-300x225.jpg 300w, https:\/\/toyotabinhduongg.com\/wp-content\/uploads\/2021\/07\/yaris-cross-Binh-Duong-3-1024x768.jpg 1024w, https:\/\/toyotabinhduongg.com\/wp-content\/uploads\/2021\/07\/yaris-cross-Binh-Duong-3-768x576.jpg 768w, https:\/\/toyotabinhduongg.com\/wp-content\/uploads\/2021\/07\/yaris-cross-Binh-Duong-3-600x450.jpg 600w\" alt=\"\" width=\"1230\" height=\"923\" \/><\/p>\n<div class=\"box-car-inline-text\">\n<p class=\"box-car-title\"><strong>B\u00e1n k\u00ednh v\u00f2ng quay t\u1ed1i thi\u1ec3u<\/strong><\/p>\n<p>B\u00e1n k\u00ednh v\u00f2ng quay t\u1ed1i thi\u1ec3u ch\u1ec9 5.2m cho ph\u00e9p di chuy\u1ec3n d\u1ec5 d\u00e0ng v\u00e0 linh ho\u1ea1t trong \u0111\u00f4 th\u1ecb, ho\u1eb7c trong kh\u00f4ng gian ch\u1eadt h\u1eb9p.<\/p>\n<\/div>\n<\/div>\n<div class=\"box-car-block\">\n<div class=\"box-car-percent-pc mr-2 box-car-full-s\">\n<div class=\"box-car-percent-text\">\n<p class=\"box-car-title\"><strong>\u0110\u1ed9ng c\u01a1<\/strong><\/p>\n<p>Trang b\u1ecb \u0111\u1ed9ng c\u01a1 2NR-VE m\u1ea1nh m\u1ebd, b\u1ec1n b\u1ec9, \u1ed5n \u0111\u1ecbnh, v\u1edbi c\u00f4ng su\u1ea5t c\u1ef1c \u0111\u1ea1i \u0111\u1ea1t 105Hp.<\/p>\n<\/div>\n<\/div>\n<div class=\"box-car-percent-pc box-car-full-s\">\n<p><img loading=\"lazy\" decoding=\"async\" class=\"aligncenter wp-image-1763 size-full\" src=\"https:\/\/toyotabinhduongg.com\/wp-content\/uploads\/2021\/07\/yaris-cross-Binh-Duong-2.jpg\" sizes=\"(max-width: 1230px) 100vw, 1230px\" srcset=\"https:\/\/toyotabinhduongg.com\/wp-content\/uploads\/2021\/07\/yaris-cross-Binh-Duong-2.jpg 1230w, https:\/\/toyotabinhduongg.com\/wp-content\/uploads\/2021\/07\/yaris-cross-Binh-Duong-2-300x225.jpg 300w, https:\/\/toyotabinhduongg.com\/wp-content\/uploads\/2021\/07\/yaris-cross-Binh-Duong-2-1024x768.jpg 1024w, https:\/\/toyotabinhduongg.com\/wp-content\/uploads\/2021\/07\/yaris-cross-Binh-Duong-2-768x576.jpg 768w, https:\/\/toyotabinhduongg.com\/wp-content\/uploads\/2021\/07\/yaris-cross-Binh-Duong-2-600x450.jpg 600w\" alt=\"\" width=\"1230\" height=\"923\" \/><\/p>\n<div class=\"box-car-percent-text\">\n<p class=\"box-car-title\"><strong>H\u1ed9p s\u1ed1<\/strong><\/p>\n<p>H\u1ed9p s\u1ed1 t\u1ef1 \u0111\u1ed9ng v\u00f4 c\u1ea5p k\u00e9p (D-CVT) mang l\u1ea1i tr\u1ea3i nghi\u1ec7m l\u00e1i m\u1ea1nh m\u1ebd, v\u00f4 c\u00f9ng \u00eam \u00e1i v\u00e0 \u0111\u1eb7c bi\u1ec7t g\u00f3p ph\u1ea7n ti\u1ebft ki\u1ec7m nhi\u00ean li\u1ec7u t\u1ed1i \u01b0u.<\/p>\n<\/div>\n<\/div>\n<\/div>\n<\/div>\n<div id=\"data-safety\" class=\"container-tab-item mt-32 aos-init aos-animate\" data-aos=\"fade-up\" data-gtm-vis-recent-on-screen-113528442_122=\"1493587\" data-gtm-vis-first-on-screen-113528442_122=\"1493587\" data-gtm-vis-total-visible-time-113528442_122=\"100\" data-gtm-vis-has-fired-113528442_122=\"1\">\n<h2 class=\"text-title\"><strong>AN TO\u00c0N<\/strong><\/h2>\n<div class=\"box-car-inline box-car-full-s aos-init aos-animate\" data-aos=\"fade-up\">\n<p><strong>T\u00fai kh\u00ed<\/strong><\/p>\n<div class=\"box-car-inline-text\">\n<p>H\u1ec7 th\u1ed1ng 6 t\u00fai kh\u00ed kh\u00f4ng nh\u1eefng b\u1ea3o v\u1ec7 tuy\u1ec7t \u0111\u1ed1i h\u00e0ng gh\u1ebf ng\u01b0\u1eddi l\u00e1i, m\u00e0 c\u00f2n cho h\u00e0nh kh\u00e1ch ph\u00eda sau trong tr\u01b0\u1eddng h\u1ee3p x\u1ea3y ra va ch\u1ea1m c\u00f3 th\u1ec3 g\u00e2y nguy hi\u1ec3m.<\/p>\n<\/div>\n<\/div>\n<div class=\"box-car-block\">\n<div class=\"box-car-percent-pc mr-2 box-car-full-s\">\n<p><strong>Camera 360<\/strong><\/p>\n<p><img loading=\"lazy\" decoding=\"async\" class=\"aligncenter wp-image-1766 size-full\" src=\"https:\/\/toyotabinhduongg.com\/wp-content\/uploads\/2021\/07\/yaris-cross-Binh-Duong-5.jpg\" sizes=\"(max-width: 1230px) 100vw, 1230px\" srcset=\"https:\/\/toyotabinhduongg.com\/wp-content\/uploads\/2021\/07\/yaris-cross-Binh-Duong-5.jpg 1230w, https:\/\/toyotabinhduongg.com\/wp-content\/uploads\/2021\/07\/yaris-cross-Binh-Duong-5-300x225.jpg 300w, https:\/\/toyotabinhduongg.com\/wp-content\/uploads\/2021\/07\/yaris-cross-Binh-Duong-5-1024x768.jpg 1024w, https:\/\/toyotabinhduongg.com\/wp-content\/uploads\/2021\/07\/yaris-cross-Binh-Duong-5-768x576.jpg 768w, https:\/\/toyotabinhduongg.com\/wp-content\/uploads\/2021\/07\/yaris-cross-Binh-Duong-5-600x450.jpg 600w\" alt=\"\" width=\"1230\" height=\"923\" \/><\/p>\n<div class=\"box-car-percent-text\">\n<p>Camera to\u00e0n c\u1ea3nh 360 g\u1ed3m 4 camera (tr\u01b0\u1edbc, sau, tr\u00e1i, ph\u1ea3i) h\u1ed7 tr\u1ee3 l\u00e1i xe an to\u00e0n, gi\u00fap ph\u00f2ng tr\u00e1nh c\u00e1c v\u1eadt c\u1ea3n \u1edf nh\u1eefng \u0111i\u1ec3m m\u00f9 xung quanh xe hay h\u1ed7 tr\u1ee3 \u0111\u1ed7 xe t\u1ea1i c\u00e1c khu v\u1ef1c h\u1eb9p.<\/p>\n<p><img loading=\"lazy\" decoding=\"async\" class=\"aligncenter wp-image-1770 size-full\" src=\"https:\/\/toyotabinhduongg.com\/wp-content\/uploads\/2021\/07\/yaris-cross-Binh-Duong-9.jpg\" sizes=\"(max-width: 960px) 100vw, 960px\" srcset=\"https:\/\/toyotabinhduongg.com\/wp-content\/uploads\/2021\/07\/yaris-cross-Binh-Duong-9.jpg 960w, https:\/\/toyotabinhduongg.com\/wp-content\/uploads\/2021\/07\/yaris-cross-Binh-Duong-9-300x225.jpg 300w, https:\/\/toyotabinhduongg.com\/wp-content\/uploads\/2021\/07\/yaris-cross-Binh-Duong-9-768x576.jpg 768w, https:\/\/toyotabinhduongg.com\/wp-content\/uploads\/2021\/07\/yaris-cross-Binh-Duong-9-600x450.jpg 600w\" alt=\"\" width=\"960\" height=\"720\" \/><\/p>\n<\/div>\n<\/div>\n<div class=\"box-car-percent-pc box-car-full-s\">\n<div class=\"box-car-percent-text\">\n<p class=\"box-car-title\">H\u1ec7 th\u1ed1ng c\u1ea3nh b\u00e1o ph\u01b0\u01a1ng ti\u1ec7n c\u1eaft ngang ph\u00eda sau (RCTA)<\/p>\n<p>Khi l\u00f9i xe t\u1eeb v\u1ecb tr\u00ed \u0111\u1ed7, h\u1ec7 th\u1ed1ng n\u00e0y s\u1ebd x\u00e1c \u0111\u1ecbnh b\u1ea5t k\u1ef3 ph\u01b0\u01a1ng ti\u1ec7n n\u00e0o \u0111ang ti\u1ebfn \u0111\u1ebfn t\u1eeb ph\u00eda sau, \u0111i k\u00e8m c\u1ea3nh b\u00e1o v\u00e0 \u00e1p d\u1ee5ng phanh \u0111\u1ec3 gi\u00fap ng\u0103n ng\u1eeba va ch\u1ea1m.<\/p>\n<\/div>\n<\/div>\n<\/div>\n<\/div>\n<\/div>\n<\/div>\n<\/div>\n<\/div>\n<\/div>\n<\/div>\n<\/div>\n<\/div>\n<\/div>","protected":false},"excerpt":{"rendered":"<p>\u2022 S\u1ed1 ch\u1ed7 ng\u1ed3i : 5 ch\u1ed7<br \/>\n\u2022 Ki\u1ec3u d\u00e1ng : SUV<br \/>\n\u2022 Nhi\u00ean li\u1ec7u : X\u0103ng<br \/>\n\u2022 Xu\u1ea5t x\u1ee9 : Xe nh\u1eadp kh\u1ea9u<br \/>\n\u2022 Th\u00f4ng tin kh\u00e1c:<br \/>\n+ S\u1ed1 t\u1ef1 \u0111\u1ed9ng v\u00f4 c\u1ea5p D-CVT<\/p>","protected":false},"featured_media":16700,"comment_status":"open","ping_status":"closed","template":"","meta":[],"product_cat":[323],"product_tag":[365,349,366,367,347,368,369,370,371],"class_list":{"0":"post-16699","1":"product","2":"type-product","3":"status-publish","4":"has-post-thumbnail","6":"product_cat-toyota-yaris","7":"product_tag-gia-xe-toyota-yaris-cross","8":"product_tag-toyota-binh-duong","9":"product_tag-toyota-thanh-pho-moi","10":"product_tag-toyota-thu-dau-mot","11":"product_tag-toyota-thuan-an","12":"product_tag-toyota-yaris-cross","13":"product_tag-yaris-cross","14":"product_tag-yaris-cross-1-5-cvt","15":"product_tag-yaris-cross-lan-banh-binh-duong","17":"first","18":"instock","19":"shipping-taxable","20":"purchasable","21":"product-type-simple"},"_links":{"self":[{"href":"https:\/\/toyotathuanan.com.vn\/en\/wp-json\/wp\/v2\/product\/16699","targetHints":{"allow":["GET"]}}],"collection":[{"href":"https:\/\/toyotathuanan.com.vn\/en\/wp-json\/wp\/v2\/product"}],"about":[{"href":"https:\/\/toyotathuanan.com.vn\/en\/wp-json\/wp\/v2\/types\/product"}],"replies":[{"embeddable":true,"href":"https:\/\/toyotathuanan.com.vn\/en\/wp-json\/wp\/v2\/comments?post=16699"}],"version-history":[{"count":1,"href":"https:\/\/toyotathuanan.com.vn\/en\/wp-json\/wp\/v2\/product\/16699\/revisions"}],"predecessor-version":[{"id":16707,"href":"https:\/\/toyotathuanan.com.vn\/en\/wp-json\/wp\/v2\/product\/16699\/revisions\/16707"}],"wp:featuredmedia":[{"embeddable":true,"href":"https:\/\/toyotathuanan.com.vn\/en\/wp-json\/wp\/v2\/media\/16700"}],"wp:attachment":[{"href":"https:\/\/toyotathuanan.com.vn\/en\/wp-json\/wp\/v2\/media?parent=16699"}],"wp:term":[{"taxonomy":"product_cat","embeddable":true,"href":"https:\/\/toyotathuanan.com.vn\/en\/wp-json\/wp\/v2\/product_cat?post=16699"},{"taxonomy":"product_tag","embeddable":true,"href":"https:\/\/toyotathuanan.com.vn\/en\/wp-json\/wp\/v2\/product_tag?post=16699"}],"curies":[{"name":"wp","href":"https:\/\/api.w.org\/{rel}","templated":true}]}}