{"id":16683,"date":"2024-10-28T20:45:15","date_gmt":"2024-10-28T13:45:15","guid":{"rendered":"https:\/\/toyotathuanan.com.vn\/?post_type=product&#038;p=16683"},"modified":"2024-10-28T20:45:16","modified_gmt":"2024-10-28T13:45:16","slug":"avanza-premio-cvt","status":"publish","type":"product","link":"https:\/\/toyotathuanan.com.vn\/en\/san-pham\/avanza-premio-cvt\/","title":{"rendered":"AVANZA PREMIO CVT"},"content":{"rendered":"<p>AVANZA PREMIO CVT<\/p>\n<h2 id=\"hln3qw0hux7po\" class=\"c14 ftwp-heading\"><strong><span class=\"c0\">Th\u00f4ng s\u1ed1 k\u1ef9 thu\u1eadt Toyota Avanza Premio CVT 2022<\/span><\/strong><\/h2>\n<table class=\"c20\" border=\"2\" cellspacing=\"2\" cellpadding=\"2\">\n<tbody>\n<tr class=\"c5\">\n<td class=\"c8\" colspan=\"1\" rowspan=\"1\"><span class=\"c6\">Th\u00f4ng s\u1ed1<\/span><\/td>\n<td class=\"c12\" colspan=\"1\" rowspan=\"1\"><span class=\"c6\">Toyota Avanza Premio 2022<\/span><\/td>\n<\/tr>\n<tr class=\"c5\">\n<td class=\"c8\" colspan=\"1\" rowspan=\"1\"><span class=\"c4\">S\u1ed1 ch\u1ed7<\/span><\/td>\n<td class=\"c12\" colspan=\"1\" rowspan=\"1\"><span class=\"c4\">7<\/span><\/td>\n<\/tr>\n<tr class=\"c9\">\n<td class=\"c8\" colspan=\"1\" rowspan=\"1\"><span class=\"c4\">Ngu\u1ed3n g\u1ed1c<\/span><\/td>\n<td class=\"c12\" colspan=\"1\" rowspan=\"1\"><span class=\"c4\">Nh\u1eadp kh\u1ea9u Indonesia<\/span><\/td>\n<\/tr>\n<tr class=\"c9\">\n<td class=\"c8\" colspan=\"1\" rowspan=\"1\"><span class=\"c4\">Ph\u00e2n kh\u00fac<\/span><\/td>\n<td class=\"c12\" colspan=\"1\" rowspan=\"1\"><span class=\"c4\">MPV 7 ch\u1ed7 c\u1ee1 nh\u1ecf<\/span><\/td>\n<\/tr>\n<tr class=\"c9\">\n<td class=\"c8\" colspan=\"1\" rowspan=\"1\"><span class=\"c4\">K\u00edch th\u01b0\u1edbc t\u1ed5ng th\u1ec3 (DxRxC) (mm)<\/span><\/td>\n<td class=\"c12\" colspan=\"1\" rowspan=\"1\"><span class=\"c4\">4.395 x 1.730 x 1.700<\/span><\/td>\n<\/tr>\n<tr class=\"c9\">\n<td class=\"c8\" colspan=\"1\" rowspan=\"1\"><span class=\"c4\">Chi\u1ec1u d\u00e0i c\u01a1 s\u1edf (mm)<\/span><\/td>\n<td class=\"c12\" colspan=\"1\" rowspan=\"1\"><span class=\"c4\">2.770<\/span><\/td>\n<\/tr>\n<tr class=\"c5\">\n<td class=\"c8\" colspan=\"1\" rowspan=\"1\"><span class=\"c4\">Kho\u1ea3ng s\u00e1ng g\u1ea7m xe (mm)<\/span><\/td>\n<td class=\"c12\" colspan=\"1\" rowspan=\"1\"><span class=\"c4\">205<\/span><\/td>\n<\/tr>\n<tr class=\"c9\">\n<td class=\"c8\" colspan=\"1\" rowspan=\"1\"><span class=\"c4\">Lo\u1ea1i \u0111\u1ed9ng c\u01a1<\/span><\/td>\n<td class=\"c12\" colspan=\"1\" rowspan=\"1\">\n<p class=\"c2 c21\"><span class=\"c4\">2NR-VE<\/span><\/p>\n<\/td>\n<\/tr>\n<tr class=\"c5\">\n<td class=\"c8\" colspan=\"1\" rowspan=\"1\"><span class=\"c4\">C\u00f4ng su\u1ea5t t\u1ed1i \u0111a (HP\/ rpm)<\/span><\/td>\n<td class=\"c12\" colspan=\"1\" rowspan=\"1\"><span class=\"c4\">104\/6.000<\/span><\/td>\n<\/tr>\n<tr class=\"c5\">\n<td class=\"c8\" colspan=\"1\" rowspan=\"1\"><span class=\"c4\">M\u00f4 men xo\u1eafn t\u1ed1i \u0111a (Nm\/ rpm)<\/span><\/td>\n<td class=\"c12\" colspan=\"1\" rowspan=\"1\"><span class=\"c4\">137\/ 4.200<\/span><\/td>\n<\/tr>\n<tr class=\"c16\">\n<td class=\"c8\" colspan=\"1\" rowspan=\"1\"><span class=\"c4\">H\u1ed9p s\u1ed1<\/span><\/td>\n<td class=\"c12\" colspan=\"1\" rowspan=\"1\"><span class=\"c4\">MT\/CVT<\/span><\/td>\n<\/tr>\n<tr class=\"c9\">\n<td class=\"c8\" colspan=\"1\" rowspan=\"1\"><span class=\"c4\">H\u1ec7 d\u1eabn \u0111\u1ed9ng<\/span><\/td>\n<td class=\"c12\" colspan=\"1\" rowspan=\"1\"><span class=\"c4\">C\u1ea7u tr\u01b0\u1edbc (FWD)<\/span><\/td>\n<\/tr>\n<tr class=\"c9\">\n<td class=\"c8\" colspan=\"1\" rowspan=\"1\"><span class=\"c4\">H\u1ec7 th\u1ed1ng treo tr\u01b0\u1edbc\/sau<\/span><\/td>\n<td class=\"c12\" colspan=\"1\" rowspan=\"1\"><span class=\"c4\">MacPherson\/Thanh xo\u1eafn<\/span><\/td>\n<\/tr>\n<tr class=\"c9\">\n<td class=\"c8\" colspan=\"1\" rowspan=\"1\"><span class=\"c4\">H\u1ec7 th\u1ed1ng phanh tr\u01b0\u1edbc\/sau<\/span><\/td>\n<td class=\"c12\" colspan=\"1\" rowspan=\"1\"><span class=\"c4\">\u0110\u0129a\/\u0110\u0129a<\/span><\/td>\n<\/tr>\n<tr class=\"c9\">\n<td class=\"c8\" colspan=\"1\" rowspan=\"1\"><span class=\"c4\">H\u1ec7 th\u1ed1ng tr\u1ee3 l\u1ef1c l\u00e1i<\/span><\/td>\n<td class=\"c12\" colspan=\"1\" rowspan=\"1\"><span class=\"c4\">Tr\u1ee3 l\u1ef1c \u0111i\u1ec7n<\/span><\/td>\n<\/tr>\n<tr class=\"c9\">\n<td class=\"c8\" colspan=\"1\" rowspan=\"1\"><span class=\"c4\">M\u00e2m xe<\/span><\/td>\n<td class=\"c12\" colspan=\"1\" rowspan=\"1\"><span class=\"c4\">16 inch<\/span><\/td>\n<\/tr>\n<\/tbody>\n<\/table>\n<h2 id=\"hh2c9u2wvvb12\" class=\"c14 ftwp-heading\"><strong><span class=\"c0\">Toyota Avanza 2022 c\u00f3 m\u1ea5y m\u00e0u?<\/span><\/strong><\/h2>\n<p class=\"c11\"><span class=\"c4\">Kh\u00e1ch h\u00e0ng Vi\u1ec7t c\u00f3 4 t\u00f9y ch\u1ecdn m\u00e0u s\u1eafc Toyota Avanza Premio 2022 g\u1ed3m:<strong>\u00a0B\u1ea1c t\u00edm, Tr\u1eafng ng\u1ecdc trai, \u0110en, B\u1ea1c.<\/strong><\/span><\/p>\n<p class=\"c11\"><span class=\"c4\">Trong khi \u0111\u00f3, n\u1ed9i th\u1ea5t Toyota Avanza Premio \u0111\u01b0\u1ee3c<strong>\u00a0ph\u1ed1i 2 t\u00f4ng m\u00e0u \u0110en\/N\u00e2u.<\/strong><\/span><\/p>\n<h2 id=\"hgyop06ntz6qf\" class=\"c14 ftwp-heading\"><strong><span class=\"c0\">Ngo\u1ea1i h\u00ecnh Toyota Avanza 2022 \u0111\u00e3 tr\u01b0\u1edfng th\u00e0nh<\/span><\/strong><\/h2>\n<p class=\"c11\"><span class=\"c4\">Tr\u01b0\u1edbc \u0111\u00e2y, Toyota Avanza b\u1ecb \u0111\u00e1nh gi\u00e1 l\u00e0 chi\u1ebfc xe c\u00f3 thi\u1ebft k\u1ebf l\u1ea1c h\u1eadu th\u00ec gi\u1edd \u0111\u00e2y, th\u1ebf h\u1ec7 m\u1edbi c\u1ee7a m\u1eabu xe n\u00e0y \u0111\u00e3 c\u00f3 di\u1ec7n m\u1ea1o tr\u01b0\u1edfng th\u00e0nh h\u01a1n r\u1ea5t nhi\u1ec1u.\u00a0<strong>Toyota Avanza 2022 Premio<\/strong>\u00a0mang \u0111\u1ebfn cho ng\u01b0\u1eddi d\u00f9ng v\u1ebb c\u1ee9ng c\u00e1p, nam t\u00ednh v\u00e0 hi\u1ec7n \u0111\u1ea1i h\u01a1n.<\/span><\/p>\n<p><img fetchpriority=\"high\" decoding=\"async\" class=\"alignnone size-medium wp-image-1012 aligncenter\" src=\"https:\/\/toyotabinhduongg.com\/wp-content\/uploads\/2022\/07\/f9a0e34ca71965473c08-300x225.jpg\" sizes=\"(max-width: 300px) 100vw, 300px\" srcset=\"https:\/\/toyotabinhduongg.com\/wp-content\/uploads\/2022\/07\/f9a0e34ca71965473c08-300x225.jpg 300w, https:\/\/toyotabinhduongg.com\/wp-content\/uploads\/2022\/07\/f9a0e34ca71965473c08-1024x768.jpg 1024w, https:\/\/toyotabinhduongg.com\/wp-content\/uploads\/2022\/07\/f9a0e34ca71965473c08-768x576.jpg 768w, https:\/\/toyotabinhduongg.com\/wp-content\/uploads\/2022\/07\/f9a0e34ca71965473c08-1536x1152.jpg 1536w, https:\/\/toyotabinhduongg.com\/wp-content\/uploads\/2022\/07\/f9a0e34ca71965473c08-2048x1536.jpg 2048w, https:\/\/toyotabinhduongg.com\/wp-content\/uploads\/2022\/07\/f9a0e34ca71965473c08-600x450.jpg 600w\" alt=\"\" width=\"300\" height=\"225\" \/><\/p>\n<p><strong>\u00a0 \u00a0 \u00a0 \u00a0 \u00a0 \u00a0 \u00a0 \u00a0 \u00a0 \u00a0 \u00a0 \u00a0 \u00a0 \u00a0 \u00a0 \u00a0 \u00a0 \u00a0 \u00a0 \u00a0 \u00a0 \u00a0 \u00a0 \u00a0 \u00a0 \u00a0 \u00a0 \u00a0 \u00a0 \u00a0 \u00a0 \u00a0 \u00a0 \u00a0 \u00a0 \u00a0 \u00a0 \u00a0 \u00a0 \u00a0 \u00a0 \u00a0 \u00a0 \u00a0 \u00a0 \u00a0 \u00a0 \u00a0 \u00a0 \u00a0 \u00a0 \u00a0 \u00a0 Toyota Avanza Premio CVT 2022<\/strong><\/p>\n<p class=\"c11\"><span class=\"c4\">Toyota Avanza Premio 2022 l\u00e0 m\u1eabu xe s\u1eed d\u1ee5ng n\u1ec1n t\u1ea3ng khung g\u1ea7m DNGA c\u1ee7a Daihatsu v\u00e0 \u0111\u01b0\u1ee3c ch\u00ednh th\u01b0\u01a1ng hi\u1ec7u con c\u1ee7a Toyota s\u1ea3n xu\u1ea5t.<\/span><\/p>\n<p class=\"c11\"><span class=\"c4\">N\u1ec1n t\u1ea3ng khung g\u1ea7m n\u00ean k\u00edch th\u01b0\u1edbc Toyota Avanza Premio 2022 d\u00e0i h\u01a1n 205mm, r\u1ed9ng h\u01a1n 70mm, th\u1ea5p h\u01a1n 30mm, chi\u1ec1u d\u00e0i c\u01a1 s\u1edf t\u0103ng \u0111\u1ebfn 95mm so v\u1edbi \u201cng\u01b0\u1eddi ti\u1ec1n nhi\u1ec7m\u201d. Theo \u0111\u00f3, xe c\u00f3 chi\u1ec1u D\u00e0i x R\u1ed9ng x Cao l\u1ea7n l\u01b0\u1ee3t l\u00e0 4.395 x 1.730 x 1.700 (mm), chi\u1ec1u d\u00e0i c\u01a1 s\u1edf \u0111\u1ea1t 2.770mm.<\/span><\/p>\n<p><img decoding=\"async\" class=\"alignnone size-medium wp-image-1007 aligncenter\" src=\"https:\/\/toyotabinhduongg.com\/wp-content\/uploads\/2022\/07\/56c6be33fa6638386177-300x225.jpg\" sizes=\"(max-width: 300px) 100vw, 300px\" srcset=\"https:\/\/toyotabinhduongg.com\/wp-content\/uploads\/2022\/07\/56c6be33fa6638386177-300x225.jpg 300w, https:\/\/toyotabinhduongg.com\/wp-content\/uploads\/2022\/07\/56c6be33fa6638386177-1024x768.jpg 1024w, https:\/\/toyotabinhduongg.com\/wp-content\/uploads\/2022\/07\/56c6be33fa6638386177-768x576.jpg 768w, https:\/\/toyotabinhduongg.com\/wp-content\/uploads\/2022\/07\/56c6be33fa6638386177-1536x1152.jpg 1536w, https:\/\/toyotabinhduongg.com\/wp-content\/uploads\/2022\/07\/56c6be33fa6638386177-2048x1536.jpg 2048w, https:\/\/toyotabinhduongg.com\/wp-content\/uploads\/2022\/07\/56c6be33fa6638386177-600x450.jpg 600w\" alt=\"\" width=\"300\" height=\"225\" \/><\/p>\n<p>N\u00e2ng \u0111\u1ee1 khung xe l\u00e0 \u201cd\u00e0n ch\u00e2n\u201d 16 inch tr\u00ean c\u1ea3 2 phi\u00ean b\u1ea3n v\u1edbi thi\u1ebft k\u1ebf phay b\u00f3ng kh\u00e1 b\u1eaft m\u1eaft, v\u00f2m b\u00e1nh xe \u0111\u01b0\u1ee3c d\u1eadp n\u1ed5i tinh t\u1ebf.<img decoding=\"async\" class=\"alignnone size-medium wp-image-1013\" src=\"https:\/\/toyotabinhduongg.com\/wp-content\/uploads\/2022\/07\/fa0b45ee01bbc3e59aaa-300x225.jpg\" sizes=\"(max-width: 300px) 100vw, 300px\" srcset=\"https:\/\/toyotabinhduongg.com\/wp-content\/uploads\/2022\/07\/fa0b45ee01bbc3e59aaa-300x225.jpg 300w, https:\/\/toyotabinhduongg.com\/wp-content\/uploads\/2022\/07\/fa0b45ee01bbc3e59aaa-1024x768.jpg 1024w, https:\/\/toyotabinhduongg.com\/wp-content\/uploads\/2022\/07\/fa0b45ee01bbc3e59aaa-768x576.jpg 768w, https:\/\/toyotabinhduongg.com\/wp-content\/uploads\/2022\/07\/fa0b45ee01bbc3e59aaa-1536x1152.jpg 1536w, https:\/\/toyotabinhduongg.com\/wp-content\/uploads\/2022\/07\/fa0b45ee01bbc3e59aaa-2048x1536.jpg 2048w, https:\/\/toyotabinhduongg.com\/wp-content\/uploads\/2022\/07\/fa0b45ee01bbc3e59aaa-600x450.jpg 600w\" alt=\"\" width=\"300\" height=\"225\" \/><\/p>\n<p>V\u00f2ng ra ph\u1ea7n \u0111u\u00f4i, Toyota Avanza Premio 2022 thu h\u00fat ng\u01b0\u1eddi nh\u00ecn b\u1edfi c\u1eb7p \u0111\u00e8n h\u1eadu LED n\u1ed5i kh\u1ed1i. K\u1ebft h\u1ee3p v\u1edbi \u0111\u00f3 l\u00e0 nh\u1eefng \u0111\u01b0\u1eddng c\u1eaft g\u1ecdt g\u00f3c c\u1ea1nh \u1edf khu v\u1ef1c bi\u1ec3n s\u1ed1, c\u1ea3n sau.<\/p>\n<p>M\u1eabu xe n\u00e0y gi\u1edd \u0111\u00e2y c\u00f3 c\u00e1nh l\u01b0\u1edbt gi\u00f3 k\u1ebft h\u1ee3p \u0111\u00e8n phanh tr\u00ean cao, h\u1ec7 th\u1ed1ng camera\/c\u1ea3m bi\u1ebfn l\u00f9i l\u00e0 trang b\u1ecb ti\u00eau chu\u1ea9n tr\u00ean c\u1ea3 2 phi\u00ean b\u1ea3n.<\/p>\n<h2 id=\"h23ubn1a8px48\" class=\"c14 ftwp-heading\"><strong><span class=\"c0\">N\u1ed9i th\u1ea5t Toyota Avanza 2022 hi\u1ec7n \u0111\u1ea1i<\/span><\/strong><\/h2>\n<p class=\"c11\"><span class=\"c4\">N\u1ebfu tr\u01b0\u1edbc \u0111\u00e2y, M\u1eabu xe 7 ch\u1ed7 c\u1ee7a Toyota n\u00e0y b\u1ecb ng\u01b0\u1eddi d\u00f9ng \u1ec9 \u00f4i b\u1edfi n\u1ed9i th\u1ea5t l\u1ea1c h\u1eadu h\u01a1n nhi\u1ec1u d\u00f2ng xe t\u1ea3i th\u00ec gi\u1edd \u0111\u00e2y, Avanza Premio \u0111\u00e3 khi\u1ebfn kh\u00f4ng \u00edt ng\u01b0\u1eddi ph\u1ea3i tr\u1ea7m tr\u1ed3 v\u1edbi s\u1ef1 thay \u0111\u1ed5i \u0111\u1ebfn ng\u1ee1 ng\u00e0ng.<\/span><\/p>\n<p class=\"c11\"><span class=\"c4\">M\u1eabu MPV c\u1ee7a Toyota\u00a0s\u1edf h\u1eefu thi\u1ebft k\u1ebf khoang l\u00e1i v\u1edbi nhi\u1ec1u \u0111i\u1ec3m gi\u1ed1ng \u201c\u0111\u00e0n em\u201d Raize m\u1edbi ra m\u1eaft c\u00e1ch \u0111\u00e2y kh\u00f4ng l\u00e2u.<\/span><\/p>\n<p class=\"c11\"><span class=\"c4\">\u1ede khoang l\u00e1i, \u1ea5n t\u01b0\u1ee3ng nh\u1ea5t ph\u1ea3i k\u1ec3 \u0111\u1ebfn m\u00e0n h\u00ecnh gi\u1ea3i tr\u00ed \u0111\u1eb7t n\u1ed5i \u1edf t\u00e1p-l\u00f4 trung t\u00e2m theo \u0111\u00fang xu h\u01b0\u1edbng thi\u1ebft k\u1ebf c\u1ee7a nhi\u1ec1u m\u1eabu xe h\u01a1i hi\u1ec7n nay.<\/span><\/p>\n<p class=\"c11\"><span class=\"c4\">Khu v\u1ef1c \u0111i\u1ec1u khi\u1ec3n, Toyota Avanza Premio 2022 c\u0169ng c\u00f3 t\u1ea1o h\u00ecnh c\u1ee5m \u0111i\u1ec1u h\u00f2a, c\u1ea7n s\u1ed1 ho\u00e0n to\u00e0n m\u1edbi \u0111\u00e1ng gi\u00e1.<\/span><\/p>\n<p><img loading=\"lazy\" decoding=\"async\" class=\"size-medium wp-image-1006 aligncenter\" src=\"https:\/\/toyotabinhduongg.com\/wp-content\/uploads\/2022\/07\/37d638047c51be0fe740-300x225.jpg\" sizes=\"(max-width: 300px) 100vw, 300px\" srcset=\"https:\/\/toyotabinhduongg.com\/wp-content\/uploads\/2022\/07\/37d638047c51be0fe740-300x225.jpg 300w, https:\/\/toyotabinhduongg.com\/wp-content\/uploads\/2022\/07\/37d638047c51be0fe740-1024x768.jpg 1024w, https:\/\/toyotabinhduongg.com\/wp-content\/uploads\/2022\/07\/37d638047c51be0fe740-768x576.jpg 768w, https:\/\/toyotabinhduongg.com\/wp-content\/uploads\/2022\/07\/37d638047c51be0fe740-1536x1152.jpg 1536w, https:\/\/toyotabinhduongg.com\/wp-content\/uploads\/2022\/07\/37d638047c51be0fe740-2048x1536.jpg 2048w, https:\/\/toyotabinhduongg.com\/wp-content\/uploads\/2022\/07\/37d638047c51be0fe740-600x450.jpg 600w\" alt=\"\" width=\"300\" height=\"225\" \/><\/p>\n<h2 id=\"hlc9yexbaypfv\" class=\"c14 ftwp-heading\"><strong><span class=\"c0\">Ti\u1ec7n nghi v\u00e0 an to\u00e0n<\/span><\/strong><\/h2>\n<p>M\u1eabu xe 7 ch\u1ed7 Toyota\u00a0Avanza Premio \u0111\u01b0\u1ee3c trang b\u1ecb m\u00e0n h\u00ecnh gi\u1ea3i tr\u00ed 8 inch tr\u00ean c\u1ea3 2 phi\u00ean b\u1ea3n k\u1ebft h\u1ee3p c\u00f9ng d\u00e0n \u00e2m thanh 4 loa.<\/p>\n<p class=\"c11\"><span class=\"c4\">B\u00ean c\u1ea1nh \u0111\u00f3, nh\u1eefng ti\u1ec7n nghi kh\u00e1c c\u1ee7a chi\u1ebfc MPV \u0111\u01b0\u1ee3c n\u1ed1i d\u00e0i v\u1edbi lo\u1ea1t trang b\u1ecb nh\u01b0: \u0111i\u1ec1u h\u00f2a \u0111i\u1ec7n t\u1eed ch\u1ec9nh tay 2 d\u00e0n l\u1ea1nh, 5 c\u1ed5ng s\u1ea1c USB, b\u1ec7 t\u1ef3 tay h\u00e0ng gh\u1ebf th\u1ee9 2, h\u1ed9c \u0111\u1ec3 c\u1ed1c \u1edf m\u1ecdi v\u1ecb tr\u00ed, v\u1ecb tr\u00ed l\u00e0m m\u00e1t \u1edf c\u1eeda gi\u00f3 \u0111i\u1ec1u h\u00f2a.<\/span><\/p>\n<p class=\"c11\"><span class=\"c4\">V\u1ec1 an to\u00e0n, Toyota Avanza Premio 2022 n\u1ed5i b\u1eadt nh\u1edd \u0111\u01b0\u1ee3c trang b\u1ecb t\u00ednh n\u0103ng c\u1ea3nh b\u00e1o \u0111i\u1ec3m m\u00f9 v\u00e0 c\u1ea3nh b\u00e1o ph\u01b0\u01a1ng ti\u1ec7n c\u1eaft ngang ph\u00eda sau tr\u00ean b\u1ea3n cao c\u1ea5p nh\u1ea5t.<\/span><\/p>\n<p class=\"c11\"><span class=\"c4\">Ngo\u00e0i ra, nh\u1eefng c\u00f4ng ngh\u1ec7 an to\u00e0n c\u01a1 b\u1ea3n kh\u00e1c c\u1ee7a xe v\u1eabn \u0111\u01b0\u1ee3c trang b\u1ecb nh\u01b0: H\u1ec7 th\u1ed1ng phanh ABS\/EBD\/BA, c\u00e2n b\u1eb1ng \u0111i\u1ec7n t\u1eed, kh\u1edfi h\u00e0nh ngang d\u1ed1c, 2 c\u1ea3m bi\u1ebfn sau, camera l\u00f9i, 2 t\u00fai kh\u00ed b\u1ea3n MT v\u00e0 6 tr\u00ean b\u1ea3n CVT.<\/span><\/p>\n<p>&nbsp;<\/p>","protected":false},"excerpt":{"rendered":"<p>\u2022 S\u1ed1 ch\u1ed7 ng\u1ed3i : 7 ch\u1ed7<br \/>\n\u2022 Ki\u1ec3u d\u00e1ng : \u0110a d\u1ee5ng<br \/>\n\u2022 Nhi\u00ean li\u1ec7u : X\u0103ng<br \/>\n\u2022 Xu\u1ea5t x\u1ee9 : Xe nh\u1eadp kh\u1ea9u<br \/>\n\u2022 Th\u00f4ng tin kh\u00e1c:<br \/>\n+ S\u1ed1 t\u1ef1 \u0111\u1ed9ng CVT<\/p>\n<p><strong>\u2022 T\u1eb7ng d\u00e1n phim c\u00e1ch nhi\u1ec7t M\u1ef9 b\u1ea3o h\u00e0nh 5 n\u0103m \u2022 Tr\u1ea3i s\u00e0n da \u2022 Gi\u1ea3m gi\u00e1 ti\u1ec1n m\u1eb7t \u2022 Tr\u1ea3 g\u00f3p l\u00e3i xu\u1ea5t 0,66% \/ th\u00e1ng<\/strong><\/p>","protected":false},"featured_media":16684,"comment_status":"open","ping_status":"closed","template":"","meta":[],"product_cat":[360],"product_tag":[],"class_list":{"0":"post-16683","1":"product","2":"type-product","3":"status-publish","4":"has-post-thumbnail","6":"product_cat-toyota-avanza","8":"first","9":"instock","10":"shipping-taxable","11":"purchasable","12":"product-type-simple"},"_links":{"self":[{"href":"https:\/\/toyotathuanan.com.vn\/en\/wp-json\/wp\/v2\/product\/16683","targetHints":{"allow":["GET"]}}],"collection":[{"href":"https:\/\/toyotathuanan.com.vn\/en\/wp-json\/wp\/v2\/product"}],"about":[{"href":"https:\/\/toyotathuanan.com.vn\/en\/wp-json\/wp\/v2\/types\/product"}],"replies":[{"embeddable":true,"href":"https:\/\/toyotathuanan.com.vn\/en\/wp-json\/wp\/v2\/comments?post=16683"}],"version-history":[{"count":2,"href":"https:\/\/toyotathuanan.com.vn\/en\/wp-json\/wp\/v2\/product\/16683\/revisions"}],"predecessor-version":[{"id":16691,"href":"https:\/\/toyotathuanan.com.vn\/en\/wp-json\/wp\/v2\/product\/16683\/revisions\/16691"}],"wp:featuredmedia":[{"embeddable":true,"href":"https:\/\/toyotathuanan.com.vn\/en\/wp-json\/wp\/v2\/media\/16684"}],"wp:attachment":[{"href":"https:\/\/toyotathuanan.com.vn\/en\/wp-json\/wp\/v2\/media?parent=16683"}],"wp:term":[{"taxonomy":"product_cat","embeddable":true,"href":"https:\/\/toyotathuanan.com.vn\/en\/wp-json\/wp\/v2\/product_cat?post=16683"},{"taxonomy":"product_tag","embeddable":true,"href":"https:\/\/toyotathuanan.com.vn\/en\/wp-json\/wp\/v2\/product_tag?post=16683"}],"curies":[{"name":"wp","href":"https:\/\/api.w.org\/{rel}","templated":true}]}}