{"id":16675,"date":"2024-10-28T20:25:32","date_gmt":"2024-10-28T13:25:32","guid":{"rendered":"https:\/\/toyotathuanan.com.vn\/?post_type=product&#038;p=16675"},"modified":"2024-10-28T20:25:32","modified_gmt":"2024-10-28T13:25:32","slug":"veloz-cross-cvt-top","status":"publish","type":"product","link":"https:\/\/toyotathuanan.com.vn\/en\/san-pham\/veloz-cross-cvt-top\/","title":{"rendered":"VELOZ CROSS CVT TOP"},"content":{"rendered":"<p>VELOZ CROSS CVT TOP<\/p>\n<p>Ph\u00e2n kh\u00fac MPV ph\u1ed5 th\u00f4ng t\u1ea1i Vi\u1ec7t Nam. Trong nh\u1eefng ng\u00e0y g\u1ea7n \u0111\u00e2y s\u00f4i \u0111\u1ed9ng h\u1eb3n nh\u1edd s\u1ef1 g\u00f3p m\u1eb7t c\u1ee7a Veloz Cross 2024 \u0111\u1ebfn t\u1eeb nh\u00e0 Toyota. Trong \u0111\u00f3,\u00a0<strong>Veloz Cross 2024 hi\u1ec7n l\u00e0 m\u1eabu xe \u0111\u01b0\u1ee3c nhi\u1ec1u kh\u00e1ch h\u00e0ng gia \u0111\u00ecnh quan t\u00e2m nh\u1edd c\u00f3 nhi\u1ec1u l\u1ee3i th\u1ebf n\u1ed5i tr\u1ed9i.<\/strong><\/p>\n<p><img fetchpriority=\"high\" decoding=\"async\" class=\"alignnone wp-image-1003 aligncenter\" src=\"https:\/\/toyotabinhduongg.com\/wp-content\/uploads\/2022\/07\/Toyota-Binh-Duong-7-225x300.jpg\" sizes=\"(max-width: 255px) 100vw, 255px\" srcset=\"https:\/\/toyotabinhduongg.com\/wp-content\/uploads\/2022\/07\/Toyota-Binh-Duong-7-225x300.jpg 225w, https:\/\/toyotabinhduongg.com\/wp-content\/uploads\/2022\/07\/Toyota-Binh-Duong-7-768x1024.jpg 768w, https:\/\/toyotabinhduongg.com\/wp-content\/uploads\/2022\/07\/Toyota-Binh-Duong-7-600x800.jpg 600w, https:\/\/toyotabinhduongg.com\/wp-content\/uploads\/2022\/07\/Toyota-Binh-Duong-7.jpg 960w\" alt=\"\" width=\"255\" height=\"340\" \/><\/p>\n<p>Tuy nhi\u00ean v\u1edbi gi\u00e1 b\u00e1n 658-698 tri\u1ec7u \u0111\u1ed3ng, Veloz Cross 2024 \u0111\u00e3 tr\u1edf th\u00e0nh m\u1eabu xe \u0111\u1eaft nh\u1ea5t ph\u00e2n kh\u00fac MPV ph\u1ed5 th\u00f4ng. Xe \u0111\u01b0\u1ee3c nh\u1eadp kh\u1ea9u nguy\u00ean chi\u1ebfc t\u1eeb Indonesia, h\u00e3y c\u00f9ng Toyota B\u00ecnh D\u01b0\u01a1ng t\u00ecm hi\u1ec3u xem Veloz Cross 2024 c\u00f3 x\u1ee9ng \u0111\u00e1ng v\u1edbi m\u1ee9c gi\u00e1 tr\u00ean.<\/p>\n<h2 id=\"mucluc-thong-so-ky-thuat-toyota-veloz-cross-2022\" class=\"ftwp-heading\"><b>Th\u00f4ng s\u1ed1 k\u1ef9 thu\u1eadt Toyota Veloz Cross CVT TOP 2024<\/b><\/h2>\n<table border=\"2\" cellspacing=\"2\" cellpadding=\"2\">\n<tbody>\n<tr>\n<td>T\u00ean xe<\/td>\n<td><b>Toyota Veloz Cross 2024<\/b><\/td>\n<\/tr>\n<tr>\n<td>S\u1ed1 ch\u1ed7 ng\u1ed3i<\/td>\n<td>07<\/td>\n<\/tr>\n<tr>\n<td>Ki\u1ec3u xe<\/td>\n<td>MPV<\/td>\n<\/tr>\n<tr>\n<td>Xu\u1ea5t x\u1ee9<\/td>\n<td>L\u1eafp r\u00e1p t\u1ea1i Vi\u1ec7t Nam<\/td>\n<\/tr>\n<tr>\n<td>K\u00edch th\u01b0\u1edbc DxRxC<\/td>\n<td>4475 x 1750 x 1700 mm<\/td>\n<\/tr>\n<tr>\n<td>Chi\u1ec1u d\u00e0i c\u01a1 s\u1edf<\/td>\n<td>2750 mm<\/td>\n<\/tr>\n<tr>\n<td>\u0110\u1ed9ng c\u01a1<\/td>\n<td>1.5L, 4 xy lanh th\u1eb3ng h\u00e0ng<\/td>\n<\/tr>\n<tr>\n<td>Lo\u1ea1i nhi\u00ean li\u1ec7u<\/td>\n<td>X\u0103ng<\/td>\n<\/tr>\n<tr>\n<td>Dung t\u00edch b\u00ecnh nhi\u00ean li\u1ec7u<\/td>\n<td>43 l\u00edt<\/td>\n<\/tr>\n<tr>\n<td>C\u00f4ng su\u1ea5t c\u1ef1c \u0111\u1ea1i<\/td>\n<td>105 m\u00e3 l\u1ef1c t\u1ea1i 6000 v\u00f2ng\/ph\u00fat<\/td>\n<\/tr>\n<tr>\n<td>M\u00f4-men xo\u1eafn c\u1ef1c \u0111\u1ea1i<\/td>\n<td>138 Nm t\u1ea1i 4200 v\u00f2ng\/ph\u00fat<\/td>\n<\/tr>\n<tr>\n<td>H\u1ed9p s\u1ed1<\/td>\n<td>V\u00f4 c\u1ea5p CVT<\/td>\n<\/tr>\n<tr>\n<td>H\u1ec7 d\u1eabn \u0111\u1ed9ng<\/td>\n<td>C\u1ea7u tr\u01b0\u1edbc<\/td>\n<\/tr>\n<tr>\n<td>Treo tr\u01b0\u1edbc\/sau<\/td>\n<td>MacPherson v\u1edbi thanh c\u00e2n b\u1eb1ng\/Thanh xo\u1eafn v\u1edbi thanh c\u00e2n b\u1eb1ng<\/td>\n<\/tr>\n<tr>\n<td>Phanh tr\u01b0\u1edbc\/sau<\/td>\n<td>\u0110\u0129a\/\u0111\u0129a<\/td>\n<\/tr>\n<tr>\n<td>Tr\u1ee3 l\u1ef1c l\u00e1i<\/td>\n<td>\u0110i\u1ec7n<\/td>\n<\/tr>\n<tr>\n<td>C\u1ee1 m\u00e2m<\/td>\n<td>16-17 inch<\/td>\n<\/tr>\n<tr>\n<td>Kho\u1ea3ng s\u00e1ng g\u1ea7m xe<\/td>\n<td>205 mm<\/td>\n<\/tr>\n<tr>\n<td>M\u1ee9c ti\u00eau hao nhi\u00ean li\u1ec7u trong \u0111\u00f4 th\u1ecb<\/td>\n<td>7.7L\/100km<\/td>\n<\/tr>\n<tr>\n<td>M\u1ee9c ti\u00eau hao nhi\u00ean li\u1ec7u ngo\u00e0i \u0111\u00f4 th\u1ecb<\/td>\n<td>5.4L\/100km<\/td>\n<\/tr>\n<tr>\n<td>M\u1ee9c ti\u00eau hao nhi\u00ean li\u1ec7u k\u1ebft h\u1ee3p<\/td>\n<td>6.3L\/100km<\/td>\n<\/tr>\n<\/tbody>\n<\/table>\n<h2 id=\"mucluc-mau-xe-toyota-veloz-cross-2022\" class=\"ftwp-heading\"><b>M\u00e0u xe Toyota Veloz Cross 2024<\/b><\/h2>\n<p>Veloz Cross 2022 c\u00f3 5 t\u00f9y ch\u1ecdn m\u00e0u s\u01a1n ngo\u1ea1i th\u1ea5t g\u1ed3m:\u00a0<strong>Tr\u1eafng ng\u1ecdc trai, B\u1ea1c t\u00edm, B\u1ea1c, \u0110en, \u0110\u1ecf.<\/strong><\/p>\n<h2 id=\"mucluc-ngoai-that-xe-toyota-veloz-cross-2022-tre-trung-cung-cap\" class=\"ftwp-heading\"><b>Ngo\u1ea1i th\u1ea5t xe Toyota Veloz Cross 2024 \u2013 Tr\u1ebb trung, c\u1ee9ng c\u00e1p<\/b><\/h2>\n<p>Theo t\u00ecm hi\u1ec3u,\u00a0<strong>Toyota\u00a0Veloz Cross 2022<\/strong>\u00a0<strong>\u0111\u01b0\u1ee3c x\u00e2y d\u1ef1ng d\u1ef1a tr\u00ean n\u1ec1n t\u1ea3ng khung g\u1ea7m DNGA (Daihatsu New Global Architecture)<\/strong>\u00a0gi\u1ed1ng v\u1edbi \u201cng\u01b0\u1eddi anh em\u201d\u00a0Raize.<\/p>\n<figure id=\"attachment_1001\" class=\"wp-caption aligncenter\" aria-describedby=\"caption-attachment-1001\"><img decoding=\"async\" class=\"size-medium wp-image-1001\" src=\"https:\/\/toyotabinhduongg.com\/wp-content\/uploads\/2022\/07\/Toyota-Binh-Duong-5-300x225.jpg\" sizes=\"(max-width: 300px) 100vw, 300px\" srcset=\"https:\/\/toyotabinhduongg.com\/wp-content\/uploads\/2022\/07\/Toyota-Binh-Duong-5-300x225.jpg 300w, https:\/\/toyotabinhduongg.com\/wp-content\/uploads\/2022\/07\/Toyota-Binh-Duong-5-1024x768.jpg 1024w, https:\/\/toyotabinhduongg.com\/wp-content\/uploads\/2022\/07\/Toyota-Binh-Duong-5-768x576.jpg 768w, https:\/\/toyotabinhduongg.com\/wp-content\/uploads\/2022\/07\/Toyota-Binh-Duong-5-600x450.jpg 600w, https:\/\/toyotabinhduongg.com\/wp-content\/uploads\/2022\/07\/Toyota-Binh-Duong-5.jpg 1080w\" alt=\"\" width=\"300\" height=\"225\" \/><figcaption id=\"caption-attachment-1001\" class=\"wp-caption-text\"><strong>\u00a0 \u00a0 \u00a0 \u00a0 \u00a0 \u00a0 \u00a0 \u00a0 \u00a0 \u00a0 \u00a0 \u00a0 Toyota B\u00ecnh D\u01b0\u01a1ng<\/strong><\/figcaption><\/figure>\n<p>Veloz Cross 2022 s\u1edf h\u1eefu ngo\u1ea1i h\u00ecnh kh\u00e1 to l\u1edbn nh\u1edd s\u1eed d\u1ee5ng b\u1ed9 khung g\u1ea7m c\u00f3 k\u00edch th\u01b0\u1edbc t\u1ed5ng th\u1ec3 DxRxC l\u1ea7n l\u01b0\u1ee3t l\u00e0 4475 x 1750 x 1700 mm. D\u00f9 n\u1eb1m trong nh\u00f3m MPV \u0111\u00f4 th\u1ecb nh\u01b0ng Veloz Cross 2024 c\u00f3 thi\u1ebft k\u1ebf mang h\u01a1i h\u01b0\u1edbng CUV \u0111\u00f4 th\u1ecb.<\/p>\n<div class=\"mceTemp\"><\/div>\n<p><img decoding=\"async\" class=\"alignnone size-medium wp-image-1002 aligncenter\" src=\"https:\/\/toyotabinhduongg.com\/wp-content\/uploads\/2022\/07\/Toyota-Binh-Duong-6-300x225.jpg\" sizes=\"(max-width: 300px) 100vw, 300px\" srcset=\"https:\/\/toyotabinhduongg.com\/wp-content\/uploads\/2022\/07\/Toyota-Binh-Duong-6-300x225.jpg 300w, https:\/\/toyotabinhduongg.com\/wp-content\/uploads\/2022\/07\/Toyota-Binh-Duong-6-768x576.jpg 768w, https:\/\/toyotabinhduongg.com\/wp-content\/uploads\/2022\/07\/Toyota-Binh-Duong-6-600x450.jpg 600w, https:\/\/toyotabinhduongg.com\/wp-content\/uploads\/2022\/07\/Toyota-Binh-Duong-6.jpg 960w\" alt=\"\" width=\"300\" height=\"225\" \/><\/p>\n<p>H\u1ed1c \u0111\u00e8n s\u01b0\u01a1ng m\u00f9 c\u0169ng \u0111\u01b0\u1ee3c ch\u0103m ch\u00fat k\u1ef9 l\u01b0\u1ee1ng v\u1edbi \u0111i\u1ec3m nh\u1ea5n l\u00e0 \u0111\u01b0\u1eddng vi\u1ec1n crom s\u00e1ng b\u00f3ng d\u1ea1ng ch\u1eef \u201cT\u201d c\u00e1ch \u0111i\u1ec7u. Khu v\u1ef1c c\u1ea3n tr\u01b0\u1edbc \u0111\u01b0\u1ee3c g\u1eafn ph\u1ea7n \u1ed1p m\u00e0u b\u00e0u gi\u00fap \u0111\u1ea7u\u00a0xe Toyota 7 ch\u1ed7 n\u00e0y\u00a0tr\u00f4ng kh\u1ecfe kho\u1eafn h\u01a1n.<\/p>\n<h2 id=\"mucluc-noi-that-cao-cap-rong-rai\" class=\"ftwp-heading\"><b>N\u1ed9i th\u1ea5t \u2013 Cao c\u1ea5p, r\u1ed9ng r\u00e3i<\/b><\/h2>\n<p>Khoang n\u1ed9i th\u1ea5t c\u1ee7a Veloz Cross 2024 c\u00f3\u00a0<strong>kh\u00f4ng gian r\u1ea5t r\u1ed9ng r\u00e3i v\u00e0 \u0111\u01b0\u1ee3c ho\u00e0n thi\u1ec7n ch\u1ec9nh chu mang \u0111\u1ebfn c\u00e1i nh\u00ecn cao c\u1ea5p.<\/strong><\/p>\n<p><img loading=\"lazy\" decoding=\"async\" class=\"alignnone size-medium wp-image-1000 aligncenter\" src=\"https:\/\/toyotabinhduongg.com\/wp-content\/uploads\/2022\/07\/Toyota-Binh-Duong-4-300x225.jpg\" sizes=\"(max-width: 300px) 100vw, 300px\" srcset=\"https:\/\/toyotabinhduongg.com\/wp-content\/uploads\/2022\/07\/Toyota-Binh-Duong-4-300x225.jpg 300w, https:\/\/toyotabinhduongg.com\/wp-content\/uploads\/2022\/07\/Toyota-Binh-Duong-4-1024x768.jpg 1024w, https:\/\/toyotabinhduongg.com\/wp-content\/uploads\/2022\/07\/Toyota-Binh-Duong-4-768x576.jpg 768w, https:\/\/toyotabinhduongg.com\/wp-content\/uploads\/2022\/07\/Toyota-Binh-Duong-4-600x450.jpg 600w, https:\/\/toyotabinhduongg.com\/wp-content\/uploads\/2022\/07\/Toyota-Binh-Duong-4.jpg 1080w\" alt=\"\" width=\"300\" height=\"225\" \/>Kh\u00f4ng qu\u00e1 l\u1eddi khi \u0111\u00e1nh gi\u00e1 Veloz Cross 2024 l\u00e0\u00a0m\u1eabu MPV \u0111\u00f4 th\u1ecb gi\u00e1 r\u1ebb\u00a0c\u00f3 thi\u1ebft k\u1ebf khoang l\u00e1i \u0111\u1eb9p nh\u1ea5t. V\u1eeba b\u01b0\u1edbc v\u00e0o, kh\u00e1ch h\u00e0ng s\u1ebd \u1ea5n t\u01b0\u1ee3ng ngay v\u1edbi m\u00e0n h\u00ecnh c\u1ea3m \u1ee9ng c\u00f3 k\u00edch th\u01b0\u1edbc 9 inch l\u1edbn nh\u1ea5t ph\u00e2n kh\u00fac. \u0110\u1ed3ng th\u1eddi c\u00f3 b\u1ed1 tr\u00ed nh\u00f4 cao kh\u1ecfi t\u00e1p l\u00f4 theo xu h\u01b0\u1edbng hi\u1ec7n \u0111\u1ea1i trong khi h\u1ea7u h\u1ebft c\u00e1c \u0111\u1ed1i th\u1ee7 \u0111\u1ec1u s\u1eed d\u1ee5ng ki\u1ec3u in ch\u00ecm v\u00e0o t\u00e1p l\u00f4.<\/p>\n<p>Veloz Cross 2024 c\u00f3 tr\u1ee5c c\u01a1 s\u1edf d\u00e0i 2750 mm, k\u00e9m h\u01a1n 25 mm so v\u1edbi Xpander. Tuy nhi\u00ean, nh\u1edd c\u00e1ch s\u1eafp x\u1ebfp khoa h\u1ecdc, kh\u00f4ng gian khoang h\u00e0nh kh\u00e1ch tr\u00ean xe r\u1ea5t r\u1ed9ng r\u00e3i. C\u1ee5 th\u1ec3, kho\u1ea3ng c\u00e1ch gi\u1eefa h\u00e0ng gh\u1ebf tr\u01b0\u1edbc v\u00e0 th\u1ee9 2 l\u00ean t\u1edbi 980 mm, h\u00e0ng gh\u1ebf gi\u1eefa c\u00f2n c\u00f3 th\u1ec3 tr\u01b0\u1ee3t 240 mm t\u1ea1o s\u1ef1 tho\u1ea3i m\u00e1i cho h\u00e0ng gh\u1ebf cu\u1ed1i.<\/p>\n<figure id=\"attachment_997\" class=\"wp-caption aligncenter\" aria-describedby=\"caption-attachment-997\"><img loading=\"lazy\" decoding=\"async\" class=\"size-medium wp-image-997\" src=\"https:\/\/toyotabinhduongg.com\/wp-content\/uploads\/2022\/07\/Toyota-Binh-Duong-1-225x300.jpg\" sizes=\"(max-width: 225px) 100vw, 225px\" srcset=\"https:\/\/toyotabinhduongg.com\/wp-content\/uploads\/2022\/07\/Toyota-Binh-Duong-1-225x300.jpg 225w, https:\/\/toyotabinhduongg.com\/wp-content\/uploads\/2022\/07\/Toyota-Binh-Duong-1-768x1024.jpg 768w, https:\/\/toyotabinhduongg.com\/wp-content\/uploads\/2022\/07\/Toyota-Binh-Duong-1-600x800.jpg 600w, https:\/\/toyotabinhduongg.com\/wp-content\/uploads\/2022\/07\/Toyota-Binh-Duong-1.jpg 864w\" alt=\"\" width=\"225\" height=\"300\" \/><figcaption id=\"caption-attachment-997\" class=\"wp-caption-text\"><strong>\u00a0 \u00a0 \u00a0 \u00a0 \u00a0 \u00a0 \u00a0 Toyota B\u00ecnh D\u01b0\u01a1ng<\/strong><\/figcaption><\/figure>\n<p>Veloz Cross 2022 g\u00e2y \u1ea5n t\u01b0\u1ee3ng v\u1edbi ch\u1ebf \u0111\u1ed9 gh\u1ebf sofa cho ph\u00e9p g\u1eadp ph\u1eb3ng h\u00e0ng gh\u1ebf 2 v\u00e0 3 cho ph\u00e9p kh\u00e1ch h\u00e0ng t\u1eadn d\u1ee5ng t\u1ed1i \u0111a kh\u00f4ng gian<\/p>\n<p><img loading=\"lazy\" decoding=\"async\" class=\"alignnone size-medium wp-image-998\" src=\"https:\/\/toyotabinhduongg.com\/wp-content\/uploads\/2022\/07\/Toyota-Binh-Duong-2-225x300.jpg\" sizes=\"(max-width: 225px) 100vw, 225px\" srcset=\"https:\/\/toyotabinhduongg.com\/wp-content\/uploads\/2022\/07\/Toyota-Binh-Duong-2-225x300.jpg 225w, https:\/\/toyotabinhduongg.com\/wp-content\/uploads\/2022\/07\/Toyota-Binh-Duong-2-768x1024.jpg 768w, https:\/\/toyotabinhduongg.com\/wp-content\/uploads\/2022\/07\/Toyota-Binh-Duong-2-600x800.jpg 600w, https:\/\/toyotabinhduongg.com\/wp-content\/uploads\/2022\/07\/Toyota-Binh-Duong-2.jpg 960w\" alt=\"\" width=\"225\" height=\"300\" \/><\/p>\n<h2 class=\"ftwp-heading\"><b>Ti\u1ec7n nghi \u2013 Hi\u1ec7n \u0111\u1ea1i<\/b><\/h2>\n<p>Veloz Cross 2024 c\u00f3 hi\u1ec7u su\u1ea5t l\u00e0m m\u00e1t t\u1ed1t nh\u1edd s\u1eed d\u1ee5ng \u0111i\u1ec1u ho\u00e0 t\u1ef1 \u0111\u1ed9ng k\u1ebft h\u1ee3p c\u00f9ng c\u00e1c c\u1eeda gi\u00f3 h\u00e0ng gh\u1ebf sau. Danh s\u00e1ch gi\u1ea3i tr\u00ed tr\u00ean xe g\u1ed3m c\u00f3 nh\u1eefng t\u00ednh n\u0103ng \u0111\u00e1ng ch\u00fa \u00fd nh\u01b0:<\/p>\n<ul>\n<li>M\u00e0n h\u00ecnh c\u1ea3m \u1ee9ng 9 inch<\/li>\n<li>K\u1ebft n\u1ed1i \u0111i\u1ec7n tho\u1ea1i th\u00f4ng minh<\/li>\n<li>S\u1ea1c kh\u00f4ng d\u00e2y<\/li>\n<li>D\u00e0n \u00e2m thanh 6 loa<\/li>\n<li>Ch\u00eca kho\u00e1 th\u00f4ng minh, kh\u1edfi \u0111\u1ed9ng b\u1eb1ng n\u00fat b\u1ea5m<\/li>\n<\/ul>\n<h2 id=\"mucluc-danh-sach-an-toan-tien-tien\" class=\"ftwp-heading\"><b>Danh s\u00e1ch an to\u00e0n ti\u00ean ti\u1ebfn<\/b><\/h2>\n<p>Nhi\u1ec1u kh\u00e1ch h\u00e0ng b\u1ea5t ng\u1edd khi Veloz Cross 2022 \u0111\u01b0\u1ee3c trang b\u1ecb g\u00f3i an to\u00e0n Toyota Safety Sense nh\u01b0\u00a0c\u00e1c d\u00f2ng xe cao c\u1ea5p c\u1ee7a Toyota, bao g\u1ed3m 5 t\u00ednh n\u0103ng:<\/p>\n<ul>\n<li>C\u1ea3nh b\u00e1o ti\u1ec1n va ch\u1ea1m<\/li>\n<li>C\u1ea3nh b\u00e1o l\u1ec7ch l\u00e0n \u0111\u01b0\u1eddng<\/li>\n<li>\u0110\u00e8n chi\u1ebfu xa t\u1ef1 \u0111\u1ed9ng<\/li>\n<li>Ki\u1ec3m so\u00e1t v\u1eadn h\u00e0nh ch\u00e2n ga<\/li>\n<li>C\u1ea3nh b\u00e1o ph\u01b0\u01a1ng ti\u1ec7n ph\u00eda tr\u01b0\u1edbc kh\u1edfi h\u00e0nh<\/li>\n<\/ul>\n<p>S\u1ebd ho\u00e0n h\u1ea3o h\u01a1n n\u1ebfu Veloz Cross 2024 \u0111\u01b0\u1ee3c t\u00edch h\u1ee3p th\u00eam t\u00ednh n\u0103ng cruise control. Ngo\u00e0i ra, xe c\u00f2n c\u00f3 nhi\u1ec1u t\u00ednh n\u0103ng an to\u00e0n kh\u00e1c nh\u01b0:<\/p>\n<ul>\n<li>6 t\u00fai kh\u00ed<\/li>\n<li>Phanh tay \u0111i\u1ec7n t\u1eed<\/li>\n<li>C\u1ea3nh b\u00e1o \u0111i\u1ec3m m\u00f9<\/li>\n<li>C\u1ea3nh b\u00e1o ph\u01b0\u01a1ng ti\u1ec7n c\u1eaft ngang ph\u00eda sau<\/li>\n<li>C\u00e2n b\u1eb1ng \u0111i\u1ec7n t\u1eed<\/li>\n<li>H\u1ed7 tr\u1ee3 kh\u1edfi h\u00e0nh ngang d\u1ed1c<\/li>\n<li>Camera l\u00f9i\/360 \u0111\u1ed9<\/li>\n<li>C\u1ea3m bi\u1ebfn l\u00f9i<\/li>\n<\/ul>\n<p>Veloz Cross CVT TOP , Veloz Cross CVT TOP, Veloz Cross CVT TOP<\/p>","protected":false},"excerpt":{"rendered":"<p>\u2022 S\u1ed1 ch\u1ed7 ng\u1ed3i : 7 ch\u1ed7<br \/>\n\u2022 Ki\u1ec3u d\u00e1ng : MPV\/CUV<br \/>\n\u2022 Nhi\u00ean li\u1ec7u : X\u0103ng<br \/>\n\u2022 Xu\u1ea5t x\u1ee9 : L\u1eafp r\u00e1p trong n\u01b0\u1edbc<br \/>\n\u2022 Th\u00f4ng tin kh\u00e1c:<br \/>\n+ S\u1ed1 t\u1ef1 \u0111\u1ed9ng CVT<br \/>\n+ \u0110\u1ed9ng c\u01a1 x\u0103ng dung t\u00edch 1.496 cm3<\/p>","protected":false},"featured_media":16676,"comment_status":"open","ping_status":"closed","template":"","meta":[],"product_cat":[359],"product_tag":[],"class_list":{"0":"post-16675","1":"product","2":"type-product","3":"status-publish","4":"has-post-thumbnail","6":"product_cat-toyota-veloz-cross","8":"first","9":"instock","10":"shipping-taxable","11":"purchasable","12":"product-type-simple"},"_links":{"self":[{"href":"https:\/\/toyotathuanan.com.vn\/en\/wp-json\/wp\/v2\/product\/16675","targetHints":{"allow":["GET"]}}],"collection":[{"href":"https:\/\/toyotathuanan.com.vn\/en\/wp-json\/wp\/v2\/product"}],"about":[{"href":"https:\/\/toyotathuanan.com.vn\/en\/wp-json\/wp\/v2\/types\/product"}],"replies":[{"embeddable":true,"href":"https:\/\/toyotathuanan.com.vn\/en\/wp-json\/wp\/v2\/comments?post=16675"}],"version-history":[{"count":1,"href":"https:\/\/toyotathuanan.com.vn\/en\/wp-json\/wp\/v2\/product\/16675\/revisions"}],"predecessor-version":[{"id":16682,"href":"https:\/\/toyotathuanan.com.vn\/en\/wp-json\/wp\/v2\/product\/16675\/revisions\/16682"}],"wp:featuredmedia":[{"embeddable":true,"href":"https:\/\/toyotathuanan.com.vn\/en\/wp-json\/wp\/v2\/media\/16676"}],"wp:attachment":[{"href":"https:\/\/toyotathuanan.com.vn\/en\/wp-json\/wp\/v2\/media?parent=16675"}],"wp:term":[{"taxonomy":"product_cat","embeddable":true,"href":"https:\/\/toyotathuanan.com.vn\/en\/wp-json\/wp\/v2\/product_cat?post=16675"},{"taxonomy":"product_tag","embeddable":true,"href":"https:\/\/toyotathuanan.com.vn\/en\/wp-json\/wp\/v2\/product_tag?post=16675"}],"curies":[{"name":"wp","href":"https:\/\/api.w.org\/{rel}","templated":true}]}}