{"id":16664,"date":"2024-10-28T20:14:16","date_gmt":"2024-10-28T13:14:16","guid":{"rendered":"https:\/\/toyotathuanan.com.vn\/?post_type=product&#038;p=16664"},"modified":"2026-02-21T23:24:00","modified_gmt":"2026-02-21T16:24:00","slug":"land-cruiser-prado","status":"publish","type":"product","link":"https:\/\/toyotathuanan.com.vn\/en\/san-pham\/land-cruiser-prado\/","title":{"rendered":"LAND CRUISER PRADO"},"content":{"rendered":"<p>&nbsp;<\/p>\n<p><img fetchpriority=\"high\" decoding=\"async\" class=\"size-full wp-image-475 aligncenter\" src=\"https:\/\/toyotabinhduongg.com\/wp-content\/uploads\/2021\/07\/LP-BACKGROUP-2-1280x800-2.jpg\" sizes=\"(max-width: 798px) 100vw, 798px\" srcset=\"https:\/\/toyotabinhduongg.com\/wp-content\/uploads\/2021\/07\/LP-BACKGROUP-2-1280x800-2.jpg 798w, https:\/\/toyotabinhduongg.com\/wp-content\/uploads\/2021\/07\/LP-BACKGROUP-2-1280x800-2-600x375.jpg 600w, https:\/\/toyotabinhduongg.com\/wp-content\/uploads\/2021\/07\/LP-BACKGROUP-2-1280x800-2-300x188.jpg 300w, https:\/\/toyotabinhduongg.com\/wp-content\/uploads\/2021\/07\/LP-BACKGROUP-2-1280x800-2-768x480.jpg 768w\" alt=\"\" width=\"798\" height=\"499\" \/><\/p>\n<p>&nbsp;<\/p>\n<p>Toyota Vi\u1ec7t Nam m\u1edbi \u0111\u00e2y v\u1eeba ch\u00ednh th\u1ee9c b\u00e1n ra m\u1eabu SUV 7 ch\u1ed7 Land Cruiser Prado phi\u00ean b\u1ea3n 2023 m\u1edbi. \u0110\u01b0\u1ee3c coi l\u00e0 ti\u1ec3u Land Cruiser. So s\u00e1nh v\u1edbi phi\u00ean b\u1ea3n ti\u1ec1n nhi\u1ec7m, Prado 2021 s\u1edf h\u1eefu m\u1ed9t s\u1ed1 n\u00e2ng c\u1ea5p kh\u00e1 \u0111\u00e1ng k\u1ec3 v\u1ec1 m\u1eb7t ti\u1ec7n nghi.<\/p>\n<p><img decoding=\"async\" class=\"size-full wp-image-476 aligncenter\" src=\"https:\/\/toyotabinhduongg.com\/wp-content\/uploads\/2021\/07\/LP-BACKGROUP-1.jpg\" sizes=\"(max-width: 1422px) 100vw, 1422px\" srcset=\"https:\/\/toyotabinhduongg.com\/wp-content\/uploads\/2021\/07\/LP-BACKGROUP-1.jpg 1422w, https:\/\/toyotabinhduongg.com\/wp-content\/uploads\/2021\/07\/LP-BACKGROUP-1-600x400.jpg 600w, https:\/\/toyotabinhduongg.com\/wp-content\/uploads\/2021\/07\/LP-BACKGROUP-1-300x200.jpg 300w, https:\/\/toyotabinhduongg.com\/wp-content\/uploads\/2021\/07\/LP-BACKGROUP-1-1024x683.jpg 1024w, https:\/\/toyotabinhduongg.com\/wp-content\/uploads\/2021\/07\/LP-BACKGROUP-1-768x512.jpg 768w\" alt=\"\" width=\"1422\" height=\"948\" \/><\/p>\n<p>&nbsp;<\/p>\n<h4><strong>Gi\u00e1 Prado 2021 l\u0103n b\u00e1nh t\u1ea1i Vi\u1ec7t Nam<\/strong><\/h4>\n<p>Gi\u00e1 l\u0103n b\u00e1nh t\u1ea1m t\u00ednh c\u1ee7a Toyota Land Cruiser Prado 2021 t\u1ea1i H\u00e0 N\u1ed9i v\u00e0 c\u00e1c t\u1ec9nh (<em>Gi\u00e1 d\u01b0\u1edbi \u0111\u00e2y l\u00e0 gi\u00e1 t\u1ea1m t\u00ednh ch\u01b0a bao g\u1ed3m khuy\u1ebfn m\u00e3i. \u0110\u1ec3 bi\u1ebft gi\u00e1 l\u0103n b\u00e1nh c\u1ee5 th\u1ec3 \u1edf th\u1eddi \u0111i\u1ec3m hi\u1ec7n t\u1ea1i qu\u00fd kh\u00e1ch h\u00e0ng xin vui l\u00f2ng g\u1ecdi\u00a0<\/em> :035 529 3334<\/p>\n<p>&nbsp;<\/p>\n<p>&nbsp;<\/p>\n<h4><strong>S\u01a1 l\u01b0\u1ee3c l\u1ecbch s\u1eed<\/strong><\/h4>\n<p>T\u1eeb 10\/1984,\u00a0<strong>Toyota Land Prado<\/strong>\u00a0\u0111\u00e3 ph\u00e1t tri\u1ec3n c\u00e1c d\u00f2ng xe h\u1ea1ng nh\u1eb9 J70. Nh\u1eefng c\u00e1i t\u00ean nh\u01b0 Land Cruiser II,\u00a0<strong>Land Cruiser<\/strong>\u00a0v\u00e0 Bundera \u0111\u00e3 \u0111\u01b0\u1ee3c g\u1ecdi l\u00e0 \u201cDuty Light\u201d Land Cruiser. C\u00f3 ba t\u00f9y ch\u1ecdn \u0111\u1ed9ng c\u01a1 l\u00e0 2.4L, \u0111\u1ed9ng c\u01a1 x\u0103ng 22R v\u00e0 \u0111\u1ed9ng c\u01a1 diesel 2L v\u00e0 2L-T. Truy\u1ec1n t\u1ea3i cho \u0111\u1ed9ng c\u01a1 x\u0103ng l\u00e0 lo\u1ea1i G52 trong khi \u0111\u1ed9ng c\u01a1 diesel s\u1eed d\u1ee5ng R150 v\u00e0 R151.<\/p>\n<p>\u0110\u1ebfn th\u1eddi \u0111i\u1ec3m hi\u1ec7n t\u1ea1i, qua c\u00e1c l\u1ea7n n\u00e2ng c\u1ea5p Toyota Land Cruiser Prado v\u1eabn ch\u1ee9ng minh \u0111\u01b0\u1ee3c gi\u00e1 tr\u1ecb c\u1ed1t l\u00f5i m\u00e0 h\u00e3ng Toyota mang l\u1ea1i. \u0110\u00f3 l\u00e0 ch\u00ednh l\u00e0 t\u00ednh tin c\u1eady, \u1ed5n \u0111\u1ecbnh, v\u1eadn h\u00e0nh b\u1ec1n b\u1ec9 v\u00e0 chi ph\u00ed s\u1eed d\u1ee5ng th\u1ea5p h\u01a1n h\u1eb3n so v\u1edbi c\u00e1c \u0111\u1ed1i th\u1ee7 c\u00f9ng ph\u00e2n kh\u00fac c\u1ee7a n\u00f3.<\/p>\n<p>&nbsp;<\/p>\n<p><img decoding=\"async\" class=\"alignnone size-full wp-image-477\" src=\"https:\/\/toyotabinhduongg.com\/wp-content\/uploads\/2021\/07\/LP-2017-1-1.jpeg\" sizes=\"(max-width: 900px) 100vw, 900px\" srcset=\"https:\/\/toyotabinhduongg.com\/wp-content\/uploads\/2021\/07\/LP-2017-1-1.jpeg 900w, https:\/\/toyotabinhduongg.com\/wp-content\/uploads\/2021\/07\/LP-2017-1-1-600x391.jpeg 600w, https:\/\/toyotabinhduongg.com\/wp-content\/uploads\/2021\/07\/LP-2017-1-1-300x195.jpeg 300w, https:\/\/toyotabinhduongg.com\/wp-content\/uploads\/2021\/07\/LP-2017-1-1-768x500.jpeg 768w\" alt=\"\" width=\"900\" height=\"586\" \/><\/p>\n<p>&nbsp;<\/p>\n<h4><strong>Phi\u00ean b\u1ea3n n\u00e2ng c\u1ea5p hi\u1ec7n t\u1ea1i<\/strong><\/h4>\n<p>C\u1ee5 th\u1ec3, Land Cruiser Prado 2023 \u0111\u01b0\u1ee3c h\u00e3ng xe Nh\u1eadt B\u1ea3n n\u00e2ng c\u1ea5p nh\u1eefng trang b\u1ecb nh\u01b0 : g\u01b0\u01a1ng chi\u1ebfu h\u1eadu trung t\u00e2m ch\u1ed1ng ch\u00f3i, \u0111\u00e8n soi \u0111\u01b0\u1eddng, \u0111\u00e8n b\u1eadc c\u1eeda l\u00ean xu\u1ed1ng, kho\u00e1 c\u1eeda \u0111i\u1ec7n k\u00e9p v\u00e0 g\u1ea1t m\u01b0a t\u1ef1 \u0111\u1ed9ng. Ngo\u00e0i ra, thi\u1ebft k\u1ebf c\u1ee7a Prado 2021 s\u1ebd kh\u00f4ng c\u00f3 s\u1ef1 kh\u00e1c bi\u1ec7t so v\u1edbi phi\u00ean b\u1ea3n tr\u01b0\u1edbc. Xe v\u1eabn s\u1edf h\u1eefu b\u1ed9 m\u00e2m 18 inch m\u00e0u x\u00e1m, c\u1ee5m \u0111\u00e8n chi\u1ebfu s\u00e1ng tr\u01b0\u1edbc sau \u0111\u1ec1u c\u00f4ng ngh\u1ec7 Led hi\u1ec7n \u0111\u1ea1i nh\u01b0ng gi\u00e1 Prado 2021 ch\u1ec9 t\u0103ng nh\u1eb9.<\/p>\n<h4><strong>Gi\u00e1 Prado 2023<\/strong><\/h4>\n<p>T\u1ea1i th\u1ecb tr\u01b0\u1eddng Vi\u1ec7t Nam, Toyota Land Cruiser Prado 2023 \u0111\u01b0\u1ee3c ph\u00e2n ph\u1ed1i v\u1edbi gi\u00e1 2 t\u1ef7 628 tri\u1ec7u \u0111\u1ed3ng.<\/p>\n<p>&nbsp;<\/p>\n<p>&nbsp;<\/p>\n<p>Ngo\u00e0i nh\u1eefng trang b\u1ecb k\u1ec3 tr\u00ean, Prado 2023 ti\u1ebfp t\u1ee5c \u0111\u01b0\u1ee3c trang b\u1ecb c\u00e1c c\u00f4ng ngh\u1ec7 an to\u00e0n nh\u01b0 : camera l\u00f9i, 7 t\u00fai kh\u00ed, ga t\u1ef1 \u0111\u1ed9ng, h\u1ec7 th\u1ed1ng ki\u1ec3m so\u00e1t l\u1ef1c k\u00e9o, c\u1ea3m bi\u1ebfn sau, h\u1ec7 th\u1ed1ng c\u00e2n b\u1eb1ng \u0111i\u1ec7n t\u1eed, h\u1ec7 th\u1ed1ng ABS, BA, EBD\u2026<\/p>\n<p>&nbsp;<\/p>\n<p><img loading=\"lazy\" decoding=\"async\" class=\"aligncenter wp-image-4726\" title=\"Land Cruiser Prado 2020 - H\u1ec7 d\u1eabn \u0111\u1ed9ng hai c\u1ea7u to\u00e0n th\u1eddi gian m\u1ea1nh m\u1ebd\" src=\"https:\/\/vietnam-toyota.com.vn\/wp-content\/uploads\/2019\/02\/toyota_land_cruiser_prado.jpg\" sizes=\"(max-width: 800px) 100vw, 800px\" srcset=\"https:\/\/vietnam-toyota.com.vn\/wp-content\/uploads\/2019\/02\/toyota_land_cruiser_prado.jpg 1599w, https:\/\/vietnam-toyota.com.vn\/wp-content\/uploads\/2019\/02\/toyota_land_cruiser_prado-603x400.jpg 603w, https:\/\/vietnam-toyota.com.vn\/wp-content\/uploads\/2019\/02\/toyota_land_cruiser_prado-1207x800.jpg 1207w, https:\/\/vietnam-toyota.com.vn\/wp-content\/uploads\/2019\/02\/toyota_land_cruiser_prado-768x509.jpg 768w, https:\/\/vietnam-toyota.com.vn\/wp-content\/uploads\/2019\/02\/toyota_land_cruiser_prado-1536x1018.jpg 1536w, https:\/\/vietnam-toyota.com.vn\/wp-content\/uploads\/2019\/02\/toyota_land_cruiser_prado-250x166.jpg 250w, https:\/\/vietnam-toyota.com.vn\/wp-content\/uploads\/2019\/02\/toyota_land_cruiser_prado-350x232.jpg 350w\" alt=\"Land Cruiser Prado 2020 - H\u1ec7 d\u1eabn \u0111\u1ed9ng hai c\u1ea7u to\u00e0n th\u1eddi gian m\u1ea1nh m\u1ebd\" width=\"800\" height=\"530\" \/><\/p>\n<p>&nbsp;<\/p>\n<p>V\u1ec1 truy\u1ec1n \u0111\u1ed9ng, Toyota Land Cruiser Prado 2023 s\u1eed d\u1ee5ng kh\u1ed1i \u0111\u1ed9ng c\u01a1 2.7L 4 xy-lanh nh\u01b0 phi\u00ean b\u1ea3n c\u0169. Kh\u1ed1i \u0111\u1ed9ng c\u01a1 n\u00e0y s\u1ea3n sinh ra c\u00f4ng su\u1ea5t t\u1ed1i \u0111a 161 m\u00e3 l\u1ef1c v\u00e0 246 Nm m\u00f4-men xo\u1eafn c\u1ef1c \u0111\u1ea1i. S\u1ee9c m\u1ea1nh \u0111\u01b0\u1ee3c truy\u1ec1n xu\u1ed1ng th\u00f4ng qua h\u1ed9p s\u1ed1 t\u1ef1 \u0111\u1ed9ng 6 c\u1ea5p v\u00e0 h\u1ec7 d\u1eabn \u0111\u1ed9ng 4 b\u00e1nh.<\/p>\n<p>&nbsp;<\/p>\n<p><img loading=\"lazy\" decoding=\"async\" class=\"aligncenter wp-image-4727\" title=\"Land Cruiser Prado 2020 - Thi\u1ebft k\u1ebf tinh t\u1ebf\" src=\"https:\/\/vietnam-toyota.com.vn\/wp-content\/uploads\/2019\/02\/toyota_land_cruiser_prado-1.jpg\" sizes=\"(max-width: 800px) 100vw, 800px\" srcset=\"https:\/\/vietnam-toyota.com.vn\/wp-content\/uploads\/2019\/02\/toyota_land_cruiser_prado-1.jpg 1920w, https:\/\/vietnam-toyota.com.vn\/wp-content\/uploads\/2019\/02\/toyota_land_cruiser_prado-1-711x400.jpg 711w, https:\/\/vietnam-toyota.com.vn\/wp-content\/uploads\/2019\/02\/toyota_land_cruiser_prado-1-1400x788.jpg 1400w, https:\/\/vietnam-toyota.com.vn\/wp-content\/uploads\/2019\/02\/toyota_land_cruiser_prado-1-768x432.jpg 768w, https:\/\/vietnam-toyota.com.vn\/wp-content\/uploads\/2019\/02\/toyota_land_cruiser_prado-1-1536x864.jpg 1536w, https:\/\/vietnam-toyota.com.vn\/wp-content\/uploads\/2019\/02\/toyota_land_cruiser_prado-1-250x141.jpg 250w, https:\/\/vietnam-toyota.com.vn\/wp-content\/uploads\/2019\/02\/toyota_land_cruiser_prado-1-350x197.jpg 350w\" alt=\"Land Cruiser Prado 2020 - Thi\u1ebft k\u1ebf tinh t\u1ebf\" width=\"800\" height=\"450\" \/><\/p>\n<p>&nbsp;<\/p>\n<h4><strong>T\u1ed5ng k\u1ebft<\/strong><\/h4>\n<p>Nh\u01b0 \u0111\u00e3 \u0111\u1ec1 c\u1eadp \u1edf tr\u00ean, Toyota Prado 2023 \u0111\u01b0\u1ee3c ni\u00eam y\u1ebft v\u1edbi m\u1ee9c gi\u00e1 2,628 t\u1ef7 VN\u0110. Ri\u00eang phi\u00ean b\u1ea3n m\u00e0u tr\u1eafng ng\u1ecdc trai s\u1ebd c\u00f3 gi\u00e1 cao h\u01a1n 10 tri\u1ec7u VN\u0110 v\u00e0 \u1edf m\u1ee9c 2,628 tri\u1ec7u VN\u0110. So s\u00e1nh v\u1edbi \u0111\u1ed1i th\u1ee7 tr\u1ef1c ti\u1ebfp l\u00e0 Ford Explorer (nh\u1eadp M\u1ef9), gi\u00e1 Prado 2021 (nh\u1eadp Nh\u1eadt) cao h\u01a1n kho\u1ea3ng 380 tri\u1ec7u VN\u0110.<\/p>\n<p>Tr\u1ea3i qua l\u1ecbch s\u1eed nhi\u1ec1u n\u0103m thay \u0111\u1ed5i, ho\u00e0n thi\u1ec7n v\u1ec1 thi\u1ebft k\u1ebf v\u00e0 ki\u1ec3u d\u00e1ng. Vi\u1ec7c Toyota cho ra m\u1eaft model\u00a0<strong>Toyota Land Cruiser Prado 2023<\/strong>\u00a0v\u1edbi m\u1ed9t lo\u1ea1t \u0111\u1ed5i m\u1edbi t\u00e2n ti\u1ebfn v\u00e0 hi\u1ec7n \u0111\u1ea1i h\u1ee9a h\u1eb9n s\u1ebd t\u1ed1n kh\u00f4ng \u00edt gi\u1ea5y m\u1ef1c v\u00e0 l\u1eddi ca t\u1ee5ng c\u1ee7a gi\u1edbi truy\u1ec1n th\u00f4ng.<\/p>","protected":false},"excerpt":{"rendered":"<p>\u2022 S\u1ed1 ch\u1ed7 ng\u1ed3i : 7 ch\u1ed7<br \/>\n\u2022 Ki\u1ec3u d\u00e1ng : SUV<br \/>\n\u2022 Nhi\u00ean li\u1ec7u : X\u0103ng<br \/>\n\u2022 Xu\u1ea5t x\u1ee9 : Xe nh\u1eadp kh\u1ea9u<br \/>\n\u2022 Th\u00f4ng tin kh\u00e1c:<br \/>\n+ S\u1ed1 t\u1ef1 \u0111\u1ed9ng 6 c\u1ea5p<\/p>","protected":false},"featured_media":16665,"comment_status":"open","ping_status":"closed","template":"","meta":[],"product_cat":[357],"product_tag":[345,358,347],"class_list":{"0":"post-16664","1":"product","2":"type-product","3":"status-publish","4":"has-post-thumbnail","6":"product_cat-toyota-land-cruiser","7":"product_tag-gia-xe-toyota","8":"product_tag-toyota-land-cruiser","9":"product_tag-toyota-thuan-an","11":"first","12":"instock","13":"shipping-taxable","14":"purchasable","15":"product-type-simple"},"_links":{"self":[{"href":"https:\/\/toyotathuanan.com.vn\/en\/wp-json\/wp\/v2\/product\/16664","targetHints":{"allow":["GET"]}}],"collection":[{"href":"https:\/\/toyotathuanan.com.vn\/en\/wp-json\/wp\/v2\/product"}],"about":[{"href":"https:\/\/toyotathuanan.com.vn\/en\/wp-json\/wp\/v2\/types\/product"}],"replies":[{"embeddable":true,"href":"https:\/\/toyotathuanan.com.vn\/en\/wp-json\/wp\/v2\/comments?post=16664"}],"version-history":[{"count":1,"href":"https:\/\/toyotathuanan.com.vn\/en\/wp-json\/wp\/v2\/product\/16664\/revisions"}],"predecessor-version":[{"id":16674,"href":"https:\/\/toyotathuanan.com.vn\/en\/wp-json\/wp\/v2\/product\/16664\/revisions\/16674"}],"wp:featuredmedia":[{"embeddable":true,"href":"https:\/\/toyotathuanan.com.vn\/en\/wp-json\/wp\/v2\/media\/16665"}],"wp:attachment":[{"href":"https:\/\/toyotathuanan.com.vn\/en\/wp-json\/wp\/v2\/media?parent=16664"}],"wp:term":[{"taxonomy":"product_cat","embeddable":true,"href":"https:\/\/toyotathuanan.com.vn\/en\/wp-json\/wp\/v2\/product_cat?post=16664"},{"taxonomy":"product_tag","embeddable":true,"href":"https:\/\/toyotathuanan.com.vn\/en\/wp-json\/wp\/v2\/product_tag?post=16664"}],"curies":[{"name":"wp","href":"https:\/\/api.w.org\/{rel}","templated":true}]}}