{"id":16654,"date":"2024-10-28T19:57:19","date_gmt":"2024-10-28T12:57:19","guid":{"rendered":"https:\/\/toyotathuanan.com.vn\/?post_type=product&#038;p=16654"},"modified":"2024-10-28T19:57:19","modified_gmt":"2024-10-28T12:57:19","slug":"land-cruiser-300","status":"publish","type":"product","link":"https:\/\/toyotathuanan.com.vn\/en\/san-pham\/land-cruiser-300\/","title":{"rendered":"LAND CRUISER 300"},"content":{"rendered":"<h1><strong>Gi\u00e1 Land Cruiser 2021 V8 4.6VX<\/strong><\/h1>\n<p>Land Cruiser 2021 l\u00e0 m\u1eabu xe SUV \u0111\u1ecba h\u00ecnh \u0111\u01b0\u1ee3c h\u00e3ng xe Nh\u1eadt B\u1ea3n coi l\u00e0 bi\u1ec3u t\u01b0\u1ee3ng tr\u00ean to\u00e0n c\u1ea7u. \u0110\u00e2y c\u0169ng l\u00e0 chi\u1ebfc xe \u201canh c\u1ea3\u201d trong d\u00f2ng SUV n\u00e0y v\u1edbi kh\u1ea3 n\u0103ng off-road \u1ea5n t\u01b0\u1ee3ng nh\u1ea5t. V\u1eady gi\u00e1 Land Cruiser 2021 V8 4.6VX l\u00e0 bao nhi\u00eau ? h\u00e3y c\u00f9ng t\u00ecm hi\u1ec3u trong b\u00e0i vi\u1ebft d\u01b0\u1edbi \u0111\u00e2y.<\/p>\n<p>&nbsp;<\/p>\n<p><img fetchpriority=\"high\" decoding=\"async\" class=\"aligncenter wp-image-4591 lazyloaded\" title=\"Toyota Land Cruiser V8 4.6 VX 2020 - Th\u1ed1ng l\u0129nh m\u1ecdi \u0111\u1ecba h\u00ecnh\" src=\"https:\/\/vietnam-toyota.com.vn\/wp-content\/uploads\/2020\/04\/1612_2020-toyota-land-cruiser-heritage-edition.jpg\" sizes=\"(max-width: 800px) 100vw, 800px\" srcset=\"https:\/\/vietnam-toyota.com.vn\/wp-content\/uploads\/2020\/04\/1612_2020-toyota-land-cruiser-heritage-edition.jpg 1280w, https:\/\/vietnam-toyota.com.vn\/wp-content\/uploads\/2020\/04\/1612_2020-toyota-land-cruiser-heritage-edition-711x400.jpg 711w, https:\/\/vietnam-toyota.com.vn\/wp-content\/uploads\/2020\/04\/1612_2020-toyota-land-cruiser-heritage-edition-768x432.jpg 768w, https:\/\/vietnam-toyota.com.vn\/wp-content\/uploads\/2020\/04\/1612_2020-toyota-land-cruiser-heritage-edition-250x141.jpg 250w, https:\/\/vietnam-toyota.com.vn\/wp-content\/uploads\/2020\/04\/1612_2020-toyota-land-cruiser-heritage-edition-350x197.jpg 350w\" alt=\"Toyota Land Cruiser V8 4.6 VX 2020 - Th\u1ed1ng l\u0129nh m\u1ecdi \u0111\u1ecba h\u00ecnh\" width=\"800\" height=\"450\" data-lazy-srcset=\"https:\/\/vietnam-toyota.com.vn\/wp-content\/uploads\/2020\/04\/1612_2020-toyota-land-cruiser-heritage-edition.jpg 1280w, https:\/\/vietnam-toyota.com.vn\/wp-content\/uploads\/2020\/04\/1612_2020-toyota-land-cruiser-heritage-edition-711x400.jpg 711w, https:\/\/vietnam-toyota.com.vn\/wp-content\/uploads\/2020\/04\/1612_2020-toyota-land-cruiser-heritage-edition-768x432.jpg 768w, https:\/\/vietnam-toyota.com.vn\/wp-content\/uploads\/2020\/04\/1612_2020-toyota-land-cruiser-heritage-edition-250x141.jpg 250w, https:\/\/vietnam-toyota.com.vn\/wp-content\/uploads\/2020\/04\/1612_2020-toyota-land-cruiser-heritage-edition-350x197.jpg 350w\" data-lazy-sizes=\"(max-width: 800px) 100vw, 800px\" data-lazy-src=\"https:\/\/vietnam-toyota.com.vn\/wp-content\/uploads\/2020\/04\/1612_2020-toyota-land-cruiser-heritage-edition.jpg\" data-was-processed=\"true\" \/><\/p>\n<p>&nbsp;<\/p>\n<h4 align=\"justify\"><strong>S\u1ef1 ra \u0111\u1eddi c\u1ee7a Toyota Land Cruiser<\/strong><\/h4>\n<p align=\"justify\">Ra m\u1eaft l\u1ea7n \u0111\u1ea7u n\u0103m 1951, tr\u1ea3i qua g\u1ea7n 70 n\u0103m c\u00f3 m\u1eb7t tr\u00ean th\u1ecb tr\u01b0\u1eddng, Toyota Land Cruiser \u0111\u00e3 ch\u1ee9ng t\u1ecf v\u00ec sao m\u00ecnh l\u00e0 c\u00e1i t\u00ean ti\u00eau bi\u1ec3u nh\u1ea5t c\u1ee7a th\u01b0\u01a1ng hi\u1ec7u \u00f4 t\u00f4 \u0111\u1eaft gi\u00e1 nh\u1ea5t th\u1ebf gi\u1edbi. Trong t\u1ea5t c\u1ea3 c\u00e1c d\u00f2ng c\u1ee7a Toyota, Land Cruiser l\u00e0 m\u1eabu xe c\u00f3 v\u00f2ng \u0111\u1eddi l\u00e2u nh\u1ea5t. Trung b\u00ecnh 10 n\u0103m chi\u1ebfc xe n\u00e0y m\u1edbi c\u00f3 th\u1ebf h\u1ec7 m\u1edbi. Th\u1ee7a khai sinh, m\u1eabu xe n\u00e0y c\u00f3 t\u00ean g\u1ecdi Toyota Jeep BJ, \u0111\u1ebfn th\u1ebf h\u1ec7 th\u1ee9 3 t\u1eeb n\u0103m 1960-1984. Toyota Land Cruiser l\u00e0 t\u00ean g\u1ecdi \u0111\u1ebfn hi\u1ec7n nay.<\/p>\n<p align=\"justify\">Th\u1ebf h\u1ec7 th\u1ee9 6 ra \u0111\u1eddi t\u1eeb n\u0103m 2008 v\u00e0 \u0111\u00e3 12 n\u0103m tr\u00f4i qua nh\u01b0ng xe ch\u1ec9 \u0111\u01b0\u1ee3c n\u00e2ng c\u1ea5p nh\u1eb9, c\u00f2n ki\u1ec3u d\u00e1ng v\u1eabn kh\u00f4ng thay \u0111\u1ed5i qu\u00e1 nhi\u1ec1u mang nhi\u1ec1u n\u00e9t \u0111\u1eb7c tr\u01b0ng. \u0110i\u1ec3m \u0111\u1eb7c bi\u1ec7t c\u1ee7a Toyota Land Cruiser 2021 l\u00e0 m\u1eabu xe n\u00e0y hi\u1ec7n \u0111ang s\u1eed d\u1ee5ng chung khung g\u1ea7m c\u00f9ng \u201cng\u01b0\u1eddi anh em\u201d Lexus LX570. Tuy v\u1eady gi\u00e1 Land Cruiser 2021 t\u1ea1i th\u1ecb tr\u01b0\u1eddng Vi\u1ec7t Nam ch\u1ec9 b\u1eb1ng 1\/2 so v\u1edbi Lexus LX 570.<\/p>\n<p>&nbsp;<\/p>\n<p><img decoding=\"async\" class=\"aligncenter wp-image-4614 lazyloaded\" title=\"Toyota Land Cruiser V8 4.6 VX 2021 - Hi\u1ec7n \u0111\u1ea1i, m\u1ea1nh m\u1ebd\" src=\"https:\/\/vietnam-toyota.com.vn\/wp-content\/uploads\/2020\/04\/Toyota-land-cruiser-2020-banner-3.jpg\" sizes=\"(max-width: 800px) 100vw, 800px\" srcset=\"https:\/\/vietnam-toyota.com.vn\/wp-content\/uploads\/2020\/04\/Toyota-land-cruiser-2020-banner-3.jpg 1440w, https:\/\/vietnam-toyota.com.vn\/wp-content\/uploads\/2020\/04\/Toyota-land-cruiser-2020-banner-3-640x400.jpg 640w, https:\/\/vietnam-toyota.com.vn\/wp-content\/uploads\/2020\/04\/Toyota-land-cruiser-2020-banner-3-1280x800.jpg 1280w, https:\/\/vietnam-toyota.com.vn\/wp-content\/uploads\/2020\/04\/Toyota-land-cruiser-2020-banner-3-768x480.jpg 768w, https:\/\/vietnam-toyota.com.vn\/wp-content\/uploads\/2020\/04\/Toyota-land-cruiser-2020-banner-3-250x156.jpg 250w, https:\/\/vietnam-toyota.com.vn\/wp-content\/uploads\/2020\/04\/Toyota-land-cruiser-2020-banner-3-350x219.jpg 350w\" alt=\"Toyota Land Cruiser V8 4.6 VX 2021 - Hi\u1ec7n \u0111\u1ea1i, m\u1ea1nh m\u1ebd\" width=\"800\" height=\"500\" data-lazy-srcset=\"https:\/\/vietnam-toyota.com.vn\/wp-content\/uploads\/2020\/04\/Toyota-land-cruiser-2020-banner-3.jpg 1440w, https:\/\/vietnam-toyota.com.vn\/wp-content\/uploads\/2020\/04\/Toyota-land-cruiser-2020-banner-3-640x400.jpg 640w, https:\/\/vietnam-toyota.com.vn\/wp-content\/uploads\/2020\/04\/Toyota-land-cruiser-2020-banner-3-1280x800.jpg 1280w, https:\/\/vietnam-toyota.com.vn\/wp-content\/uploads\/2020\/04\/Toyota-land-cruiser-2020-banner-3-768x480.jpg 768w, https:\/\/vietnam-toyota.com.vn\/wp-content\/uploads\/2020\/04\/Toyota-land-cruiser-2020-banner-3-250x156.jpg 250w, https:\/\/vietnam-toyota.com.vn\/wp-content\/uploads\/2020\/04\/Toyota-land-cruiser-2020-banner-3-350x219.jpg 350w\" data-lazy-sizes=\"(max-width: 800px) 100vw, 800px\" data-lazy-src=\"https:\/\/vietnam-toyota.com.vn\/wp-content\/uploads\/2020\/04\/Toyota-land-cruiser-2020-banner-3.jpg\" data-was-processed=\"true\" \/><\/p>\n<p>&nbsp;<\/p>\n<h4><strong>Gi\u00e1 Land Cruiser 2021<\/strong><\/h4>\n<p>T\u1ea1i th\u1ecb tr\u01b0\u1eddng Vi\u1ec7t Nam, Toyota Land Cruiser 2021 \u0111\u01b0\u1ee3c ph\u00e2n ph\u1ed1i v\u1edbi gi\u00e1 4 t\u1ef7 030 tri\u1ec7u \u0111\u1ed3ng.<\/p>\n<p><strong><img decoding=\"async\" class=\"size-full wp-image-488 aligncenter\" src=\"https:\/\/toyotabinhduongg.com\/wp-content\/uploads\/2021\/07\/Land-Cruiser-2020-Den-218.png\" sizes=\"(max-width: 600px) 100vw, 600px\" srcset=\"https:\/\/toyotabinhduongg.com\/wp-content\/uploads\/2021\/07\/Land-Cruiser-2020-Den-218.png 600w, https:\/\/toyotabinhduongg.com\/wp-content\/uploads\/2021\/07\/Land-Cruiser-2020-Den-218-300x125.png 300w\" alt=\"\" width=\"600\" height=\"249\" \/><\/strong><\/p>\n<p><strong>Toyota Land Cruiser V8 4.6 VX 2021<\/strong><\/p>\n<p><strong>Gi\u00e1 ni\u00eam y\u1ebft : 4.<span class=\"innerPrice\">030.000.000\u00a0<\/span><sup>VND<\/sup><\/strong><\/p>\n<p><strong><br \/>\nGi\u00e1 Land Cruiser 2021 l\u0103n b\u00e1nh t\u1ea1i Vi\u1ec7t Nam<\/strong><\/p>\n<p>Gi\u00e1 l\u0103n b\u00e1nh t\u1ea1m t\u00ednh c\u1ee7a Toyota Land Cruiser 2021 t\u1ea1i H\u00e0 N\u1ed9i v\u00e0 c\u00e1c t\u1ec9nh (<em>Gi\u00e1 d\u01b0\u1edbi \u0111\u00e2y l\u00e0 gi\u00e1 t\u1ea1m t\u00ednh ch\u01b0a bao g\u1ed3m khuy\u1ebfn m\u00e3i. \u0110\u1ec3 bi\u1ebft gi\u00e1 l\u0103n b\u00e1nh c\u1ee5 th\u1ec3 \u1edf th\u1eddi \u0111i\u1ec3m hi\u1ec7n t\u1ea1i qu\u00fd kh\u00e1ch h\u00e0ng xin vui l\u00f2ng g\u1ecdi\u00a0<strong>HOTLINE : 035 529 3334\u00a0<\/strong><\/em><\/p>\n<p>&nbsp;<\/p>\n<table>\n<tbody>\n<tr>\n<td><strong>Model<\/strong><\/td>\n<td><strong>Gi\u00e1 ni\u00eam y\u1ebft<\/strong><\/td>\n<td><strong>H\u00e0 N\u1ed9i<\/strong><\/td>\n<td><strong>T\u1ec9nh<\/strong><\/td>\n<\/tr>\n<tr>\n<td>Land Cruiser V8 4.6 VX 2021<\/td>\n<td><strong>4.030.000.000<\/strong><\/td>\n<td><strong>4.536.373.000<\/strong><\/td>\n<td><strong>4.436.773.000<\/strong><\/td>\n<\/tr>\n<\/tbody>\n<\/table>\n<p>&nbsp;<\/p>\n<h4 align=\"justify\"><strong>Land Cruiser \u2013 C\u00e1i t\u00ean l\u00e0m n\u00ean th\u01b0\u01a1ng hi\u1ec7u c\u1ee7a Toyota tr\u00ean to\u00e0n th\u1ebf gi\u1edbi<\/strong><\/h4>\n<p align=\"justify\">Land Cruiser \u0111\u01b0\u1ee3c tr\u00ecnh di\u1ec7n m\u00ecnh v\u1edbi 170 qu\u1ed1c gia tr\u00ean to\u00e0n th\u1ebf gi\u1edbi. K\u1ec3 t\u1eeb th\u1eddi kh\u1eafc n\u00e0y Toyota Land Cruiser \u0111\u00e3 ch\u1ee9ng t\u1ecf v\u00ec sao m\u00ecnh l\u00e0 c\u00e1i t\u00ean ti\u00eau bi\u1ec3u nh\u1ea5t c\u1ee7a th\u01b0\u01a1ng hi\u1ec7u \u00f4 t\u00f4 \u0111\u1eaft gi\u00e1 nh\u1ea5t th\u1ebf gi\u1edbi. V\u1edbi doanh s\u1ed1 to\u00e0n c\u1ea7u h\u00e0ng n\u0103m \u0111\u1ea1t kho\u1ea3ng 400.000 chi\u1ebfc xe v\u00e0 doanh s\u1ed1 t\u00edch l\u0169y c\u1ee7a Land Cruiser series \u0111\u00e3 \u0111\u1ea1t m\u1ed1c 10 tri\u1ec7u xe v\u00e0o ng\u00e0y 31\/8\/2019.<\/p>\n<p>&nbsp;<\/p>\n<p><img loading=\"lazy\" decoding=\"async\" class=\"aligncenter wp-image-4615 lazyloaded\" title=\"Toyota Land Cruiser V8 4.6 VX 2020 - M\u1ed9t b\u1ea3n \u0111\u1ed9 c\u1ee7a th\u1ecb tr\u01b0\u1eddng n\u01b0\u1edbc ngo\u00e0i\" src=\"https:\/\/vietnam-toyota.com.vn\/wp-content\/uploads\/2020\/04\/Toyota-land-cruiser-2020-banner-2.jpg\" sizes=\"(max-width: 800px) 100vw, 800px\" srcset=\"https:\/\/vietnam-toyota.com.vn\/wp-content\/uploads\/2020\/04\/Toyota-land-cruiser-2020-banner-2.jpg 940w, https:\/\/vietnam-toyota.com.vn\/wp-content\/uploads\/2020\/04\/Toyota-land-cruiser-2020-banner-2-800x400.jpg 800w, https:\/\/vietnam-toyota.com.vn\/wp-content\/uploads\/2020\/04\/Toyota-land-cruiser-2020-banner-2-768x384.jpg 768w, https:\/\/vietnam-toyota.com.vn\/wp-content\/uploads\/2020\/04\/Toyota-land-cruiser-2020-banner-2-250x125.jpg 250w, https:\/\/vietnam-toyota.com.vn\/wp-content\/uploads\/2020\/04\/Toyota-land-cruiser-2020-banner-2-350x175.jpg 350w\" alt=\"Toyota Land Cruiser V8 4.6 VX 2020 - M\u1ed9t b\u1ea3n \u0111\u1ed9 c\u1ee7a th\u1ecb tr\u01b0\u1eddng n\u01b0\u1edbc ngo\u00e0i\" width=\"800\" height=\"400\" data-lazy-srcset=\"https:\/\/vietnam-toyota.com.vn\/wp-content\/uploads\/2020\/04\/Toyota-land-cruiser-2020-banner-2.jpg 940w, https:\/\/vietnam-toyota.com.vn\/wp-content\/uploads\/2020\/04\/Toyota-land-cruiser-2020-banner-2-800x400.jpg 800w, https:\/\/vietnam-toyota.com.vn\/wp-content\/uploads\/2020\/04\/Toyota-land-cruiser-2020-banner-2-768x384.jpg 768w, https:\/\/vietnam-toyota.com.vn\/wp-content\/uploads\/2020\/04\/Toyota-land-cruiser-2020-banner-2-250x125.jpg 250w, https:\/\/vietnam-toyota.com.vn\/wp-content\/uploads\/2020\/04\/Toyota-land-cruiser-2020-banner-2-350x175.jpg 350w\" data-lazy-sizes=\"(max-width: 800px) 100vw, 800px\" data-lazy-src=\"https:\/\/vietnam-toyota.com.vn\/wp-content\/uploads\/2020\/04\/Toyota-land-cruiser-2020-banner-2.jpg\" data-was-processed=\"true\" \/><\/p>\n<p>&nbsp;<\/p>\n<p align=\"justify\">Land Cruiser l\u00e0 m\u1eabu xe c\u00f3 v\u00f2ng \u0111\u1eddi l\u00e2u nh\u1ea5t so v\u1edbi t\u1ea5t c\u1ea3 c\u00e1c d\u00f2ng c\u1ee7a Toyota. Trung b\u00ecnh 10 n\u0103m chi\u1ebfc xe n\u00e0y m\u1edbi c\u00f3 th\u1ebf h\u1ec7 m\u1edbi ra m\u1eaft. Land Cruiser l\u1ea7n \u0111\u1ea7u ti\u00ean \u0111\u1eb7t ch\u00e2n \u0111\u1ebfn Vi\u1ec7t Nam v\u00e0o n\u0103m 2000 v\u00e0 th\u1ebf h\u1ec7 2021 m\u1edbi nh\u1ea5t \u0111\u01b0\u1ee3c ra m\u1eaft v\u00e0o ng\u00e0y 12\/11\/2019 v\u1eeba qua. Trong th\u1eddi gian s\u1eafp t\u1edbi TMV s\u1ebd ra m\u1eaft m\u1eabu Land Cruiser 2021 m\u1edbi, d\u1ef1 ki\u1ebfn \u0111\u1ed9ng c\u01a1 V8 4.6 c\u0169 s\u1ebd \u0111\u01b0\u1ee3c thay th\u1ebf b\u1eb1ng \u0111\u1ed9ng c\u01a1 V6 3.5 t\u0103ng \u00e1p hi\u1ec7n \u0111\u1ea1i.<\/p>\n<p>&nbsp;<\/p>\n<p><img loading=\"lazy\" decoding=\"async\" class=\"aligncenter wp-image-4616 lazyloaded\" title=\"Toyota Land Cruiser V8 4.6 VX 2021 - B\u1ea3n facelift v\u1eeba \u0111\u01b0\u1ee3c ra m\u1eaft g\u1ea7n \u0111\u00e2y\" src=\"https:\/\/vietnam-toyota.com.vn\/wp-content\/uploads\/2020\/04\/Toyota-land-cruiser-2020-banner-4.jpg\" sizes=\"(max-width: 800px) 100vw, 800px\" srcset=\"https:\/\/vietnam-toyota.com.vn\/wp-content\/uploads\/2020\/04\/Toyota-land-cruiser-2020-banner-4.jpg 1024w, https:\/\/vietnam-toyota.com.vn\/wp-content\/uploads\/2020\/04\/Toyota-land-cruiser-2020-banner-4-728x400.jpg 728w, https:\/\/vietnam-toyota.com.vn\/wp-content\/uploads\/2020\/04\/Toyota-land-cruiser-2020-banner-4-768x422.jpg 768w, https:\/\/vietnam-toyota.com.vn\/wp-content\/uploads\/2020\/04\/Toyota-land-cruiser-2020-banner-4-250x137.jpg 250w, https:\/\/vietnam-toyota.com.vn\/wp-content\/uploads\/2020\/04\/Toyota-land-cruiser-2020-banner-4-350x192.jpg 350w\" alt=\"Toyota Land Cruiser V8 4.6 VX 2021 - B\u1ea3n facelift v\u1eeba \u0111\u01b0\u1ee3c ra m\u1eaft g\u1ea7n \u0111\u00e2y\" width=\"800\" height=\"440\" data-lazy-srcset=\"https:\/\/vietnam-toyota.com.vn\/wp-content\/uploads\/2020\/04\/Toyota-land-cruiser-2020-banner-4.jpg 1024w, https:\/\/vietnam-toyota.com.vn\/wp-content\/uploads\/2020\/04\/Toyota-land-cruiser-2020-banner-4-728x400.jpg 728w, https:\/\/vietnam-toyota.com.vn\/wp-content\/uploads\/2020\/04\/Toyota-land-cruiser-2020-banner-4-768x422.jpg 768w, https:\/\/vietnam-toyota.com.vn\/wp-content\/uploads\/2020\/04\/Toyota-land-cruiser-2020-banner-4-250x137.jpg 250w, https:\/\/vietnam-toyota.com.vn\/wp-content\/uploads\/2020\/04\/Toyota-land-cruiser-2020-banner-4-350x192.jpg 350w\" data-lazy-sizes=\"(max-width: 800px) 100vw, 800px\" data-lazy-src=\"https:\/\/vietnam-toyota.com.vn\/wp-content\/uploads\/2020\/04\/Toyota-land-cruiser-2020-banner-4.jpg\" data-was-processed=\"true\" \/><\/p>\n<p>&nbsp;<\/p>\n<h4 align=\"justify\"><strong>Land Cruiser t\u1ea1i Vi\u1ec7t Nam<\/strong><\/h4>\n<p align=\"justify\">T\u1ea1i Vi\u1ec7t Nam, kh\u00e1ch h\u00e0ng c\u00f3 nhi\u1ec1u l\u1ef1a ch\u1ecdn ngu\u1ed3n g\u1ed1c xe Toyota Land Cruiser 2021 t\u1eeb h\u00e0ng ch\u00ednh h\u00e3ng gi\u00e1 4,030 t\u1ef7 \u0111\u1ed3ng nh\u1eadp kh\u1ea9u Nh\u1eadt B\u1ea3n v\u00e0 xe nh\u1eadp kh\u1ea9u t\u1eeb Trung \u0110\u00f4ng hay M\u1ef9 v\u1edbi m\u1ee9c gi\u00e1 g\u1ea7n g\u1ea5p \u0111\u00f4i kho\u1ea3ng 7,6 t\u1ef7 \u0111\u1ed3ng. S\u1edf d\u0129 m\u1ee9c gi\u00e1 Land Cruiser 2021 ch\u00eanh l\u1ec7ch nh\u01b0 v\u1eady l\u00e0 b\u1edfi trang b\u1ecb ti\u1ec7n nghi, an to\u00e0n, \u0111\u1ed9ng c\u01a1 kh\u00e1c nhau gi\u1eefa c\u00e1c th\u1ecb tr\u01b0\u1eddng v\u00e0 vi\u1ec7c t\u1ed1i \u01b0u kh\u1ea3 n\u0103ng off-road c\u1ee7a xe c\u0169ng c\u00f3 s\u1ef1 ph\u00e2n bi\u1ec7t.<\/p>","protected":false},"excerpt":{"rendered":"<p>\u2022 S\u1ed1 ch\u1ed7 ng\u1ed3i : 7 ch\u1ed7<br \/>\n\u2022 Ki\u1ec3u d\u00e1ng : SUV<br \/>\n\u2022 Nhi\u00ean li\u1ec7u : X\u0103ng<br \/>\n\u2022 Xu\u1ea5t x\u1ee9 : Xe nh\u1eadp kh\u1ea9u<br \/>\n\u2022 Th\u00f4ng tin kh\u00e1c:<br \/>\n+ S\u1ed1 t\u1ef1 \u0111\u1ed9ng 6 c\u1ea5p<\/p>","protected":false},"featured_media":16655,"comment_status":"open","ping_status":"closed","template":"","meta":[],"product_cat":[357],"product_tag":[358,347],"class_list":{"0":"post-16654","1":"product","2":"type-product","3":"status-publish","4":"has-post-thumbnail","6":"product_cat-toyota-land-cruiser","7":"product_tag-toyota-land-cruiser","8":"product_tag-toyota-thuan-an","10":"first","11":"instock","12":"shipping-taxable","13":"purchasable","14":"product-type-simple"},"_links":{"self":[{"href":"https:\/\/toyotathuanan.com.vn\/en\/wp-json\/wp\/v2\/product\/16654","targetHints":{"allow":["GET"]}}],"collection":[{"href":"https:\/\/toyotathuanan.com.vn\/en\/wp-json\/wp\/v2\/product"}],"about":[{"href":"https:\/\/toyotathuanan.com.vn\/en\/wp-json\/wp\/v2\/types\/product"}],"replies":[{"embeddable":true,"href":"https:\/\/toyotathuanan.com.vn\/en\/wp-json\/wp\/v2\/comments?post=16654"}],"version-history":[{"count":1,"href":"https:\/\/toyotathuanan.com.vn\/en\/wp-json\/wp\/v2\/product\/16654\/revisions"}],"predecessor-version":[{"id":16663,"href":"https:\/\/toyotathuanan.com.vn\/en\/wp-json\/wp\/v2\/product\/16654\/revisions\/16663"}],"wp:featuredmedia":[{"embeddable":true,"href":"https:\/\/toyotathuanan.com.vn\/en\/wp-json\/wp\/v2\/media\/16655"}],"wp:attachment":[{"href":"https:\/\/toyotathuanan.com.vn\/en\/wp-json\/wp\/v2\/media?parent=16654"}],"wp:term":[{"taxonomy":"product_cat","embeddable":true,"href":"https:\/\/toyotathuanan.com.vn\/en\/wp-json\/wp\/v2\/product_cat?post=16654"},{"taxonomy":"product_tag","embeddable":true,"href":"https:\/\/toyotathuanan.com.vn\/en\/wp-json\/wp\/v2\/product_tag?post=16654"}],"curies":[{"name":"wp","href":"https:\/\/api.w.org\/{rel}","templated":true}]}}