{"id":4439,"date":"2021-10-12T16:27:24","date_gmt":"2021-10-12T16:27:24","guid":{"rendered":"http:\/\/dummy.xtemos.com\/woodmart2\/elementor\/?page_id=4439"},"modified":"2026-03-08T10:17:13","modified_gmt":"2026-03-08T03:17:13","slug":"lien-he","status":"publish","type":"page","link":"https:\/\/toyotathuanan.com.vn\/en\/lien-he\/","title":{"rendered":"Li\u00ean h\u1ec7"},"content":{"rendered":"<div data-elementor-type=\"wp-page\" data-elementor-id=\"4439\" class=\"elementor elementor-4439\" data-elementor-post-type=\"page\">\n\t\t\t\t<div class=\"elementor-element elementor-element-68d0e93 wd-section-stretch-content e-flex e-con-boxed e-con e-parent\" data-id=\"68d0e93\" data-element_type=\"container\">\n\t\t\t\t\t<div class=\"e-con-inner\">\n\t\t\t\t<div class=\"elementor-element elementor-element-eb336dd elementor-widget elementor-widget-google_maps\" data-id=\"eb336dd\" data-element_type=\"widget\" data-widget_type=\"google_maps.default\">\n\t\t\t\t<div class=\"elementor-widget-container\">\n\t\t\t\t\t<div class=\"elementor-custom-embed\">\n\t\t\t<iframe loading=\"lazy\"\n\t\t\t\t\tsrc=\"https:\/\/maps.google.com\/maps?q=L%C3%B4%20C13A%2C%20%C4%90.%20H%C3%B9ng%20V%C6%B0%C6%A1ng%2C%20Ph%C6%B0%E1%BB%9Dng%20B%C3%ACnh%20D%C6%B0%C6%A1ng%2C%20Tp%20H%E1%BB%93%20Ch%C3%AD%20Minh&#038;t=m&#038;z=17&#038;output=embed&#038;iwloc=near\"\n\t\t\t\t\ttitle=\"L\u00f4 C13A, \u0110. H\u00f9ng V\u01b0\u01a1ng, Ph\u01b0\u1eddng B\u00ecnh D\u01b0\u01a1ng, Tp H\u1ed3 Ch\u00ed Minh\"\n\t\t\t\t\taria-label=\"L\u00f4 C13A, \u0110. H\u00f9ng V\u01b0\u01a1ng, Ph\u01b0\u1eddng B\u00ecnh D\u01b0\u01a1ng, Tp H\u1ed3 Ch\u00ed Minh\"\n\t\t\t><\/iframe>\n\t\t<\/div>\n\t\t\t\t<\/div>\n\t\t\t\t<\/div>\n\t\t\t\t\t<\/div>\n\t\t\t\t<\/div>\n\t\t<div class=\"wd-negative-gap elementor-element elementor-element-9b18c71 elementor-hidden-desktop elementor-hidden-tablet elementor-hidden-mobile e-flex e-con-boxed e-con e-parent\" data-id=\"9b18c71\" data-element_type=\"container\">\n\t\t\t\t\t<div class=\"e-con-inner\">\n\t\t<div class=\"elementor-element elementor-element-ba69e59 e-con-full e-flex e-con e-child\" data-id=\"ba69e59\" data-element_type=\"container\" data-settings=\"{&quot;background_background&quot;:&quot;classic&quot;}\">\n\t\t\t\t<div class=\"elementor-element elementor-element-62e3d15 color-scheme-inherit text-left elementor-widget elementor-widget-text-editor\" data-id=\"62e3d15\" data-element_type=\"widget\" data-widget_type=\"text-editor.default\">\n\t\t\t\t<div class=\"elementor-widget-container\">\n\t\t\t\t\t\t\t<div class=\"info-box-content\"><div class=\"info-box-subtitle subtitle-color-default subtitle-style-default woodmart-font-weight-\">SHOWROOM<\/div><h4 class=\"info-box-title woodmart-font-weight- box-title-style-default\">TOYOTA BI\u00caN H\u00d2A &#8211; CN B\u00ccNH D\u01af\u01a0NG<\/h4><div class=\"info-box-inner reset-mb-10\"><p>7\/30C \u0110\u1ea1i L\u1ed9 B\u00ecnh D\u01b0\u01a1ng, Khu ph\u1ed1 B\u00ecnh \u0110\u1ee9c 2,B\u00ecnh H\u00f2a, Thu\u1eadn An, B\u00ecnh D\u01b0\u01a1ng<\/p><\/div><\/div>\t\t\t\t\t\t<\/div>\n\t\t\t\t<\/div>\n\t\t\t\t<div class=\"elementor-element elementor-element-72ac048 elementor-widget elementor-widget-button\" data-id=\"72ac048\" data-element_type=\"widget\" data-widget_type=\"button.default\">\n\t\t\t\t<div class=\"elementor-widget-container\">\n\t\t\t\t\t\t\t<div class=\"elementor-button-wrapper\">\n\t\t\t\t\t<a class=\"elementor-button elementor-button-link elementor-size-sm\" href=\"tel:0355293334\">\n\t\t\t\t\t\t<span class=\"elementor-button-content-wrapper\">\n\t\t\t\t\t\t\t\t\t<span class=\"elementor-button-text\">HOTLINE 0355 293 334<\/span>\n\t\t\t\t\t<\/span>\n\t\t\t\t\t<\/a>\n\t\t\t\t<\/div>\n\t\t\t\t\t\t<\/div>\n\t\t\t\t<\/div>\n\t\t\t\t<\/div>\n\t\t<div class=\"elementor-element elementor-element-7f3ea91 e-con-full e-flex e-con e-child\" data-id=\"7f3ea91\" data-element_type=\"container\">\n\t\t\t\t<\/div>\n\t\t\t\t\t<\/div>\n\t\t\t\t<\/div>\n\t\t\t\t<section class=\"elementor-section elementor-top-section elementor-element elementor-element-412ee2c5 elementor-reverse-tablet elementor-reverse-mobile wd-section-stretch elementor-section-boxed elementor-section-height-default elementor-section-height-default\" data-id=\"412ee2c5\" data-element_type=\"section\" data-settings=\"{&quot;background_background&quot;:&quot;classic&quot;}\">\n\t\t\t\t\t\t<div class=\"elementor-container elementor-column-gap-default\">\n\t\t\t\t\t<div class=\"elementor-column elementor-col-50 elementor-top-column elementor-element elementor-element-3342347\" data-id=\"3342347\" data-element_type=\"column\" data-settings=\"{&quot;background_background&quot;:&quot;classic&quot;,&quot;motion_fx_motion_fx_scrolling&quot;:&quot;yes&quot;,&quot;motion_fx_translateY_effect&quot;:&quot;yes&quot;,&quot;motion_fx_translateY_direction&quot;:&quot;negative&quot;,&quot;motion_fx_translateY_speed&quot;:{&quot;unit&quot;:&quot;px&quot;,&quot;size&quot;:&quot;1&quot;,&quot;sizes&quot;:[]},&quot;motion_fx_devices&quot;:[&quot;desktop&quot;,&quot;tablet&quot;],&quot;motion_fx_translateY_affectedRange&quot;:{&quot;unit&quot;:&quot;%&quot;,&quot;size&quot;:&quot;&quot;,&quot;sizes&quot;:{&quot;start&quot;:0,&quot;end&quot;:100}}}\">\n\t\t\t<div class=\"elementor-widget-wrap elementor-element-populated\">\n\t\t\t\t\t\t<div class=\"elementor-element elementor-element-5d23af6e elementor-widget elementor-widget-heading\" data-id=\"5d23af6e\" data-element_type=\"widget\" data-widget_type=\"heading.default\">\n\t\t\t\t<div class=\"elementor-widget-container\">\n\t\t\t<h2 class=\"elementor-heading-title elementor-size-default\">Li\u00ean h\u1ec7 v\u00e0 g\u00f3p \u00fd<\/h2>\t\t<\/div>\n\t\t\t\t<\/div>\n\t\t\t\t<div class=\"elementor-element elementor-element-65f08eff color-scheme-inherit text-left elementor-widget elementor-widget-text-editor\" data-id=\"65f08eff\" data-element_type=\"widget\" data-widget_type=\"text-editor.default\">\n\t\t\t\t<div class=\"elementor-widget-container\">\n\t\t\t\t\t\t\t<p class=\"p1\"><span class=\"s1\">Qu\u00fd kh\u00e1ch c\u1ea7n li\u00ean h\u1ec7 ho\u1eb7c g\u00f3p \u00fd, xin vui l\u00f2ng \u0111\u1ec3 l\u1ea1i l\u1eddi nh\u1eafn v\u00e0o \u00f4 th\u00f4ng tin ho\u1eb7c g\u1ecdi tr\u1ef1c ti\u1ebfp v\u00e0o s\u1ed1 hotline c\u1ee7a em.<\/span><\/p>\t\t\t\t\t\t<\/div>\n\t\t\t\t<\/div>\n\t\t\t\t<div class=\"elementor-element elementor-element-464bb3a2 elementor-button-align-end elementor-widget elementor-widget-form\" data-id=\"464bb3a2\" data-element_type=\"widget\" data-settings=\"{&quot;step_next_label&quot;:&quot;Next&quot;,&quot;step_previous_label&quot;:&quot;Previous&quot;,&quot;button_width&quot;:&quot;100&quot;,&quot;step_type&quot;:&quot;number_text&quot;,&quot;step_icon_shape&quot;:&quot;circle&quot;}\" data-widget_type=\"form.default\">\n\t\t\t\t<div class=\"elementor-widget-container\">\n\t\t\t\t\t<form class=\"elementor-form\" method=\"post\" name=\"Form li\u00ean h\u1ec7 - khi\u1ebfu n\u1ea1i\" action=\"\">\n\t\t\t<input type=\"hidden\" name=\"post_id\" value=\"4439\"\/>\n\t\t\t<input type=\"hidden\" name=\"form_id\" value=\"464bb3a2\"\/>\n\t\t\t<input type=\"hidden\" name=\"referer_title\" value=\"Toyota Thu\u1eadn An\" \/>\n\n\t\t\t\n\t\t\t<div class=\"elementor-form-fields-wrapper elementor-labels-\">\n\t\t\t\t\t\t\t\t<div class=\"elementor-field-type-text elementor-field-group elementor-column elementor-field-group-ho_ten elementor-col-100\">\n\t\t\t\t\t\t\t\t\t\t\t\t<label for=\"form-field-ho_ten\" class=\"elementor-field-label elementor-screen-only\">\n\t\t\t\t\t\t\t\tNh\u1eadp t\u00ean\t\t\t\t\t\t\t<\/label>\n\t\t\t\t\t\t\t\t\t\t\t\t\t\t<input size=\"1\" type=\"text\" name=\"form_fields[ho_ten]\" id=\"form-field-ho_ten\" class=\"elementor-field elementor-size-md  elementor-field-textual\" placeholder=\"Nh\u1eadp t\u00ean\">\n\t\t\t\t\t\t\t\t\t\t\t<\/div>\n\t\t\t\t\t\t\t\t<div class=\"elementor-field-type-tel elementor-field-group elementor-column elementor-field-group-so_dien_thoai elementor-col-100 elementor-field-required\">\n\t\t\t\t\t\t\t\t\t\t\t\t<label for=\"form-field-so_dien_thoai\" class=\"elementor-field-label elementor-screen-only\">\n\t\t\t\t\t\t\t\tS\u1ed1 \u0111i\u1ec7n tho\u1ea1i\t\t\t\t\t\t\t<\/label>\n\t\t\t\t\t\t\t\t<input size=\"1\" type=\"tel\" name=\"form_fields[so_dien_thoai]\" id=\"form-field-so_dien_thoai\" class=\"elementor-field elementor-size-md  elementor-field-textual\" placeholder=\"S\u1ed1 \u0111i\u1ec7n tho\u1ea1i\" required=\"required\" aria-required=\"true\" pattern=\"[0-9()#&amp;+*-=.]+\" title=\"Only numbers and phone characters (#, -, *, etc) are accepted.\">\n\n\t\t\t\t\t\t<\/div>\n\t\t\t\t\t\t\t\t<div class=\"elementor-field-type-email elementor-field-group elementor-column elementor-field-group-email elementor-col-100 elementor-field-required\">\n\t\t\t\t\t\t\t\t\t\t\t\t<label for=\"form-field-email\" class=\"elementor-field-label elementor-screen-only\">\n\t\t\t\t\t\t\t\tEmail\t\t\t\t\t\t\t<\/label>\n\t\t\t\t\t\t\t\t\t\t\t\t\t\t<input size=\"1\" type=\"email\" name=\"form_fields[email]\" id=\"form-field-email\" class=\"elementor-field elementor-size-md  elementor-field-textual\" placeholder=\"Email\" required=\"required\" aria-required=\"true\">\n\t\t\t\t\t\t\t\t\t\t\t<\/div>\n\t\t\t\t\t\t\t\t<div class=\"elementor-field-type-textarea elementor-field-group elementor-column elementor-field-group-loi_nhan elementor-col-100\">\n\t\t\t\t\t\t\t\t\t\t\t\t<label for=\"form-field-loi_nhan\" class=\"elementor-field-label elementor-screen-only\">\n\t\t\t\t\t\t\t\tL\u1eddi nh\u1eafn\t\t\t\t\t\t\t<\/label>\n\t\t\t\t\t\t<textarea class=\"elementor-field-textual elementor-field  elementor-size-md\" name=\"form_fields[loi_nhan]\" id=\"form-field-loi_nhan\" rows=\"4\" placeholder=\"L\u1eddi nh\u1eafn\"><\/textarea>\t\t\t\t<\/div>\n\t\t\t\t\t\t\t\t<div class=\"elementor-field-group elementor-column elementor-field-type-submit elementor-col-100 e-form__buttons\">\n\t\t\t\t\t<button class=\"elementor-button elementor-size-md\" type=\"submit\">\n\t\t\t\t\t\t<span class=\"elementor-button-content-wrapper\">\n\t\t\t\t\t\t\t\t\t\t\t\t\t\t\t<span class=\"elementor-button-icon\">\n\t\t\t\t\t\t\t\t\t<i aria-hidden=\"true\" class=\"fas fa-paper-plane\"><\/i>\t\t\t\t\t\t\t\t\t\t\t\t\t\t\t\t\t<\/span>\n\t\t\t\t\t\t\t\t\t\t\t\t\t\t\t\t\t\t\t\t\t\t<span class=\"elementor-button-text\">G\u1eedi<\/span>\n\t\t\t\t\t\t\t\t\t\t\t\t\t<\/span>\n\t\t\t\t\t<\/button>\n\t\t\t\t<\/div>\n\t\t\t<\/div>\n\t\t<input type=\"hidden\" name=\"trp-form-language\" value=\"en\"\/><\/form>\n\t\t\t\t<\/div>\n\t\t\t\t<\/div>\n\t\t\t\t\t<\/div>\n\t\t<\/div>\n\t\t\t\t<div class=\"elementor-column elementor-col-50 elementor-top-column elementor-element elementor-element-14156e86\" data-id=\"14156e86\" data-element_type=\"column\" data-settings=\"{&quot;background_background&quot;:&quot;classic&quot;,&quot;motion_fx_motion_fx_scrolling&quot;:&quot;yes&quot;,&quot;motion_fx_translateY_effect&quot;:&quot;yes&quot;,&quot;motion_fx_translateY_direction&quot;:&quot;negative&quot;,&quot;motion_fx_translateY_speed&quot;:{&quot;unit&quot;:&quot;px&quot;,&quot;size&quot;:&quot;1&quot;,&quot;sizes&quot;:[]},&quot;motion_fx_devices&quot;:[&quot;desktop&quot;,&quot;tablet&quot;],&quot;motion_fx_translateY_affectedRange&quot;:{&quot;unit&quot;:&quot;%&quot;,&quot;size&quot;:&quot;&quot;,&quot;sizes&quot;:{&quot;start&quot;:0,&quot;end&quot;:100}}}\">\n\t\t\t<div class=\"elementor-widget-wrap elementor-element-populated\">\n\t\t\t\t\t\t<div class=\"elementor-element elementor-element-87082d0 elementor-widget elementor-widget-image\" data-id=\"87082d0\" data-element_type=\"widget\" data-widget_type=\"image.default\">\n\t\t\t\t<div class=\"elementor-widget-container\">\n\t\t\t\t\t\t\t\t\t\t\t\t\t<img fetchpriority=\"high\" decoding=\"async\" width=\"664\" height=\"800\" src=\"https:\/\/toyotathuanan.com.vn\/wp-content\/uploads\/2021\/11\/nam-thuong-toyota-664x800.png\" class=\"elementor-animation-grow attachment-large size-large wp-image-16002\" alt=\"\" srcset=\"https:\/\/toyotathuanan.com.vn\/wp-content\/uploads\/2021\/11\/nam-thuong-toyota-664x800.png 664w, https:\/\/toyotathuanan.com.vn\/wp-content\/uploads\/2021\/11\/nam-thuong-toyota-249x300.png 249w, https:\/\/toyotathuanan.com.vn\/wp-content\/uploads\/2021\/11\/nam-thuong-toyota-768x925.png 768w, https:\/\/toyotathuanan.com.vn\/wp-content\/uploads\/2021\/11\/nam-thuong-toyota-430x518.png 430w, https:\/\/toyotathuanan.com.vn\/wp-content\/uploads\/2021\/11\/nam-thuong-toyota-700x843.png 700w, https:\/\/toyotathuanan.com.vn\/wp-content\/uploads\/2021\/11\/nam-thuong-toyota-150x181.png 150w, https:\/\/toyotathuanan.com.vn\/wp-content\/uploads\/2021\/11\/nam-thuong-toyota.png 848w\" sizes=\"(max-width: 664px) 100vw, 664px\" \/>\t\t\t\t\t\t\t\t\t\t\t\t\t<\/div>\n\t\t\t\t<\/div>\n\t\t<div class=\"elementor-element elementor-element-7c0a006 e-flex e-con-boxed e-con e-parent\" data-id=\"7c0a006\" data-element_type=\"container\" data-settings=\"{&quot;position&quot;:&quot;absolute&quot;}\">\n\t\t\t\t\t<div class=\"e-con-inner\">\n\t\t\t\t<div class=\"elementor-element elementor-element-2c92499 elementor-widget-tablet__width-initial color-scheme-inherit text-left elementor-widget elementor-widget-text-editor\" data-id=\"2c92499\" data-element_type=\"widget\" data-widget_type=\"text-editor.default\">\n\t\t\t\t<div class=\"elementor-widget-container\">\n\t\t\t\t\t\t\t<div class=\"info-box-content\"><div class=\"info-box-subtitle subtitle-color-default subtitle-style-default woodmart-font-weight-\"><span style=\"color: #ff0000; font-size: 18pt;\"><strong>NAM TH\u01af\u01a0NG<\/strong><\/span><\/div><h4 class=\"info-box-title woodmart-font-weight- box-title-style-default\">TOYOTA B\u00ccNH D\u01af\u01a0NG<\/h4><div><span style=\"color: #ffffff; font-family: 'Toyota Type', sans-serif; font-size: 13px; font-style: normal; font-variant-ligatures: normal; font-variant-caps: normal; font-weight: 400; background-color: #000000;\">L\u00f4 C13A, \u0110. H\u00f9ng V\u01b0\u01a1ng, Ph\u01b0\u1eddng B\u00ecnh D\u01b0\u01a1ng, Tp H\u1ed3 Ch\u00ed Minh<\/span><\/div><\/div>\t\t\t\t\t\t<\/div>\n\t\t\t\t<\/div>\n\t\t\t\t<div class=\"elementor-element elementor-element-0705422 elementor-align-left elementor-tablet-align-center elementor-widget elementor-widget-button\" data-id=\"0705422\" data-element_type=\"widget\" data-widget_type=\"button.default\">\n\t\t\t\t<div class=\"elementor-widget-container\">\n\t\t\t\t\t\t\t<div class=\"elementor-button-wrapper\">\n\t\t\t\t\t<a class=\"elementor-button elementor-button-link elementor-size-sm\" href=\"tel:0355293334\">\n\t\t\t\t\t\t<span class=\"elementor-button-content-wrapper\">\n\t\t\t\t\t\t\t\t\t<span class=\"elementor-button-text\">HOTLINE 0355 293 334<\/span>\n\t\t\t\t\t<\/span>\n\t\t\t\t\t<\/a>\n\t\t\t\t<\/div>\n\t\t\t\t\t\t<\/div>\n\t\t\t\t<\/div>\n\t\t\t\t\t<\/div>\n\t\t\t\t<\/div>\n\t\t\t\t\t<\/div>\n\t\t<\/div>\n\t\t\t\t\t<\/div>\n\t\t<\/section>\n\t\t\t\t<\/div>","protected":false},"excerpt":{"rendered":"<p>SHOWROOM TOYOTA BI\u00caN H\u00d2A &#8211; CN B\u00ccNH D\u01af\u01a0NG 7\/30C \u0110\u1ea1i L\u1ed9 B\u00ecnh D\u01b0\u01a1ng, Khu ph\u1ed1 B\u00ecnh \u0110\u1ee9c 2,B\u00ecnh H\u00f2a, Thu\u1eadn<\/p>","protected":false},"author":2,"featured_media":0,"parent":0,"menu_order":10,"comment_status":"closed","ping_status":"closed","template":"","meta":{"footnotes":""},"class_list":["post-4439","page","type-page","status-publish","hentry"],"_links":{"self":[{"href":"https:\/\/toyotathuanan.com.vn\/en\/wp-json\/wp\/v2\/pages\/4439","targetHints":{"allow":["GET"]}}],"collection":[{"href":"https:\/\/toyotathuanan.com.vn\/en\/wp-json\/wp\/v2\/pages"}],"about":[{"href":"https:\/\/toyotathuanan.com.vn\/en\/wp-json\/wp\/v2\/types\/page"}],"author":[{"embeddable":true,"href":"https:\/\/toyotathuanan.com.vn\/en\/wp-json\/wp\/v2\/users\/2"}],"replies":[{"embeddable":true,"href":"https:\/\/toyotathuanan.com.vn\/en\/wp-json\/wp\/v2\/comments?post=4439"}],"version-history":[{"count":67,"href":"https:\/\/toyotathuanan.com.vn\/en\/wp-json\/wp\/v2\/pages\/4439\/revisions"}],"predecessor-version":[{"id":17902,"href":"https:\/\/toyotathuanan.com.vn\/en\/wp-json\/wp\/v2\/pages\/4439\/revisions\/17902"}],"wp:attachment":[{"href":"https:\/\/toyotathuanan.com.vn\/en\/wp-json\/wp\/v2\/media?parent=4439"}],"curies":[{"name":"wp","href":"https:\/\/api.w.org\/{rel}","templated":true}]}}