{"id":16084,"date":"2024-10-25T06:43:22","date_gmt":"2024-10-24T23:43:22","guid":{"rendered":"https:\/\/toyotathuanan.com.vn\/?page_id=16084"},"modified":"2026-03-08T10:09:53","modified_gmt":"2026-03-08T03:09:53","slug":"gioi-thieu","status":"publish","type":"page","link":"https:\/\/toyotathuanan.com.vn\/en\/gioi-thieu\/","title":{"rendered":"Gi\u1edbi thi\u1ec7u"},"content":{"rendered":"<div data-elementor-type=\"wp-page\" data-elementor-id=\"16084\" class=\"elementor elementor-16084\" data-elementor-post-type=\"page\">\n\t\t\t\t<div class=\"wd-negative-gap elementor-element elementor-element-2027017 e-flex e-con-boxed e-con e-parent\" data-id=\"2027017\" data-element_type=\"container\">\n\t\t\t\t\t<div class=\"e-con-inner\">\n\t\t<div class=\"elementor-element elementor-element-4e1aa63 e-con-full e-flex e-con e-child\" data-id=\"4e1aa63\" data-element_type=\"container\">\n\t\t\t\t<div class=\"elementor-element elementor-element-763b8e6 elementor-widget elementor-widget-image\" data-id=\"763b8e6\" data-element_type=\"widget\" data-widget_type=\"image.default\">\n\t\t\t\t<div class=\"elementor-widget-container\">\n\t\t\t\t\t\t\t\t\t\t\t\t\t<img fetchpriority=\"high\" decoding=\"async\" width=\"2048\" height=\"1558\" src=\"https:\/\/toyotathuanan.com.vn\/wp-content\/uploads\/2024\/10\/456779158_122099522066492262_9169501532959264325_n-1.jpg\" class=\"attachment-full size-full wp-image-16733\" alt=\"\" srcset=\"https:\/\/toyotathuanan.com.vn\/wp-content\/uploads\/2024\/10\/456779158_122099522066492262_9169501532959264325_n-1.jpg 2048w, https:\/\/toyotathuanan.com.vn\/wp-content\/uploads\/2024\/10\/456779158_122099522066492262_9169501532959264325_n-1-394x300.jpg 394w, https:\/\/toyotathuanan.com.vn\/wp-content\/uploads\/2024\/10\/456779158_122099522066492262_9169501532959264325_n-1-1052x800.jpg 1052w, https:\/\/toyotathuanan.com.vn\/wp-content\/uploads\/2024\/10\/456779158_122099522066492262_9169501532959264325_n-1-768x584.jpg 768w, https:\/\/toyotathuanan.com.vn\/wp-content\/uploads\/2024\/10\/456779158_122099522066492262_9169501532959264325_n-1-1536x1169.jpg 1536w, https:\/\/toyotathuanan.com.vn\/wp-content\/uploads\/2024\/10\/456779158_122099522066492262_9169501532959264325_n-1-16x12.jpg 16w, https:\/\/toyotathuanan.com.vn\/wp-content\/uploads\/2024\/10\/456779158_122099522066492262_9169501532959264325_n-1-430x327.jpg 430w, https:\/\/toyotathuanan.com.vn\/wp-content\/uploads\/2024\/10\/456779158_122099522066492262_9169501532959264325_n-1-700x533.jpg 700w, https:\/\/toyotathuanan.com.vn\/wp-content\/uploads\/2024\/10\/456779158_122099522066492262_9169501532959264325_n-1-150x114.jpg 150w\" sizes=\"(max-width: 2048px) 100vw, 2048px\" \/>\t\t\t\t\t\t\t\t\t\t\t\t\t<\/div>\n\t\t\t\t<\/div>\n\t\t\t\t<div class=\"elementor-element elementor-element-ca6a19f elementor-widget elementor-widget-heading\" data-id=\"ca6a19f\" data-element_type=\"widget\" data-widget_type=\"heading.default\">\n\t\t\t\t<div class=\"elementor-widget-container\">\n\t\t\t<h2 class=\"elementor-heading-title elementor-size-default\">C\u00f4ng ty \u00f4 t\u00f4 Toyota Vi\u1ec7t Nam<\/h2>\t\t<\/div>\n\t\t\t\t<\/div>\n\t\t\t\t<div class=\"elementor-element elementor-element-21f0cca color-scheme-inherit text-left elementor-widget elementor-widget-text-editor\" data-id=\"21f0cca\" data-element_type=\"widget\" data-widget_type=\"text-editor.default\">\n\t\t\t\t<div class=\"elementor-widget-container\">\n\t\t\t\t\t\t\t<p>\u0110\u01b0\u1ee3c th\u00e0nh l\u1eadp v\u00e0o th\u00e1ng 9 n\u0103m 1995, l\u00e0 li\u00ean doanh v\u1edbi s\u1ed1 v\u1ed1n \u0111\u1ea7u t\u01b0 ban \u0111\u1ea7u l\u00e0 89,6 tri\u1ec7u USD t\u1eeb T\u1eadp \u0111o\u00e0n Toyota Nh\u1eadt B\u1ea3n (70%), T\u1ed5ng c\u00f4ng ty M\u00e1y \u0110\u1ed9ng L\u1ef1c v\u00e0 M\u00e1y N\u00f4ng Nghi\u1ec7p \u2013 VEAM (20%) v\u00e0 C\u00f4ng ty TNHH KUO Singapore (10%).<\/p><p>L\u00e0 m\u1ed9t trong nh\u1eefng li\u00ean doanh \u00f4 t\u00f4 c\u00f3 m\u1eb7t \u0111\u1ea7u ti\u00ean t\u1ea1i th\u1ecb tr\u01b0\u1eddng Vi\u1ec7t Nam, TMV lu\u00f4n n\u1ed7 l\u1ef1c ph\u00e1t tri\u1ec3n b\u1ec1n v\u1eefng v\u00e0 c\u00f9ng Vi\u1ec7t Nam \u201cTi\u1ebfn t\u1edbi t\u01b0\u01a1ng lai\u201d. TMV \u0111\u00e3, \u0111ang v\u00e0 s\u1ebd kh\u00f4ng ng\u1eebng cung c\u1ea5p nh\u1eefng s\u1ea3n ph\u1ea9m c\u00f3 ch\u1ea5t l\u01b0\u1ee3ng cao v\u00e0 d\u1ecbch v\u1ee5 sau b\u00e1n h\u00e0ng ho\u00e0n h\u1ea3o nh\u1eb1m mang \u0111\u1ebfn s\u1ef1 h\u00e0i l\u00f2ng cao nh\u1ea5t cho kh\u00e1ch h\u00e0ng, c\u0169ng nh\u01b0 \u0111\u00f3ng g\u00f3p t\u00edch c\u1ef1c cho s\u1ef1 ph\u00e1t tri\u1ec3n c\u1ee7a ng\u00e0nh c\u00f4ng nghi\u1ec7p \u00f4 t\u00f4 v\u00e0 \u0111\u1ea5t n\u01b0\u1edbc Vi\u1ec7t Nam.<\/p><p>K\u1ec3 t\u1eeb khi th\u00e0nh l\u1eadp \u0111\u1ebfn nay, TMV \u0111\u00e3 kh\u00f4ng ng\u1eebng l\u1edbn m\u1ea1nh v\u00e0 li\u00ean t\u1ee5c ph\u00e1t tri\u1ec3n kh\u00f4ng ch\u1ec9 v\u1ec1 quy m\u00f4 s\u1ea3n xu\u1ea5t, m\u00e0 c\u1ea3 doanh s\u1ed1 b\u00e1n h\u00e0ng. Hi\u1ec7n t\u1ea1i, TMV lu\u00f4n gi\u1eef v\u1ecb tr\u00ed d\u1eabn \u0111\u1ea7u tr\u00ean th\u1ecb tr\u01b0\u1eddng \u00f4 t\u00f4 Vi\u1ec7t Nam v\u1edbi s\u1ea3n l\u01b0\u1ee3ng nh\u00e0 m\u00e1y c\u1ee7a c\u00f4ng ty \u0111\u1ea1t tr\u00ean 30.000 xe\/n\u0103m (theo 2 ca l\u00e0m vi\u1ec7c). Doanh s\u1ed1 b\u00e1n c\u1ed9ng d\u1ed3n c\u1ee7a TMV \u0111\u1ea1t tr\u00ean 305.799 chi\u1ebfc, v\u00e0 c\u00e1c s\u1ea3n ph\u1ea9m \u0111\u1ec1u chi\u1ebfm th\u1ecb ph\u1ea7n l\u1edbn tr\u00ean th\u1ecb tr\u01b0\u1eddng. T\u1eeb 11 nh\u00e2n vi\u00ean trong ng\u00e0y \u0111\u1ea7u th\u00e0nh l\u1eadp, t\u1edbi nay s\u1ed1 l\u01b0\u1ee3ng c\u00e1n b\u1ed9 c\u00f4ng nh\u00e2n vi\u00ean c\u1ee7a c\u00f4ng ty \u0111\u00e3 l\u00ean t\u1edbi h\u01a1n 1.900 ng\u01b0\u1eddi v\u00e0 h\u01a1n 6.000 nh\u00e2n vi\u00ean l\u00e0m vi\u1ec7c t\u1ea1i h\u1ec7 th\u1ed1ng 41 \u0111\u1ea1i l\u00fd\/chi nh\u00e1nh \u0111\u1ea1i l\u00fd v\u00e0 Tr\u1ea1m d\u1ecbch v\u1ee5 \u1ee7y quy\u1ec1n Toyota ph\u1ee7 r\u1ed9ng kh\u1eafp tr\u00ean c\u1ea3 n\u01b0\u1edbc.<\/p><p>B\u00ean c\u1ea1nh c\u00e1c ho\u1ea1t \u0111\u1ed9ng s\u1ea3n xu\u1ea5t kinh doanh, TMV lu\u00f4n n\u1ed7 l\u1ef1c \u0111\u00f3ng g\u00f3p t\u00edch c\u1ef1c cho Ng\u00e2n s\u00e1ch Nh\u00e0 n\u01b0\u1edbc qua vi\u1ec7c ho\u00e0n th\u00e0nh t\u1ed1t c\u00f4ng t\u00e1c n\u1ed9p thu\u1ebf, c\u0169ng nh\u01b0 g\u00f3p ph\u1ea7n th\u00fac \u0111\u1ea9y s\u1ef1 ph\u00e1t tri\u1ec3n b\u1ec1n v\u1eefng c\u1ee7a c\u1ed9ng \u0111\u1ed3ng v\u00e0 x\u00e3 h\u1ed9i Vi\u1ec7t Nam v\u1edbi nhi\u1ec1u ho\u1ea1t \u0111\u1ed9ng d\u00e0i h\u01a1i, thi\u1ebft th\u1ef1c v\u00e0 c\u00f3 \u00fd ngh\u0129a.<\/p>\t\t\t\t\t\t<\/div>\n\t\t\t\t<\/div>\n\t\t\t\t<\/div>\n\t\t\t\t\t<\/div>\n\t\t\t\t<\/div>\n\t\t<div class=\"wd-negative-gap elementor-element elementor-element-366aa46 e-flex e-con-boxed e-con e-parent\" data-id=\"366aa46\" data-element_type=\"container\">\n\t\t\t\t\t<div class=\"e-con-inner\">\n\t\t<div class=\"elementor-element elementor-element-a6064c2 e-con-full e-flex e-con e-child\" data-id=\"a6064c2\" data-element_type=\"container\">\n\t\t\t\t<div class=\"elementor-element elementor-element-8302283 elementor-widget elementor-widget-image\" data-id=\"8302283\" data-element_type=\"widget\" data-widget_type=\"image.default\">\n\t\t\t\t<div class=\"elementor-widget-container\">\n\t\t\t\t\t\t\t\t\t\t\t\t\t<img decoding=\"async\" width=\"1238\" height=\"629\" src=\"https:\/\/toyotathuanan.com.vn\/wp-content\/uploads\/2026\/03\/TBD.jpg\" class=\"attachment-large size-large wp-image-17895\" alt=\"\" srcset=\"https:\/\/toyotathuanan.com.vn\/wp-content\/uploads\/2026\/03\/TBD.jpg 1238w, https:\/\/toyotathuanan.com.vn\/wp-content\/uploads\/2026\/03\/TBD-400x203.jpg 400w, https:\/\/toyotathuanan.com.vn\/wp-content\/uploads\/2026\/03\/TBD-768x390.jpg 768w, https:\/\/toyotathuanan.com.vn\/wp-content\/uploads\/2026\/03\/TBD-18x9.jpg 18w, https:\/\/toyotathuanan.com.vn\/wp-content\/uploads\/2026\/03\/TBD-430x218.jpg 430w, https:\/\/toyotathuanan.com.vn\/wp-content\/uploads\/2026\/03\/TBD-700x356.jpg 700w, https:\/\/toyotathuanan.com.vn\/wp-content\/uploads\/2026\/03\/TBD-150x76.jpg 150w\" sizes=\"(max-width: 1238px) 100vw, 1238px\" \/>\t\t\t\t\t\t\t\t\t\t\t\t\t<\/div>\n\t\t\t\t<\/div>\n\t\t\t\t<\/div>\n\t\t<div class=\"elementor-element elementor-element-025b8db e-con-full e-flex e-con e-child\" data-id=\"025b8db\" data-element_type=\"container\">\n\t\t\t\t<div class=\"elementor-element elementor-element-81aee3a elementor-widget elementor-widget-heading\" data-id=\"81aee3a\" data-element_type=\"widget\" data-widget_type=\"heading.default\">\n\t\t\t\t<div class=\"elementor-widget-container\">\n\t\t\t<h2 class=\"elementor-heading-title elementor-size-default\">Toyota B\u00ecnh D\u01b0\u01a1ng<\/h2>\t\t<\/div>\n\t\t\t\t<\/div>\n\t\t\t\t<div class=\"elementor-element elementor-element-23880e1 color-scheme-inherit text-left elementor-widget elementor-widget-text-editor\" data-id=\"23880e1\" data-element_type=\"widget\" data-widget_type=\"text-editor.default\">\n\t\t\t\t<div class=\"elementor-widget-container\">\n\t\t\t\t\t\t\t<div class=\"box-gioithieu-title\"><h3 class=\"title xl:text-57px md:text-40px text-34px mb-34px text-black font-semibold\">T\u1ea7m nh\u00ecn s\u1ee9 m\u1ec7nh<\/h3><\/div><div class=\"max-w-970px m-auto text-20px font-400 pb-30px\"><p>Ngay t\u1eeb khi th\u00e0nh l\u1eadp v\u1edbi ph\u01b0\u01a1ng ch\u00e2m \u201cT\u1eadn t\u00e2m chuy\u00ean nghi\u1ec7p &#8211; Ch\u1ea5t l\u01b0\u1ee3ng x\u1ee9ng t\u1ea7m\u201d Toyota B\u00ecnh D\u01b0\u01a1ng \u0111\u00e3 kh\u00f4ng ng\u1eebng n\u1ed7 l\u1ef1c c\u1ea3i ti\u1ebfn ho\u1ea1t \u0111\u1ed9ng nh\u1eb1m cung c\u1ea5p \u0111\u1ebfn kh\u00e1ch h\u00e0ng nh\u1eefng s\u1ea3n ph\u1ea9m \u00f4 t\u00f4 mang th\u01b0\u01a1ng hi\u1ec7u Toyota \u0111a d\u1ea1ng \u0111\u00e1p \u1ee9ng \u0111\u1ea7y \u0111\u1ee7 nhu c\u1ea7u c\u1ee7a th\u1ecb tr\u01b0\u1eddng c\u0169ng nh\u01b0 c\u00e1c d\u1ecbch v\u1ee5 s\u1eeda ch\u1eefa v\u00e0 d\u1ecbch v\u1ee5 ch\u0103m s\u00f3c kh\u00e1ch h\u00e0ng \u0111\u1ea1t ti\u00eau chu\u1ea9n ch\u1ea5t l\u01b0\u1ee3ng cao. T\u1eadn t\u00e2m, chuy\u00ean nghi\u1ec7p kh\u00f4ng ch\u1ec9 l\u00e0 ti\u00eau chu\u1ea9n m\u00e0 c\u00f2n l\u00e0 nh\u1eefng gi\u00e1 tr\u1ecb c\u1ed1t l\u00f5i m\u00e0 ch\u00fang t\u00f4i lu\u00f4n theo \u0111u\u1ed5i v\u1edbi m\u1ee5c ti\u00eau \u0111em \u0111\u1ebfn cho kh\u00e1ch h\u00e0ng s\u1ef1 h\u00e0i l\u00f2ng cao nh\u1ea5t t\u1ea1i t\u1eebng \u0111i\u1ec3m ch\u1ea1m trong to\u00e0n b\u1ed9 h\u00e0nh tr\u00ecnh tr\u1ea3i nghi\u1ec7m kh\u00e1ch h\u00e0ng \u0111\u1ed1i v\u1edbi c\u00e1c s\u1ea3n ph\u1ea9m v\u00e0 d\u1ecbch v\u1ee5 c\u1ee7a Toyota B\u00ecnh D\u01b0\u01a1ng. V\u00e0 \u0111\u1ed3ng h\u00e0nh c\u00f9ng v\u1edbi \u0111\u1ecbnh h\u01b0\u1edbng c\u1ee7a Toyota tr\u00ean to\u00e0n c\u1ea7u l\u00e0 chuy\u1ec3n \u0111\u1ed5i t\u1eeb c\u00f4ng ty s\u1ea3n xu\u1ea5t \u00f4 t\u00f4 sang c\u00f4ng ty cung c\u1ea5p c\u00e1c gi\u1ea3i ph\u00e1p di chuy\u1ec3n Toyota B\u00ecnh D\u01b0\u01a1ng cam k\u1ebft s\u1ebd lu\u00f4n li\u00ean t\u1ee5c c\u1ea3i ti\u1ebfn t\u1ea5t c\u1ea3 c\u00e1c ho\u1ea1t \u0111\u1ed9ng c\u1ee7a m\u00ecnh \u0111\u1ec3 h\u01b0\u1edbng t\u1edbi s\u1ee9 m\u1ec7nh \u201cCung c\u1ea5p \u0111\u1ebfn kh\u00e1ch h\u00e0ng c\u00e1c gi\u1ea3i ph\u00e1p di chuy\u1ec3n v\u00e0 c\u00e1c d\u1ecbch v\u1ee5 li\u00ean quan ng\u00e0y c\u00e0ng t\u1ed1t h\u01a1n th\u00f4ng qua \u0111\u00f3 \u0111em l\u1ea1i m\u1ed9t cu\u1ed9c s\u1ed1ng t\u1ed1t \u0111\u1eb9p h\u01a1n cho t\u1ea5t c\u1ea3 m\u1ecdi ng\u01b0\u1eddi\u201d. \u00a0<\/p><\/div><p>\u00a0<\/p>\t\t\t\t\t\t<\/div>\n\t\t\t\t<\/div>\n\t\t\t\t<\/div>\n\t\t\t\t\t<\/div>\n\t\t\t\t<\/div>\n\t\t<div class=\"wd-negative-gap elementor-element elementor-element-c227897 e-flex e-con-boxed e-con e-parent\" data-id=\"c227897\" data-element_type=\"container\">\n\t\t\t\t\t<div class=\"e-con-inner\">\n\t\t<div class=\"elementor-element elementor-element-4aa41b3 e-con-full e-flex e-con e-child\" data-id=\"4aa41b3\" data-element_type=\"container\">\n\t\t\t\t<div class=\"elementor-element elementor-element-c7fc418 elementor-widget elementor-widget-heading\" data-id=\"c7fc418\" data-element_type=\"widget\" data-widget_type=\"heading.default\">\n\t\t\t\t<div class=\"elementor-widget-container\">\n\t\t\t<h2 class=\"elementor-heading-title elementor-size-default\">Anh ch\u1ecb c\u1ea7n t\u01b0 v\u1ea5n, h\u00e3y li\u00ean h\u1ec7 Nam Th\u01b0\u01a1ng<\/h2>\t\t<\/div>\n\t\t\t\t<\/div>\n\t\t\t\t<div class=\"elementor-element elementor-element-f848730 elementor-icon-list--layout-traditional elementor-list-item-link-full_width elementor-widget elementor-widget-icon-list\" data-id=\"f848730\" data-element_type=\"widget\" data-widget_type=\"icon-list.default\">\n\t\t\t\t<div class=\"elementor-widget-container\">\n\t\t\t\t\t<ul class=\"elementor-icon-list-items\">\n\t\t\t\t\t\t\t<li class=\"elementor-icon-list-item\">\n\t\t\t\t\t\t\t\t\t\t\t<a href=\"tel:0355293334\">\n\n\t\t\t\t\t\t\t\t\t\t\t<span class=\"elementor-icon-list-text\">\u0110i\u1ec7n tho\u1ea1i: 035 529 3334<\/span>\n\t\t\t\t\t\t\t\t\t\t\t<\/a>\n\t\t\t\t\t\t\t\t\t<\/li>\n\t\t\t\t\t\t\t\t<li class=\"elementor-icon-list-item\">\n\t\t\t\t\t\t\t\t\t\t\t<a href=\"https:\/\/m.me\/61564192847940\" target=\"_blank\">\n\n\t\t\t\t\t\t\t\t\t\t\t<span class=\"elementor-icon-list-text\">Facebook: Nam Th\u01b0\u01a1ng<\/span>\n\t\t\t\t\t\t\t\t\t\t\t<\/a>\n\t\t\t\t\t\t\t\t\t<\/li>\n\t\t\t\t\t\t<\/ul>\n\t\t\t\t<\/div>\n\t\t\t\t<\/div>\n\t\t\t\t<\/div>\n\t\t<div class=\"elementor-element elementor-element-98218f6 e-con-full e-flex e-con e-child\" data-id=\"98218f6\" data-element_type=\"container\">\n\t\t\t\t<div class=\"elementor-element elementor-element-b8e1976 elementor-arrows-position-inside elementor-widget elementor-widget-image-carousel\" data-id=\"b8e1976\" data-element_type=\"widget\" data-settings=\"{&quot;slides_to_show&quot;:&quot;1&quot;,&quot;navigation&quot;:&quot;arrows&quot;,&quot;autoplay&quot;:&quot;yes&quot;,&quot;pause_on_hover&quot;:&quot;yes&quot;,&quot;pause_on_interaction&quot;:&quot;yes&quot;,&quot;autoplay_speed&quot;:5000,&quot;infinite&quot;:&quot;yes&quot;,&quot;effect&quot;:&quot;slide&quot;,&quot;speed&quot;:500}\" data-widget_type=\"image-carousel.default\">\n\t\t\t\t<div class=\"elementor-widget-container\">\n\t\t\t\t\t<div class=\"elementor-image-carousel-wrapper swiper\" dir=\"ltr\">\n\t\t\t<div class=\"elementor-image-carousel swiper-wrapper\" aria-live=\"off\">\n\t\t\t\t\t\t\t\t<div class=\"swiper-slide\" role=\"group\" aria-roledescription=\"slide\" aria-label=\"1 of 3\"><figure class=\"swiper-slide-inner\"><img decoding=\"async\" class=\"swiper-slide-image\" src=\"https:\/\/toyotathuanan.com.vn\/wp-content\/uploads\/elementor\/thumbs\/456582611_122097050882492262_6241395637848316249_n-ra4190j3a13r3vbk2f9cp5wbzl3x9ee2vf0y7zzncw.jpg\" alt=\"\" \/><\/figure><\/div><div class=\"swiper-slide\" role=\"group\" aria-roledescription=\"slide\" aria-label=\"2 of 3\"><figure class=\"swiper-slide-inner\"><img decoding=\"async\" class=\"swiper-slide-image\" src=\"https:\/\/toyotathuanan.com.vn\/wp-content\/uploads\/elementor\/thumbs\/455757629_122097053354492262_7560162941088309841_n-ra4190j3a13r3vbk2f9cp5wbzl3x9ee2vf0y7zzncw.jpg\" alt=\"\" \/><\/figure><\/div><div class=\"swiper-slide\" role=\"group\" aria-roledescription=\"slide\" aria-label=\"3 of 3\"><figure class=\"swiper-slide-inner\"><img decoding=\"async\" class=\"swiper-slide-image\" src=\"https:\/\/toyotathuanan.com.vn\/wp-content\/uploads\/elementor\/thumbs\/463370344_122119639766492262_4491631247266395984_n-ra4191gxgv51fha6wxnz9nnskyzah3ht7jofp9y96o.jpg\" alt=\"\" \/><\/figure><\/div>\t\t\t<\/div>\n\t\t\t\t\t\t\t\t\t\t\t\t<div class=\"elementor-swiper-button elementor-swiper-button-prev\" role=\"button\" tabindex=\"0\">\n\t\t\t\t\t\t<i aria-hidden=\"true\" class=\"eicon-chevron-left\"><\/i>\t\t\t\t\t<\/div>\n\t\t\t\t\t<div class=\"elementor-swiper-button elementor-swiper-button-next\" role=\"button\" tabindex=\"0\">\n\t\t\t\t\t\t<i aria-hidden=\"true\" class=\"eicon-chevron-right\"><\/i>\t\t\t\t\t<\/div>\n\t\t\t\t\n\t\t\t\t\t\t\t\t\t<\/div>\n\t\t\t\t<\/div>\n\t\t\t\t<\/div>\n\t\t\t\t<\/div>\n\t\t\t\t\t<\/div>\n\t\t\t\t<\/div>\n\t\t<div class=\"wd-negative-gap elementor-element elementor-element-f71e1aa e-flex e-con-boxed e-con e-parent\" data-id=\"f71e1aa\" data-element_type=\"container\">\n\t\t\t\t\t<div class=\"e-con-inner\">\n\t\t\t\t<div class=\"elementor-element elementor-element-dff0bd6 elementor-widget elementor-widget-heading\" data-id=\"dff0bd6\" data-element_type=\"widget\" data-widget_type=\"heading.default\">\n\t\t\t\t<div class=\"elementor-widget-container\">\n\t\t\t<h2 class=\"elementor-heading-title elementor-size-default\">S\u1ea3n ph\u1ea9m \u2013 D\u1ecbch v\u1ee5 c\u1ee7a ch\u00fang t\u00f4i<\/h2>\t\t<\/div>\n\t\t\t\t<\/div>\n\t\t\t\t<div class=\"elementor-element elementor-element-0c2db00 text-center color-scheme-inherit elementor-widget elementor-widget-text-editor\" data-id=\"0c2db00\" data-element_type=\"widget\" data-widget_type=\"text-editor.default\">\n\t\t\t\t<div class=\"elementor-widget-container\">\n\t\t\t\t\t\t\t<p>Toyota B\u00ecnh D\u01b0\u01a1ng ho\u1ea1t \u0111\u1ed9ng k\u1ebft h\u1ee3p 4 ch\u1ee9c n\u0103ng: B\u00e1n h\u00e0ng, b\u1ea3o d\u01b0\u1ee1ng, s\u1eeda ch\u1eefa v\u00e0 Cung c\u1ea5p ph\u1ee5 t\u00f9ng ch\u00ednh h\u00e3ng th\u00e0nh m\u1ed9t h\u1ec7 th\u1ed1ng th\u1ed1ng nh\u1ea5t. M\u1ee5c \u0111\u00edch kinh doanh c\u1ee7a C\u00f4ng ty ch\u00fang t\u00f4i l\u00e0 \u201cChuy\u00ean nghi\u1ec7p t\u1eadn t\u00e2m \u2013 ch\u1ea5t l\u01b0\u1ee3ng x\u1ee9ng t\u1ea7m\u201d.<\/p>\t\t\t\t\t\t<\/div>\n\t\t\t\t<\/div>\n\t\t\t\t\t<\/div>\n\t\t\t\t<\/div>\n\t\t<div class=\"wd-negative-gap elementor-element elementor-element-90469db e-flex e-con-boxed e-con e-parent\" data-id=\"90469db\" data-element_type=\"container\">\n\t\t\t\t\t<div class=\"e-con-inner\">\n\t\t<div class=\"elementor-element elementor-element-fbfdf1e e-con-full e-flex e-con e-child\" data-id=\"fbfdf1e\" data-element_type=\"container\">\n\t\t\t\t<div class=\"elementor-element elementor-element-e9e2610 elementor-position-top elementor-widget elementor-widget-image-box\" data-id=\"e9e2610\" data-element_type=\"widget\" data-widget_type=\"image-box.default\">\n\t\t\t\t<div class=\"elementor-widget-container\">\n\t\t\t<div class=\"elementor-image-box-wrapper\"><figure class=\"elementor-image-box-img\"><img decoding=\"async\" width=\"255\" height=\"148\" src=\"https:\/\/toyotathuanan.com.vn\/wp-content\/uploads\/2024\/10\/ban-hang-16455166581.png\" class=\"attachment-full size-full wp-image-16135\" alt=\"\" srcset=\"https:\/\/toyotathuanan.com.vn\/wp-content\/uploads\/2024\/10\/ban-hang-16455166581.png 255w, https:\/\/toyotathuanan.com.vn\/wp-content\/uploads\/2024\/10\/ban-hang-16455166581-18x10.png 18w, https:\/\/toyotathuanan.com.vn\/wp-content\/uploads\/2024\/10\/ban-hang-16455166581-150x87.png 150w\" sizes=\"(max-width: 255px) 100vw, 255px\" \/><\/figure><div class=\"elementor-image-box-content\"><h3 class=\"elementor-image-box-title\">B\u00c1N H\u00c0NG<\/h3><p class=\"elementor-image-box-description\">Ch\u00fang t\u00f4i mang \u0111\u1ebfn d\u1ecbch v\u1ee5 t\u01b0 v\u1ea5n, h\u1ed7 tr\u1ee3, b\u00e1o gi\u00e1 nhanh c\u00e1c d\u00f2ng xe b\u1ea1n quan t\u00e2m<\/p><\/div><\/div>\t\t<\/div>\n\t\t\t\t<\/div>\n\t\t\t\t<\/div>\n\t\t<div class=\"elementor-element elementor-element-6640ebf e-con-full e-flex e-con e-child\" data-id=\"6640ebf\" data-element_type=\"container\">\n\t\t\t\t<div class=\"elementor-element elementor-element-cf50e65 elementor-position-top elementor-widget elementor-widget-image-box\" data-id=\"cf50e65\" data-element_type=\"widget\" data-widget_type=\"image-box.default\">\n\t\t\t\t<div class=\"elementor-widget-container\">\n\t\t\t<div class=\"elementor-image-box-wrapper\"><figure class=\"elementor-image-box-img\"><img loading=\"lazy\" decoding=\"async\" width=\"255\" height=\"148\" src=\"https:\/\/toyotathuanan.com.vn\/wp-content\/uploads\/2024\/10\/dich-vu-16455166871.png\" class=\"attachment-full size-full wp-image-16136\" alt=\"\" srcset=\"https:\/\/toyotathuanan.com.vn\/wp-content\/uploads\/2024\/10\/dich-vu-16455166871.png 255w, https:\/\/toyotathuanan.com.vn\/wp-content\/uploads\/2024\/10\/dich-vu-16455166871-18x10.png 18w, https:\/\/toyotathuanan.com.vn\/wp-content\/uploads\/2024\/10\/dich-vu-16455166871-150x87.png 150w\" sizes=\"(max-width: 255px) 100vw, 255px\" \/><\/figure><div class=\"elementor-image-box-content\"><h3 class=\"elementor-image-box-title\">D\u1ecaCH V\u1ee4<\/h3><p class=\"elementor-image-box-description\">Gi\u1eef cho chi\u1ebfc xe c\u1ee7a b\u1ea1n lu\u00f4n trong t\u00ecnh tr\u1ea1ng ho\u00e0n h\u1ea3o v\u1edbi d\u1ecbch v\u1ee5 b\u1ea3o d\u01b0\u1ee1ng<\/p><\/div><\/div>\t\t<\/div>\n\t\t\t\t<\/div>\n\t\t\t\t<\/div>\n\t\t<div class=\"elementor-element elementor-element-798072c e-con-full e-flex e-con e-child\" data-id=\"798072c\" data-element_type=\"container\">\n\t\t\t\t<div class=\"elementor-element elementor-element-f964138 elementor-position-top elementor-widget elementor-widget-image-box\" data-id=\"f964138\" data-element_type=\"widget\" data-widget_type=\"image-box.default\">\n\t\t\t\t<div class=\"elementor-widget-container\">\n\t\t\t<div class=\"elementor-image-box-wrapper\"><figure class=\"elementor-image-box-img\"><img loading=\"lazy\" decoding=\"async\" width=\"255\" height=\"148\" src=\"https:\/\/toyotathuanan.com.vn\/wp-content\/uploads\/2024\/10\/dich-vu-gia-tang-16455167101.png\" class=\"attachment-full size-full wp-image-16137\" alt=\"\" srcset=\"https:\/\/toyotathuanan.com.vn\/wp-content\/uploads\/2024\/10\/dich-vu-gia-tang-16455167101.png 255w, https:\/\/toyotathuanan.com.vn\/wp-content\/uploads\/2024\/10\/dich-vu-gia-tang-16455167101-18x10.png 18w, https:\/\/toyotathuanan.com.vn\/wp-content\/uploads\/2024\/10\/dich-vu-gia-tang-16455167101-150x87.png 150w\" sizes=\"(max-width: 255px) 100vw, 255px\" \/><\/figure><div class=\"elementor-image-box-content\"><h3 class=\"elementor-image-box-title\">D\u1ecaCH V\u1ee4 GIA T\u0102NG<\/h3><p class=\"elementor-image-box-description\">C\u00f9ng h\u1ec7 th\u1ed1ng m\u00e1y hi\u1ec7n \u0111\u1ea1i v\u00e0 c\u00f4ng ngh\u1ec7 ti\u00ean ti\u1ebfn gi\u00fap mang \u0111\u1ebfn d\u1ecbch v\u1ee5 s\u1eeda ch\u1eefa tin c\u1eady.<\/p><\/div><\/div>\t\t<\/div>\n\t\t\t\t<\/div>\n\t\t\t\t<\/div>\n\t\t<div class=\"elementor-element elementor-element-c69b82c e-con-full e-flex e-con e-child\" data-id=\"c69b82c\" data-element_type=\"container\">\n\t\t\t\t<div class=\"elementor-element elementor-element-5495be0 elementor-position-top elementor-widget elementor-widget-image-box\" data-id=\"5495be0\" data-element_type=\"widget\" data-widget_type=\"image-box.default\">\n\t\t\t\t<div class=\"elementor-widget-container\">\n\t\t\t<div class=\"elementor-image-box-wrapper\"><figure class=\"elementor-image-box-img\"><img loading=\"lazy\" decoding=\"async\" width=\"255\" height=\"148\" src=\"https:\/\/toyotathuanan.com.vn\/wp-content\/uploads\/2024\/10\/phu-tung-phu-kien-16455167301.png\" class=\"attachment-full size-full wp-image-16138\" alt=\"\" srcset=\"https:\/\/toyotathuanan.com.vn\/wp-content\/uploads\/2024\/10\/phu-tung-phu-kien-16455167301.png 255w, https:\/\/toyotathuanan.com.vn\/wp-content\/uploads\/2024\/10\/phu-tung-phu-kien-16455167301-18x10.png 18w, https:\/\/toyotathuanan.com.vn\/wp-content\/uploads\/2024\/10\/phu-tung-phu-kien-16455167301-150x87.png 150w\" sizes=\"(max-width: 255px) 100vw, 255px\" \/><\/figure><div class=\"elementor-image-box-content\"><h3 class=\"elementor-image-box-title\">PH\u1ee4 T\u00d9NG PH\u1ee4 KI\u1ec6N<\/h3><p class=\"elementor-image-box-description\">Cung c\u1ea5p to\u00e0n b\u1ed9 ph\u1ee5 t\u00f9ng, ph\u1ee5 ki\u1ec7n thay th\u1ebf ch\u00ednh h\u00e3ng c\u1ee7a Toyota.<\/p><\/div><\/div>\t\t<\/div>\n\t\t\t\t<\/div>\n\t\t\t\t<\/div>\n\t\t\t\t\t<\/div>\n\t\t\t\t<\/div>\n\t\t<div class=\"wd-negative-gap elementor-element elementor-element-819819a e-flex e-con-boxed e-con e-parent\" data-id=\"819819a\" data-element_type=\"container\">\n\t\t\t\t\t<div class=\"e-con-inner\">\n\t\t<div class=\"elementor-element elementor-element-9307010 e-con-full e-flex e-con e-child\" data-id=\"9307010\" data-element_type=\"container\">\n\t\t\t\t<div class=\"elementor-element elementor-element-2e262d8 elementor-widget elementor-widget-image\" data-id=\"2e262d8\" data-element_type=\"widget\" data-widget_type=\"image.default\">\n\t\t\t\t<div class=\"elementor-widget-container\">\n\t\t\t\t\t\t\t\t\t\t\t\t\t<img decoding=\"async\" src=\"https:\/\/toyotathuanan.com.vn\/wp-content\/plugins\/elementor\/assets\/images\/placeholder.png\" title=\"\" alt=\"\" loading=\"lazy\" \/>\t\t\t\t\t\t\t\t\t\t\t\t\t<\/div>\n\t\t\t\t<\/div>\n\t\t\t\t<\/div>\n\t\t<div class=\"elementor-element elementor-element-bdd97bc e-con-full e-flex e-con e-child\" data-id=\"bdd97bc\" data-element_type=\"container\">\n\t\t\t\t<div class=\"elementor-element elementor-element-6f0fe31 elementor-widget elementor-widget-heading\" data-id=\"6f0fe31\" data-element_type=\"widget\" data-widget_type=\"heading.default\">\n\t\t\t\t<div class=\"elementor-widget-container\">\n\t\t\t<h2 class=\"elementor-heading-title elementor-size-default\">Th\u00eam ti\u00eau \u0111\u1ec1 c\u1ee7a b\u1ea1n \u1edf \u0111\u00e2y<\/h2>\t\t<\/div>\n\t\t\t\t<\/div>\n\t\t\t\t<\/div>\n\t\t<div class=\"elementor-element elementor-element-6ce874c e-con-full e-flex e-con e-child\" data-id=\"6ce874c\" data-element_type=\"container\">\n\t\t\t\t<\/div>\n\t\t<div class=\"elementor-element elementor-element-8bc1bf7 e-con-full e-flex e-con e-child\" data-id=\"8bc1bf7\" data-element_type=\"container\">\n\t\t\t\t<\/div>\n\t\t\t\t\t<\/div>\n\t\t\t\t<\/div>\n\t\t\t\t<\/div>","protected":false},"excerpt":{"rendered":"<p>C\u00f4ng ty \u00f4 t\u00f4 Toyota Vi\u1ec7t Nam \u0110\u01b0\u1ee3c th\u00e0nh l\u1eadp v\u00e0o th\u00e1ng 9 n\u0103m 1995, l\u00e0 li\u00ean doanh v\u1edbi s\u1ed1<\/p>","protected":false},"author":2,"featured_media":0,"parent":0,"menu_order":2,"comment_status":"closed","ping_status":"closed","template":"elementor_header_footer","meta":{"footnotes":""},"class_list":["post-16084","page","type-page","status-publish","hentry"],"_links":{"self":[{"href":"https:\/\/toyotathuanan.com.vn\/en\/wp-json\/wp\/v2\/pages\/16084","targetHints":{"allow":["GET"]}}],"collection":[{"href":"https:\/\/toyotathuanan.com.vn\/en\/wp-json\/wp\/v2\/pages"}],"about":[{"href":"https:\/\/toyotathuanan.com.vn\/en\/wp-json\/wp\/v2\/types\/page"}],"author":[{"embeddable":true,"href":"https:\/\/toyotathuanan.com.vn\/en\/wp-json\/wp\/v2\/users\/2"}],"replies":[{"embeddable":true,"href":"https:\/\/toyotathuanan.com.vn\/en\/wp-json\/wp\/v2\/comments?post=16084"}],"version-history":[{"count":31,"href":"https:\/\/toyotathuanan.com.vn\/en\/wp-json\/wp\/v2\/pages\/16084\/revisions"}],"predecessor-version":[{"id":17898,"href":"https:\/\/toyotathuanan.com.vn\/en\/wp-json\/wp\/v2\/pages\/16084\/revisions\/17898"}],"wp:attachment":[{"href":"https:\/\/toyotathuanan.com.vn\/en\/wp-json\/wp\/v2\/media?parent=16084"}],"curies":[{"name":"wp","href":"https:\/\/api.w.org\/{rel}","templated":true}]}}